{"id":41192,"date":"2026-03-31T17:37:07","date_gmt":"2026-03-31T14:37:07","guid":{"rendered":"https:\/\/www.gasia.com.tr\/?post_type=product&#038;p=41192"},"modified":"2026-04-16T10:22:14","modified_gmt":"2026-04-16T07:22:14","slug":"pirlanta-tasli-altin-kelebek-kupe","status":"publish","type":"product","link":"https:\/\/www.gasia.com.tr\/en\/collections\/pirlanta-tasli-altin-kelebek-kupe\/","title":{"rendered":"P\u0131rlanta Ta\u015fl\u0131 Alt\u0131n Kelebek K\u00fcpe"},"content":{"rendered":"<p data-start=\"94\" data-end=\"363\">Zarafetin ve d\u00f6n\u00fc\u015f\u00fcm\u00fcn simgesi kelebek formu, bu \u00f6zel tasar\u0131m k\u00fcpede p\u0131rlantalar\u0131n \u0131\u015f\u0131lt\u0131s\u0131yla hayat buluyor. Alt\u0131n zemin \u00fczerine \u00f6zenle yerle\u015ftirilmi\u015f p\u0131rlantalar, kelebek kanatlar\u0131nda g\u00f6z al\u0131c\u0131 bir parlakl\u0131k yarat\u0131rken tasar\u0131ma feminen ve zarif bir dokunu\u015f kat\u0131yor.<\/p>\n<p data-start=\"365\" data-end=\"552\">Minimal boyutu sayesinde g\u00fcnl\u00fck kullan\u0131ma uygun olan bu k\u00fcpe, ayn\u0131 zamanda \u015f\u0131k kombinlerin vazge\u00e7ilmez tamamlay\u0131c\u0131s\u0131d\u0131r. I\u015f\u0131lt\u0131l\u0131 ve modern duru\u015fuyla stilinize sofistike bir hava katar.<\/p>","protected":false},"excerpt":{"rendered":"<ul>\n<li>18 Ayar Alt\u0131n<\/li>\n<li>0.70 ct P\u0131rlanta<\/li>\n<\/ul>","protected":false},"featured_media":41193,"comment_status":"open","ping_status":"closed","template":"","meta":[],"product_brand":[],"product_cat":[74],"product_tag":[1713,2470,2571,1574,1715,1595,429,1655,1714,1543,395,2469,1668,2392,1537,374,375,815,378],"class_list":{"0":"post-41192","1":"product","2":"type-product","3":"status-publish","4":"has-post-thumbnail","6":"product_cat-kupe-modelleri","7":"product_tag-altin-kupe","8":"product_tag-butterfly-earrings","9":"product_tag-dainty-earrings","10":"product_tag-designer-earrings","11":"product_tag-diamond-earrings","12":"product_tag-elegant-earrings","13":"product_tag-everyday-jewelry","14":"product_tag-fine-jewelry","15":"product_tag-gold-earrings","16":"product_tag-gunluk-kupe","17":"product_tag-kadin-kupe","18":"product_tag-kelebek-kupe","19":"product_tag-luxury-jewelry","20":"product_tag-minimal-earrings","21":"product_tag-minimal-kupe","22":"product_tag-pirlanta-kupe","23":"product_tag-sik-kupe","24":"product_tag-tasarim-kupe","25":"product_tag-zarif-kupe","26":"pa_cinsiyet-kadin","28":"first","29":"instock","30":"shipping-taxable","31":"purchasable","32":"product-type-simple"},"_links":{"self":[{"href":"https:\/\/www.gasia.com.tr\/en\/wp-json\/wp\/v2\/product\/41192","targetHints":{"allow":["GET"]}}],"collection":[{"href":"https:\/\/www.gasia.com.tr\/en\/wp-json\/wp\/v2\/product"}],"about":[{"href":"https:\/\/www.gasia.com.tr\/en\/wp-json\/wp\/v2\/types\/product"}],"replies":[{"embeddable":true,"href":"https:\/\/www.gasia.com.tr\/en\/wp-json\/wp\/v2\/comments?post=41192"}],"version-history":[{"count":3,"href":"https:\/\/www.gasia.com.tr\/en\/wp-json\/wp\/v2\/product\/41192\/revisions"}],"predecessor-version":[{"id":41979,"href":"https:\/\/www.gasia.com.tr\/en\/wp-json\/wp\/v2\/product\/41192\/revisions\/41979"}],"wp:featuredmedia":[{"embeddable":true,"href":"https:\/\/www.gasia.com.tr\/en\/wp-json\/wp\/v2\/media\/41193"}],"wp:attachment":[{"href":"https:\/\/www.gasia.com.tr\/en\/wp-json\/wp\/v2\/media?parent=41192"}],"wp:term":[{"taxonomy":"product_brand","embeddable":true,"href":"https:\/\/www.gasia.com.tr\/en\/wp-json\/wp\/v2\/product_brand?post=41192"},{"taxonomy":"product_cat","embeddable":true,"href":"https:\/\/www.gasia.com.tr\/en\/wp-json\/wp\/v2\/product_cat?post=41192"},{"taxonomy":"product_tag","embeddable":true,"href":"https:\/\/www.gasia.com.tr\/en\/wp-json\/wp\/v2\/product_tag?post=41192"}],"curies":[{"name":"wp","href":"https:\/\/api.w.org\/{rel}","templated":true}]}}