{"id":41195,"date":"2026-01-11T17:42:16","date_gmt":"2026-01-11T14:42:16","guid":{"rendered":"https:\/\/www.gasia.com.tr\/?post_type=product&#038;p=41195"},"modified":"2026-04-07T13:54:16","modified_gmt":"2026-04-07T10:54:16","slug":"damla-form-nazar-goz-detayli-altin-kolye","status":"publish","type":"product","link":"https:\/\/www.gasia.com.tr\/en\/collections\/damla-form-nazar-goz-detayli-altin-kolye\/","title":{"rendered":"Damla Form Nazar G\u00f6z Detayl\u0131 Alt\u0131n Kolye"},"content":{"rendered":"<p data-start=\"101\" data-end=\"315\">Damla formuyla tasarlanan bu zarif kolye, merkezindeki mavi nazar g\u00f6z detay\u0131yla dikkat \u00e7ekici bir g\u00f6r\u00fcn\u00fcm sunar. Alt\u0131n \u00e7er\u00e7eve ve etraf\u0131n\u0131 saran ta\u015f detaylar\u0131, tasar\u0131ma \u0131\u015f\u0131lt\u0131l\u0131 ve dengeli bir dokunu\u015f kazand\u0131r\u0131r.<\/p>\n<p data-start=\"317\" data-end=\"560\">Beyaz zemin \u00fczerine yerle\u015ftirilen canl\u0131 mavi g\u00f6z motifi, kolyeye hem estetik hem de anlam y\u00fckl\u00fc bir karakter verir. G\u00fcnl\u00fck kullan\u0131mdan \u00f6zel kombinlere kadar farkl\u0131 stillerle kolayca uyum sa\u011flayan bu tasar\u0131m, sade ama etkili bir \u015f\u0131kl\u0131k sunar.<\/p>","protected":false},"excerpt":{"rendered":"<p>Damla formuyla tasarlanan bu zarif kolye, merkezindeki mavi nazar g\u00f6z detay\u0131yla dikkat \u00e7ekici bir g\u00f6r\u00fcn\u00fcm sunar. Alt\u0131n \u00e7er\u00e7eve ve etraf\u0131n\u0131<\/p>","protected":false},"featured_media":41196,"comment_status":"open","ping_status":"closed","template":"","meta":[],"product_brand":[2718,2719],"product_cat":[247,75,198],"product_tag":[278,1328,1824,633,1637,1996,726,811,322,2673,473,2952,2937,273,280,2943,474,2679,329,2953],"class_list":{"0":"post-41195","1":"product","2":"type-product","3":"status-publish","4":"has-post-thumbnail","6":"product_brand-gasia-casuals","7":"product_brand-gasia-protect","8":"product_cat-hediyelik","9":"product_cat-kolye","10":"product_cat-eye-collection","11":"product_tag-altin-kolye","12":"product_tag-blue-eye-necklace","13":"product_tag-damla-kolye","14":"product_tag-designer-necklace","15":"product_tag-elegant-necklace","16":"product_tag-everyday-necklace","17":"product_tag-evil-eye-necklace","18":"product_tag-gemstone-necklace","19":"product_tag-gold-necklace","20":"product_tag-goz-kolye","21":"product_tag-kadin-kolye","22":"product_tag-mavi-detay-kolye","23":"product_tag-minimal-jewelry","24":"product_tag-minimal-kolye","25":"product_tag-nazar-kolye","26":"product_tag-sembolik-taki","27":"product_tag-sik-kolye","28":"product_tag-symbolic-jewelry","29":"product_tag-tasli-kolye","30":"product_tag-teardrop-necklace","31":"pa_cinsiyet-kadin","33":"first","34":"instock","35":"shipping-taxable","36":"product-type-simple"},"_links":{"self":[{"href":"https:\/\/www.gasia.com.tr\/en\/wp-json\/wp\/v2\/product\/41195","targetHints":{"allow":["GET"]}}],"collection":[{"href":"https:\/\/www.gasia.com.tr\/en\/wp-json\/wp\/v2\/product"}],"about":[{"href":"https:\/\/www.gasia.com.tr\/en\/wp-json\/wp\/v2\/types\/product"}],"replies":[{"embeddable":true,"href":"https:\/\/www.gasia.com.tr\/en\/wp-json\/wp\/v2\/comments?post=41195"}],"version-history":[{"count":1,"href":"https:\/\/www.gasia.com.tr\/en\/wp-json\/wp\/v2\/product\/41195\/revisions"}],"predecessor-version":[{"id":41197,"href":"https:\/\/www.gasia.com.tr\/en\/wp-json\/wp\/v2\/product\/41195\/revisions\/41197"}],"wp:featuredmedia":[{"embeddable":true,"href":"https:\/\/www.gasia.com.tr\/en\/wp-json\/wp\/v2\/media\/41196"}],"wp:attachment":[{"href":"https:\/\/www.gasia.com.tr\/en\/wp-json\/wp\/v2\/media?parent=41195"}],"wp:term":[{"taxonomy":"product_brand","embeddable":true,"href":"https:\/\/www.gasia.com.tr\/en\/wp-json\/wp\/v2\/product_brand?post=41195"},{"taxonomy":"product_cat","embeddable":true,"href":"https:\/\/www.gasia.com.tr\/en\/wp-json\/wp\/v2\/product_cat?post=41195"},{"taxonomy":"product_tag","embeddable":true,"href":"https:\/\/www.gasia.com.tr\/en\/wp-json\/wp\/v2\/product_tag?post=41195"}],"curies":[{"name":"wp","href":"https:\/\/api.w.org\/{rel}","templated":true}]}}