{"id":41200,"date":"2026-03-05T00:00:00","date_gmt":"2026-03-04T21:00:00","guid":{"rendered":"https:\/\/www.gasia.com.tr\/?post_type=product&#038;p=41200"},"modified":"2026-04-02T15:53:19","modified_gmt":"2026-04-02T12:53:19","slug":"fatima-ana-eli-motifli-nazar-boncuklu-altin-kolye","status":"publish","type":"product","link":"https:\/\/www.gasia.com.tr\/en\/collections\/fatima-ana-eli-motifli-nazar-boncuklu-altin-kolye\/","title":{"rendered":"Fatima Ana Eli Motifli Nazar Boncuklu Alt\u0131n Kolye"},"content":{"rendered":"<p data-start=\"109\" data-end=\"434\">Koruyucu sembollerin zarafetle bulu\u015ftu\u011fu bu \u00f6zel tasar\u0131m kolye, Fatma Ana Eli (Hamsa) motifi ve nazar g\u00f6z\u00fc detay\u0131yla anlam ve esteti\u011fi bir araya getiriyor. Alt\u0131n y\u00fczey \u00fczerine i\u015flenen motif, ortas\u0131ndaki mavi nazar g\u00f6z\u00fc ile g\u00fc\u00e7l\u00fc bir sembolik ifade sunarken, \u00e7evresindeki ta\u015f detaylar\u0131 tasar\u0131ma sofistike bir \u0131\u015f\u0131lt\u0131 kat\u0131yor.<\/p>\n<p data-start=\"436\" data-end=\"670\">Geleneksel anlam\u0131 modern tasar\u0131mla bulu\u015fturan bu kolye, hem \u015f\u0131k bir aksesuar hem de koruyucu bir sembol olarak \u00f6ne \u00e7\u0131kar. G\u00fcnl\u00fck kullan\u0131mda stilinize anlam katarken, \u00f6zel g\u00fcnlerde de dikkat \u00e7ekici bir par\u00e7a olarak tercih edilebilir.<\/p>\n<ul>\n<li data-start=\"436\" data-end=\"670\">Fat\u0131ma&#8217;n\u0131n Eli (Fatma Ana Eli) kolye , \u0130slam k\u00fclt\u00fcr\u00fcnde \u00e7ok yayg\u0131n bir sembold\u00fcr ve genellikle nazar, k\u00f6t\u00fc enerjilerden korunma, bereket, \u015fans ve sab\u0131r ile ili\u015fkilendirilir. Arap\u00e7a&#8217;da Hamsa (be\u015f anlam\u0131na gelir) olarak da bilinir ve a\u00e7\u0131k bir el \u015feklinde tasvir edilir.<\/li>\n<\/ul>","protected":false},"excerpt":{"rendered":"<ul>\n<li>14 Ayar Alt\u0131n<\/li>\n<li>925 Ayar Okside G\u00fcm\u00fc\u015f<\/li>\n<li>0,30 ct 66 adet Mavi P\u0131rlanta<\/li>\n<\/ul>","protected":false},"featured_media":41201,"comment_status":"open","ping_status":"closed","template":"","meta":[],"product_brand":[2718,2719],"product_cat":[247,75,198],"product_tag":[278,1089,633,726,747,1655,322,749,744,473,1668,281,280,729,2943,474,2593,2679],"class_list":{"0":"post-41200","1":"product","2":"type-product","3":"status-publish","4":"has-post-thumbnail","6":"product_brand-gasia-casuals","7":"product_brand-gasia-protect","8":"product_cat-hediyelik","9":"product_cat-kolye","10":"product_cat-eye-collection","11":"product_tag-altin-kolye","12":"product_tag-anlamli-kolye","13":"product_tag-designer-necklace","14":"product_tag-evil-eye-necklace","15":"product_tag-fatma-ana-eli-kolye","16":"product_tag-fine-jewelry","17":"product_tag-gold-necklace","18":"product_tag-hamsa-kolye","19":"product_tag-hamsa-necklace","20":"product_tag-kadin-kolye","21":"product_tag-luxury-jewelry","22":"product_tag-nazar-boncuklu-kolye","23":"product_tag-nazar-kolye","24":"product_tag-protection-necklace","25":"product_tag-sembolik-taki","26":"product_tag-sik-kolye","27":"product_tag-spiritual-jewelry","28":"product_tag-symbolic-jewelry","29":"pa_cinsiyet-kadin","31":"first","32":"instock","33":"shipping-taxable","34":"purchasable","35":"product-type-simple"},"_links":{"self":[{"href":"https:\/\/www.gasia.com.tr\/en\/wp-json\/wp\/v2\/product\/41200","targetHints":{"allow":["GET"]}}],"collection":[{"href":"https:\/\/www.gasia.com.tr\/en\/wp-json\/wp\/v2\/product"}],"about":[{"href":"https:\/\/www.gasia.com.tr\/en\/wp-json\/wp\/v2\/types\/product"}],"replies":[{"embeddable":true,"href":"https:\/\/www.gasia.com.tr\/en\/wp-json\/wp\/v2\/comments?post=41200"}],"version-history":[{"count":2,"href":"https:\/\/www.gasia.com.tr\/en\/wp-json\/wp\/v2\/product\/41200\/revisions"}],"predecessor-version":[{"id":41306,"href":"https:\/\/www.gasia.com.tr\/en\/wp-json\/wp\/v2\/product\/41200\/revisions\/41306"}],"wp:featuredmedia":[{"embeddable":true,"href":"https:\/\/www.gasia.com.tr\/en\/wp-json\/wp\/v2\/media\/41201"}],"wp:attachment":[{"href":"https:\/\/www.gasia.com.tr\/en\/wp-json\/wp\/v2\/media?parent=41200"}],"wp:term":[{"taxonomy":"product_brand","embeddable":true,"href":"https:\/\/www.gasia.com.tr\/en\/wp-json\/wp\/v2\/product_brand?post=41200"},{"taxonomy":"product_cat","embeddable":true,"href":"https:\/\/www.gasia.com.tr\/en\/wp-json\/wp\/v2\/product_cat?post=41200"},{"taxonomy":"product_tag","embeddable":true,"href":"https:\/\/www.gasia.com.tr\/en\/wp-json\/wp\/v2\/product_tag?post=41200"}],"curies":[{"name":"wp","href":"https:\/\/api.w.org\/{rel}","templated":true}]}}