{"id":41204,"date":"2026-03-05T05:36:30","date_gmt":"2026-03-05T02:36:30","guid":{"rendered":"https:\/\/www.gasia.com.tr\/?post_type=product&#038;p=41204"},"modified":"2026-04-02T15:48:58","modified_gmt":"2026-04-02T12:48:58","slug":"fatma-ana-eli-ve-nazar-goz-motifli-altin-kolye","status":"publish","type":"product","link":"https:\/\/www.gasia.com.tr\/en\/collections\/fatma-ana-eli-ve-nazar-goz-motifli-altin-kolye\/","title":{"rendered":"Fatima Ana Eli ve Nazar G\u00f6z Motifli Alt\u0131n Kolye"},"content":{"rendered":"<p data-start=\"107\" data-end=\"407\">Geleneksel sembollerin modern tasar\u0131mla bulu\u015ftu\u011fu bu \u00f6zel kolye, Fatma Ana Eli (Hamsa) ve nazar g\u00f6z\u00fc motiflerini zarif bir kompozisyonda sunar. Alt\u0131n zemin \u00fczerine i\u015flenen detaylar, kolyeye s\u0131cak ve dikkat \u00e7ekici bir \u0131\u015f\u0131lt\u0131 kazand\u0131r\u0131rken, ortadaki mavi nazar g\u00f6zleri g\u00fc\u00e7l\u00fc bir koruyucu anlam ta\u015f\u0131r.<\/p>\n<p data-start=\"409\" data-end=\"675\">\u00c7er\u00e7eve formundaki tasar\u0131m\u0131 ile klasik nazar tak\u0131lar\u0131ndan ayr\u0131\u015fan bu par\u00e7a, hem stil sahibi hem de anlam y\u00fckl\u00fc bir aksesuar arayanlar i\u00e7in idealdir. G\u00fcnl\u00fck kullan\u0131mda \u015f\u0131kl\u0131\u011f\u0131n\u0131z\u0131 tamamlayan bu kolye, ayn\u0131 zamanda \u00f6zel g\u00fcnlerde de anlaml\u0131 bir hediye se\u00e7ene\u011fi sunar.<\/p>","protected":false},"excerpt":{"rendered":"<ul>\n<li>14 Ayar Alt\u0131n<\/li>\n<li>925 Ayar Okside g\u00fcm\u00fc\u015f<\/li>\n<li>0,87 ct P\u0131rlanya<\/li>\n<li>50 cm uzunlu\u011funda zincir<\/li>\n<\/ul>","protected":false},"featured_media":41205,"comment_status":"open","ping_status":"closed","template":"","meta":[],"product_brand":[2718,2719],"product_cat":[247,75,198],"product_tag":[278,1089,633,726,747,1655,322,749,744,473,281,1202,729,2943,474,2593,2679],"class_list":{"0":"post-41204","1":"product","2":"type-product","3":"status-publish","4":"has-post-thumbnail","6":"product_brand-gasia-casuals","7":"product_brand-gasia-protect","8":"product_cat-hediyelik","9":"product_cat-kolye","10":"product_cat-eye-collection","11":"product_tag-altin-kolye","12":"product_tag-anlamli-kolye","13":"product_tag-designer-necklace","14":"product_tag-evil-eye-necklace","15":"product_tag-fatma-ana-eli-kolye","16":"product_tag-fine-jewelry","17":"product_tag-gold-necklace","18":"product_tag-hamsa-kolye","19":"product_tag-hamsa-necklace","20":"product_tag-kadin-kolye","21":"product_tag-nazar-boncuklu-kolye","22":"product_tag-nazar-goz-kolye","23":"product_tag-protection-necklace","24":"product_tag-sembolik-taki","25":"product_tag-sik-kolye","26":"product_tag-spiritual-jewelry","27":"product_tag-symbolic-jewelry","28":"pa_cinsiyet-kadin","30":"first","31":"instock","32":"sale","33":"shipping-taxable","34":"purchasable","35":"product-type-simple"},"_links":{"self":[{"href":"https:\/\/www.gasia.com.tr\/en\/wp-json\/wp\/v2\/product\/41204","targetHints":{"allow":["GET"]}}],"collection":[{"href":"https:\/\/www.gasia.com.tr\/en\/wp-json\/wp\/v2\/product"}],"about":[{"href":"https:\/\/www.gasia.com.tr\/en\/wp-json\/wp\/v2\/types\/product"}],"replies":[{"embeddable":true,"href":"https:\/\/www.gasia.com.tr\/en\/wp-json\/wp\/v2\/comments?post=41204"}],"version-history":[{"count":2,"href":"https:\/\/www.gasia.com.tr\/en\/wp-json\/wp\/v2\/product\/41204\/revisions"}],"predecessor-version":[{"id":41302,"href":"https:\/\/www.gasia.com.tr\/en\/wp-json\/wp\/v2\/product\/41204\/revisions\/41302"}],"wp:featuredmedia":[{"embeddable":true,"href":"https:\/\/www.gasia.com.tr\/en\/wp-json\/wp\/v2\/media\/41205"}],"wp:attachment":[{"href":"https:\/\/www.gasia.com.tr\/en\/wp-json\/wp\/v2\/media?parent=41204"}],"wp:term":[{"taxonomy":"product_brand","embeddable":true,"href":"https:\/\/www.gasia.com.tr\/en\/wp-json\/wp\/v2\/product_brand?post=41204"},{"taxonomy":"product_cat","embeddable":true,"href":"https:\/\/www.gasia.com.tr\/en\/wp-json\/wp\/v2\/product_cat?post=41204"},{"taxonomy":"product_tag","embeddable":true,"href":"https:\/\/www.gasia.com.tr\/en\/wp-json\/wp\/v2\/product_tag?post=41204"}],"curies":[{"name":"wp","href":"https:\/\/api.w.org\/{rel}","templated":true}]}}