{"id":41207,"date":"2026-03-05T05:38:27","date_gmt":"2026-03-05T02:38:27","guid":{"rendered":"https:\/\/www.gasia.com.tr\/?post_type=product&#038;p=41207"},"modified":"2026-04-02T15:44:46","modified_gmt":"2026-04-02T12:44:46","slug":"yesil-mineli-fatma-ana-eli-ve-nazar-motifli-altin-kolye","status":"publish","type":"product","link":"https:\/\/www.gasia.com.tr\/en\/collections\/yesil-mineli-fatma-ana-eli-ve-nazar-motifli-altin-kolye\/","title":{"rendered":"Ye\u015fil Mineli Fatima Ana Eli ve Nazar Motifli Alt\u0131n Kolye"},"content":{"rendered":"<p data-start=\"116\" data-end=\"425\">Anlam ve esteti\u011fin zarif birle\u015fimini yans\u0131tan bu kolye, ye\u015fil tonlarda i\u015flenmi\u015f Fatma Ana Eli (Hamsa) motifi ve nazar g\u00f6z\u00fc detay\u0131yla dikkat \u00e7eker. Alt\u0131n zemin \u00fczerine uygulanan mine tekni\u011fi, tasar\u0131ma s\u0131cak ve sanatsal bir derinlik kazand\u0131r\u0131rken \u00e7evresindeki ta\u015f detaylar\u0131 kolyeye \u0131\u015f\u0131lt\u0131l\u0131 bir \u00e7er\u00e7eve sunar.<\/p>\n<p data-start=\"427\" data-end=\"649\">Koruyucu sembolleri modern bir yorumla sunan bu \u00f6zel par\u00e7a, hem g\u00fcnl\u00fck kullan\u0131mda stilinizi tamamlar hem de anlam y\u00fckl\u00fc bir aksesuar olarak \u00f6ne \u00e7\u0131kar. \u015e\u0131kl\u0131k ve sembolizmi bir arada arayanlar i\u00e7in benzersiz bir se\u00e7imdir.<\/p>","protected":false},"excerpt":{"rendered":"<ul>\n<li>14 Ayar Alt\u0131n<\/li>\n<li>0,24 ct P\u0131rlanta<\/li>\n<li>42 cm uzunlu\u011funda zincir<\/li>\n<\/ul>","protected":false},"featured_media":41208,"comment_status":"open","ping_status":"closed","template":"","meta":[],"product_brand":[2718,2719],"product_cat":[75,198],"product_tag":[278,1089,633,2715,726,747,1655,322,749,744,473,2675,280,2943,474,2593,2679,2954],"class_list":{"0":"post-41207","1":"product","2":"type-product","3":"status-publish","4":"has-post-thumbnail","6":"product_brand-gasia-casuals","7":"product_brand-gasia-protect","8":"product_cat-kolye","9":"product_cat-eye-collection","10":"product_tag-altin-kolye","11":"product_tag-anlamli-kolye","12":"product_tag-designer-necklace","13":"product_tag-enamel-necklace","14":"product_tag-evil-eye-necklace","15":"product_tag-fatma-ana-eli-kolye","16":"product_tag-fine-jewelry","17":"product_tag-gold-necklace","18":"product_tag-hamsa-kolye","19":"product_tag-hamsa-necklace","20":"product_tag-kadin-kolye","21":"product_tag-mineli-kolye","22":"product_tag-nazar-kolye","23":"product_tag-sembolik-taki","24":"product_tag-sik-kolye","25":"product_tag-spiritual-jewelry","26":"product_tag-symbolic-jewelry","27":"product_tag-yesil-mine-kolye","28":"pa_cinsiyet-kadin","30":"first","31":"instock","32":"shipping-taxable","33":"purchasable","34":"product-type-simple"},"_links":{"self":[{"href":"https:\/\/www.gasia.com.tr\/en\/wp-json\/wp\/v2\/product\/41207","targetHints":{"allow":["GET"]}}],"collection":[{"href":"https:\/\/www.gasia.com.tr\/en\/wp-json\/wp\/v2\/product"}],"about":[{"href":"https:\/\/www.gasia.com.tr\/en\/wp-json\/wp\/v2\/types\/product"}],"replies":[{"embeddable":true,"href":"https:\/\/www.gasia.com.tr\/en\/wp-json\/wp\/v2\/comments?post=41207"}],"version-history":[{"count":2,"href":"https:\/\/www.gasia.com.tr\/en\/wp-json\/wp\/v2\/product\/41207\/revisions"}],"predecessor-version":[{"id":41300,"href":"https:\/\/www.gasia.com.tr\/en\/wp-json\/wp\/v2\/product\/41207\/revisions\/41300"}],"wp:featuredmedia":[{"embeddable":true,"href":"https:\/\/www.gasia.com.tr\/en\/wp-json\/wp\/v2\/media\/41208"}],"wp:attachment":[{"href":"https:\/\/www.gasia.com.tr\/en\/wp-json\/wp\/v2\/media?parent=41207"}],"wp:term":[{"taxonomy":"product_brand","embeddable":true,"href":"https:\/\/www.gasia.com.tr\/en\/wp-json\/wp\/v2\/product_brand?post=41207"},{"taxonomy":"product_cat","embeddable":true,"href":"https:\/\/www.gasia.com.tr\/en\/wp-json\/wp\/v2\/product_cat?post=41207"},{"taxonomy":"product_tag","embeddable":true,"href":"https:\/\/www.gasia.com.tr\/en\/wp-json\/wp\/v2\/product_tag?post=41207"}],"curies":[{"name":"wp","href":"https:\/\/api.w.org\/{rel}","templated":true}]}}