{"id":41211,"date":"2026-03-05T05:51:35","date_gmt":"2026-03-05T02:51:35","guid":{"rendered":"https:\/\/www.gasia.com.tr\/?post_type=product&#038;p=41211"},"modified":"2026-04-02T15:43:35","modified_gmt":"2026-04-02T12:43:35","slug":"turuncu-mineli-fatma-ana-eli-ve-nazar-motifli-altin-kolye","status":"publish","type":"product","link":"https:\/\/www.gasia.com.tr\/en\/collections\/turuncu-mineli-fatma-ana-eli-ve-nazar-motifli-altin-kolye\/","title":{"rendered":"Turuncu Mineli Fatima Ana Eli ve Nazar Motifli Alt\u0131n Kolye"},"content":{"rendered":"<p data-start=\"118\" data-end=\"398\">Enerji ve koruyucu sembollerin estetik yorumu bu \u00f6zel tasar\u0131m kolyede hayat buluyor. Turuncu tonlarda i\u015flenmi\u015f Fatma Ana Eli (Hamsa) motifi, ortas\u0131ndaki nazar g\u00f6z\u00fc detay\u0131yla g\u00fc\u00e7l\u00fc bir anlam ta\u015f\u0131rken alt\u0131n zemin ve ta\u015fl\u0131 \u00e7er\u00e7eve tasar\u0131ma s\u0131cak ve \u0131\u015f\u0131lt\u0131l\u0131 bir g\u00f6r\u00fcn\u00fcm kazand\u0131r\u0131r.<\/p>\n<p data-start=\"400\" data-end=\"613\">Canl\u0131 mine renkleri ile dikkat \u00e7eken bu kolye, klasik sembolleri modern ve dinamik bir stil ile bulu\u015fturur. G\u00fcnl\u00fck kombinlere enerjik bir dokunu\u015f katarken, ayn\u0131 zamanda anlam y\u00fckl\u00fc bir aksesuar olarak \u00f6ne \u00e7\u0131kar.<\/p>","protected":false},"excerpt":{"rendered":"<ul>\n<li>14 Ayar Alt\u0131n<\/li>\n<li>925 Ayar Okside G\u00fcm\u00fc\u015f<\/li>\n<li>42 cm uzunlu\u011funda zincir<\/li>\n<\/ul>","protected":false},"featured_media":41212,"comment_status":"open","ping_status":"closed","template":"","meta":[],"product_brand":[2718,2719],"product_cat":[75,198],"product_tag":[278,1089,633,2715,726,747,1655,322,749,744,473,2675,280,2943,474,2593,2679,2955],"class_list":{"0":"post-41211","1":"product","2":"type-product","3":"status-publish","4":"has-post-thumbnail","6":"product_brand-gasia-casuals","7":"product_brand-gasia-protect","8":"product_cat-kolye","9":"product_cat-eye-collection","10":"product_tag-altin-kolye","11":"product_tag-anlamli-kolye","12":"product_tag-designer-necklace","13":"product_tag-enamel-necklace","14":"product_tag-evil-eye-necklace","15":"product_tag-fatma-ana-eli-kolye","16":"product_tag-fine-jewelry","17":"product_tag-gold-necklace","18":"product_tag-hamsa-kolye","19":"product_tag-hamsa-necklace","20":"product_tag-kadin-kolye","21":"product_tag-mineli-kolye","22":"product_tag-nazar-kolye","23":"product_tag-sembolik-taki","24":"product_tag-sik-kolye","25":"product_tag-spiritual-jewelry","26":"product_tag-symbolic-jewelry","27":"product_tag-turuncu-mine-kolye","28":"pa_cinsiyet-kadin","30":"first","31":"instock","32":"shipping-taxable","33":"purchasable","34":"product-type-simple"},"_links":{"self":[{"href":"https:\/\/www.gasia.com.tr\/en\/wp-json\/wp\/v2\/product\/41211","targetHints":{"allow":["GET"]}}],"collection":[{"href":"https:\/\/www.gasia.com.tr\/en\/wp-json\/wp\/v2\/product"}],"about":[{"href":"https:\/\/www.gasia.com.tr\/en\/wp-json\/wp\/v2\/types\/product"}],"replies":[{"embeddable":true,"href":"https:\/\/www.gasia.com.tr\/en\/wp-json\/wp\/v2\/comments?post=41211"}],"version-history":[{"count":2,"href":"https:\/\/www.gasia.com.tr\/en\/wp-json\/wp\/v2\/product\/41211\/revisions"}],"predecessor-version":[{"id":41299,"href":"https:\/\/www.gasia.com.tr\/en\/wp-json\/wp\/v2\/product\/41211\/revisions\/41299"}],"wp:featuredmedia":[{"embeddable":true,"href":"https:\/\/www.gasia.com.tr\/en\/wp-json\/wp\/v2\/media\/41212"}],"wp:attachment":[{"href":"https:\/\/www.gasia.com.tr\/en\/wp-json\/wp\/v2\/media?parent=41211"}],"wp:term":[{"taxonomy":"product_brand","embeddable":true,"href":"https:\/\/www.gasia.com.tr\/en\/wp-json\/wp\/v2\/product_brand?post=41211"},{"taxonomy":"product_cat","embeddable":true,"href":"https:\/\/www.gasia.com.tr\/en\/wp-json\/wp\/v2\/product_cat?post=41211"},{"taxonomy":"product_tag","embeddable":true,"href":"https:\/\/www.gasia.com.tr\/en\/wp-json\/wp\/v2\/product_tag?post=41211"}],"curies":[{"name":"wp","href":"https:\/\/api.w.org\/{rel}","templated":true}]}}