{"id":41216,"date":"2026-03-05T02:56:31","date_gmt":"2026-03-04T23:56:31","guid":{"rendered":"https:\/\/www.gasia.com.tr\/?post_type=product&#038;p=41216"},"modified":"2026-04-02T15:51:53","modified_gmt":"2026-04-02T12:51:53","slug":"vintage-stil-fatma-ana-eli-ve-nazar-motifli-altin-kolye","status":"publish","type":"product","link":"https:\/\/www.gasia.com.tr\/en\/collections\/vintage-stil-fatma-ana-eli-ve-nazar-motifli-altin-kolye\/","title":{"rendered":"Vintage Stil Fatima Ana Eli ve Nazar Motifli Alt\u0131n Kolye"},"content":{"rendered":"<p data-start=\"116\" data-end=\"444\">Geleneksel sembolleri vintage bir estetikle bulu\u015fturan bu \u00f6zel kolye, Fatma Ana Eli (Hamsa) ve nazar g\u00f6z\u00fc motiflerini zarif bir \u00e7er\u00e7eve i\u00e7inde sunar. Alt\u0131n tonlu y\u00fczey \u00fczerine i\u015flenen ye\u015fil detayl\u0131 motif, kolyeye sanatsal ve \u00f6zg\u00fcn bir karakter kazand\u0131r\u0131rken, \u00e7evresindeki ta\u015f s\u00fcslemeler tasar\u0131m\u0131 \u0131\u015f\u0131lt\u0131l\u0131 bir \u015fekilde tamamlar.<\/p>\n<p data-start=\"446\" data-end=\"701\">Klasik formdan ilham alan \u00e7er\u00e7eve yap\u0131s\u0131, kolyeye nostaljik ve zamans\u0131z bir hava katarken, anlam y\u00fckl\u00fc semboller stilinizi daha da g\u00fc\u00e7l\u00fc k\u0131lar. G\u00fcnl\u00fck kullan\u0131mda fark yaratan, \u00f6zel g\u00fcnlerde ise anlaml\u0131 bir hediye se\u00e7ene\u011fi sunan benzersiz bir tasar\u0131md\u0131r.<\/p>","protected":false},"excerpt":{"rendered":"<ul>\n<li>14 Ayar Alt\u0131n<\/li>\n<li>0,28 ct 18 adet P\u0131rlanta<\/li>\n<li>42 cm uzunlu\u011funda zincir<\/li>\n<\/ul>","protected":false},"featured_media":41217,"comment_status":"open","ping_status":"closed","template":"","meta":[],"product_brand":[2718,2719],"product_cat":[247,75,198],"product_tag":[278,1089,633,2715,726,747,1655,322,749,744,473,2675,280,2943,474,2679,628,1798],"class_list":{"0":"post-41216","1":"product","2":"type-product","3":"status-publish","4":"has-post-thumbnail","6":"product_brand-gasia-casuals","7":"product_brand-gasia-protect","8":"product_cat-hediyelik","9":"product_cat-kolye","10":"product_cat-eye-collection","11":"product_tag-altin-kolye","12":"product_tag-anlamli-kolye","13":"product_tag-designer-necklace","14":"product_tag-enamel-necklace","15":"product_tag-evil-eye-necklace","16":"product_tag-fatma-ana-eli-kolye","17":"product_tag-fine-jewelry","18":"product_tag-gold-necklace","19":"product_tag-hamsa-kolye","20":"product_tag-hamsa-necklace","21":"product_tag-kadin-kolye","22":"product_tag-mineli-kolye","23":"product_tag-nazar-kolye","24":"product_tag-sembolik-taki","25":"product_tag-sik-kolye","26":"product_tag-symbolic-jewelry","27":"product_tag-vintage-kolye","28":"product_tag-vintage-necklace","29":"pa_cinsiyet-kadin","31":"first","32":"instock","33":"shipping-taxable","34":"purchasable","35":"product-type-simple"},"_links":{"self":[{"href":"https:\/\/www.gasia.com.tr\/en\/wp-json\/wp\/v2\/product\/41216","targetHints":{"allow":["GET"]}}],"collection":[{"href":"https:\/\/www.gasia.com.tr\/en\/wp-json\/wp\/v2\/product"}],"about":[{"href":"https:\/\/www.gasia.com.tr\/en\/wp-json\/wp\/v2\/types\/product"}],"replies":[{"embeddable":true,"href":"https:\/\/www.gasia.com.tr\/en\/wp-json\/wp\/v2\/comments?post=41216"}],"version-history":[{"count":2,"href":"https:\/\/www.gasia.com.tr\/en\/wp-json\/wp\/v2\/product\/41216\/revisions"}],"predecessor-version":[{"id":41304,"href":"https:\/\/www.gasia.com.tr\/en\/wp-json\/wp\/v2\/product\/41216\/revisions\/41304"}],"wp:featuredmedia":[{"embeddable":true,"href":"https:\/\/www.gasia.com.tr\/en\/wp-json\/wp\/v2\/media\/41217"}],"wp:attachment":[{"href":"https:\/\/www.gasia.com.tr\/en\/wp-json\/wp\/v2\/media?parent=41216"}],"wp:term":[{"taxonomy":"product_brand","embeddable":true,"href":"https:\/\/www.gasia.com.tr\/en\/wp-json\/wp\/v2\/product_brand?post=41216"},{"taxonomy":"product_cat","embeddable":true,"href":"https:\/\/www.gasia.com.tr\/en\/wp-json\/wp\/v2\/product_cat?post=41216"},{"taxonomy":"product_tag","embeddable":true,"href":"https:\/\/www.gasia.com.tr\/en\/wp-json\/wp\/v2\/product_tag?post=41216"}],"curies":[{"name":"wp","href":"https:\/\/api.w.org\/{rel}","templated":true}]}}