{"id":41226,"date":"2026-03-20T11:04:35","date_gmt":"2026-03-20T08:04:35","guid":{"rendered":"https:\/\/www.gasia.com.tr\/?post_type=product&#038;p=41226"},"modified":"2026-04-02T11:40:07","modified_gmt":"2026-04-02T08:40:07","slug":"siyah-orgu-deri-ve-gumus-detayli-erkek-bileklik","status":"publish","type":"product","link":"https:\/\/www.gasia.com.tr\/en\/collections\/siyah-orgu-deri-ve-gumus-detayli-erkek-bileklik\/","title":{"rendered":"Siyah \u00d6rg\u00fc Deri ve G\u00fcm\u00fc\u015f Detayl\u0131 Erkek Bileklik"},"content":{"rendered":"<p data-start=\"108\" data-end=\"320\">Net ve g\u00fc\u00e7l\u00fc g\u00f6r\u00fcn\u00fcm\u00fcyle \u00f6ne \u00e7\u0131kan bu bileklik, \u00f6rg\u00fc dokulu siyah deri ve i\u015f\u00e7ilikli g\u00fcm\u00fc\u015f detaylarla tamamlan\u0131r. Siyah\u0131n keskin etkisi, metal y\u00fczeylerdeki detaylarla birle\u015ferek dikkat \u00e7eken bir b\u00fct\u00fcn olu\u015fturur.<\/p>\n<p data-start=\"322\" data-end=\"524\">G\u00fcnl\u00fck kullan\u0131mda rahatl\u0131k sunarken, stile kararl\u0131 bir duru\u015f katar. Spor ve klasik kombinlerle kolayca uyum sa\u011flayan bu par\u00e7a, sade ama etkisi y\u00fcksek aksesuar tercih edenler i\u00e7in ideal bir se\u00e7enektir.<\/p>","protected":false},"excerpt":{"rendered":"<ul>\n<li>925 Ayar Okside G\u00fcm\u00fc\u015f<\/li>\n<li>0.22 ct P\u0131rlanta<\/li>\n<\/ul>","protected":false},"featured_media":41239,"comment_status":"open","ping_status":"closed","template":"","meta":[],"product_brand":[2957],"product_cat":[253],"product_tag":[2279,2629,2182,617,543,541,2185,2960,2207,620,363,742,2622,2608,2271,366],"class_list":{"0":"post-41226","1":"product","2":"type-product","3":"status-publish","4":"has-post-thumbnail","6":"product_brand-gasia-for-man","7":"product_cat-deri-bileklikler","8":"product_tag-black-leather-bracelet","9":"product_tag-braided-leather-bracelet","10":"product_tag-deri-bileklik","11":"product_tag-erkek-aksesuar","12":"product_tag-erkek-bileklik","13":"product_tag-gumus-detayli-bileklik","14":"product_tag-leather-bracelet","15":"product_tag-masculine-jewelry","16":"product_tag-maskulen-taki","17":"product_tag-men-bracelet","18":"product_tag-modern-bileklik","19":"product_tag-modern-jewelry","20":"product_tag-orgu-deri-bileklik","21":"product_tag-silver-detail-bracelet","22":"product_tag-siyah-deri-bileklik","23":"product_tag-sik-bileklik","24":"pa_cinsiyet-erkek","26":"first","27":"instock","28":"shipping-taxable","29":"purchasable","30":"product-type-simple"},"_links":{"self":[{"href":"https:\/\/www.gasia.com.tr\/en\/wp-json\/wp\/v2\/product\/41226","targetHints":{"allow":["GET"]}}],"collection":[{"href":"https:\/\/www.gasia.com.tr\/en\/wp-json\/wp\/v2\/product"}],"about":[{"href":"https:\/\/www.gasia.com.tr\/en\/wp-json\/wp\/v2\/types\/product"}],"replies":[{"embeddable":true,"href":"https:\/\/www.gasia.com.tr\/en\/wp-json\/wp\/v2\/comments?post=41226"}],"version-history":[{"count":1,"href":"https:\/\/www.gasia.com.tr\/en\/wp-json\/wp\/v2\/product\/41226\/revisions"}],"predecessor-version":[{"id":41241,"href":"https:\/\/www.gasia.com.tr\/en\/wp-json\/wp\/v2\/product\/41226\/revisions\/41241"}],"wp:featuredmedia":[{"embeddable":true,"href":"https:\/\/www.gasia.com.tr\/en\/wp-json\/wp\/v2\/media\/41239"}],"wp:attachment":[{"href":"https:\/\/www.gasia.com.tr\/en\/wp-json\/wp\/v2\/media?parent=41226"}],"wp:term":[{"taxonomy":"product_brand","embeddable":true,"href":"https:\/\/www.gasia.com.tr\/en\/wp-json\/wp\/v2\/product_brand?post=41226"},{"taxonomy":"product_cat","embeddable":true,"href":"https:\/\/www.gasia.com.tr\/en\/wp-json\/wp\/v2\/product_cat?post=41226"},{"taxonomy":"product_tag","embeddable":true,"href":"https:\/\/www.gasia.com.tr\/en\/wp-json\/wp\/v2\/product_tag?post=41226"}],"curies":[{"name":"wp","href":"https:\/\/api.w.org\/{rel}","templated":true}]}}