{"id":41244,"date":"2026-03-19T11:44:48","date_gmt":"2026-03-19T08:44:48","guid":{"rendered":"https:\/\/www.gasia.com.tr\/?post_type=product&#038;p=41244"},"modified":"2026-04-02T11:48:48","modified_gmt":"2026-04-02T08:48:48","slug":"siyah-orgu-deri-ve-nazar-detayli-gumus-erkek-bileklik","status":"publish","type":"product","link":"https:\/\/www.gasia.com.tr\/en\/collections\/siyah-orgu-deri-ve-nazar-detayli-gumus-erkek-bileklik\/","title":{"rendered":"Siyah \u00d6rg\u00fc Deri ve Nazar Detayl\u0131 G\u00fcm\u00fc\u015f Erkek Bileklik"},"content":{"rendered":"<p data-start=\"114\" data-end=\"340\">\u00d6rg\u00fc dokulu siyah deri ve dikkat \u00e7ekici nazar detay\u0131yla \u00f6ne \u00e7\u0131kan bu bileklik, g\u00fc\u00e7l\u00fc bir stil sunar. Orta b\u00f6l\u00fcmde yer alan g\u00fcm\u00fc\u015f y\u00fczey \u00fczerine i\u015flenmi\u015f nazar motifi, tasar\u0131ma karakter kazand\u0131r\u0131rken anlaml\u0131 bir dokunu\u015f ekler.<\/p>\n<p data-start=\"342\" data-end=\"555\">Mat g\u00f6r\u00fcn\u00fcml\u00fc g\u00fcm\u00fc\u015f detaylar ve deri dokunun birle\u015fimi, bilekli\u011fe sert ve net bir ifade kazand\u0131r\u0131r. G\u00fcnl\u00fck kullan\u0131mda rahatl\u0131k sunarken, kombinlere farkl\u0131 bir vurgu katmak isteyenler i\u00e7in \u00f6ne \u00e7\u0131kan bir par\u00e7ad\u0131r.<\/p>","protected":false},"excerpt":{"rendered":"<ul>\n<li>925 Ayar G\u00fcm\u00fc\u015f<\/li>\n<li>0.05 ct P\u0131rlanta<\/li>\n<li>0.24 ct Avustralya Safir<\/li>\n<li>9 mm deri geni\u015flik<\/li>\n<li>Denim blue-Siyah deri renk se\u00e7enekleri<\/li>\n<\/ul>","protected":false},"featured_media":41246,"comment_status":"open","ping_status":"closed","template":"","meta":[],"product_brand":[2957],"product_cat":[253],"product_tag":[2279,2629,2182,617,543,417,541,2185,2207,620,363,407,412,2622,2608,2271],"class_list":{"0":"post-41244","1":"product","2":"type-product","3":"status-publish","4":"has-post-thumbnail","6":"product_brand-gasia-for-man","7":"product_cat-deri-bileklikler","8":"product_tag-black-leather-bracelet","9":"product_tag-braided-leather-bracelet","10":"product_tag-deri-bileklik","11":"product_tag-erkek-aksesuar","12":"product_tag-erkek-bileklik","13":"product_tag-evil-eye-bracelet","14":"product_tag-gumus-detayli-bileklik","15":"product_tag-leather-bracelet","16":"product_tag-maskulen-taki","17":"product_tag-men-bracelet","18":"product_tag-modern-bileklik","19":"product_tag-nazar-bileklik","20":"product_tag-nazar-boncuklu-bileklik","21":"product_tag-orgu-deri-bileklik","22":"product_tag-silver-detail-bracelet","23":"product_tag-siyah-deri-bileklik","24":"pa_cinsiyet-erkek","26":"first","27":"instock","28":"shipping-taxable","29":"purchasable","30":"product-type-simple"},"_links":{"self":[{"href":"https:\/\/www.gasia.com.tr\/en\/wp-json\/wp\/v2\/product\/41244","targetHints":{"allow":["GET"]}}],"collection":[{"href":"https:\/\/www.gasia.com.tr\/en\/wp-json\/wp\/v2\/product"}],"about":[{"href":"https:\/\/www.gasia.com.tr\/en\/wp-json\/wp\/v2\/types\/product"}],"replies":[{"embeddable":true,"href":"https:\/\/www.gasia.com.tr\/en\/wp-json\/wp\/v2\/comments?post=41244"}],"version-history":[{"count":2,"href":"https:\/\/www.gasia.com.tr\/en\/wp-json\/wp\/v2\/product\/41244\/revisions"}],"predecessor-version":[{"id":41250,"href":"https:\/\/www.gasia.com.tr\/en\/wp-json\/wp\/v2\/product\/41244\/revisions\/41250"}],"wp:featuredmedia":[{"embeddable":true,"href":"https:\/\/www.gasia.com.tr\/en\/wp-json\/wp\/v2\/media\/41246"}],"wp:attachment":[{"href":"https:\/\/www.gasia.com.tr\/en\/wp-json\/wp\/v2\/media?parent=41244"}],"wp:term":[{"taxonomy":"product_brand","embeddable":true,"href":"https:\/\/www.gasia.com.tr\/en\/wp-json\/wp\/v2\/product_brand?post=41244"},{"taxonomy":"product_cat","embeddable":true,"href":"https:\/\/www.gasia.com.tr\/en\/wp-json\/wp\/v2\/product_cat?post=41244"},{"taxonomy":"product_tag","embeddable":true,"href":"https:\/\/www.gasia.com.tr\/en\/wp-json\/wp\/v2\/product_tag?post=41244"}],"curies":[{"name":"wp","href":"https:\/\/api.w.org\/{rel}","templated":true}]}}