{"id":41245,"date":"2026-03-19T11:44:48","date_gmt":"2026-03-19T08:44:48","guid":{"rendered":"https:\/\/www.gasia.com.tr\/?post_type=product&#038;p=41245"},"modified":"2026-04-02T12:03:18","modified_gmt":"2026-04-02T09:03:18","slug":"kahverengi-orgu-deri-ve-nazar-detayli-gumus-erkek-bileklik","status":"publish","type":"product","link":"https:\/\/www.gasia.com.tr\/en\/collections\/kahverengi-orgu-deri-ve-nazar-detayli-gumus-erkek-bileklik\/","title":{"rendered":"Kahverengi \u00d6rg\u00fc Deri ve Nazar Detayl\u0131 G\u00fcm\u00fc\u015f Erkek Bileklik"},"content":{"rendered":"<p data-start=\"119\" data-end=\"334\">Kahverengi \u00f6rg\u00fc deri ve nazar detayl\u0131 g\u00fcm\u00fc\u015f y\u00fczeyiyle \u00f6ne \u00e7\u0131kan bu bileklik, g\u00fc\u00e7l\u00fc ve dengeli bir g\u00f6r\u00fcn\u00fcm sunar. Derinin s\u0131cak tonu, ortadaki nazar motifiyle birle\u015ferek tasar\u0131ma dikkat \u00e7ekici bir vurgu kazand\u0131r\u0131r.<\/p>\n<p data-start=\"336\" data-end=\"523\">Dokulu metal y\u00fczey ve \u00f6rg\u00fc yap\u0131, bilekli\u011fe karakterli bir ifade verir. G\u00fcnl\u00fck kullan\u0131mda rahatl\u0131k sa\u011flarken, kombinlere farkl\u0131 bir dokunu\u015f katmak isteyenler i\u00e7in \u00f6ne \u00e7\u0131kan bir par\u00e7ad\u0131r.<\/p>","protected":false},"excerpt":{"rendered":"<ul>\n<li>925 Ayar G\u00fcm\u00fc\u015f<\/li>\n<li>0.05 ct P\u0131rlanta<\/li>\n<li>0.24 ct Avustralya Safir<\/li>\n<li>9 mm deri geni\u015flik<\/li>\n<\/ul>","protected":false},"featured_media":41256,"comment_status":"open","ping_status":"closed","template":"","meta":[],"product_brand":[2957],"product_cat":[253],"product_tag":[2629,551,2182,617,543,417,541,544,2185,2207,620,363,407,412,2622,2608],"class_list":{"0":"post-41245","1":"product","2":"type-product","3":"status-publish","4":"has-post-thumbnail","6":"product_brand-gasia-for-man","7":"product_cat-deri-bileklikler","8":"product_tag-braided-leather-bracelet","9":"product_tag-brown-leather-bracelet","10":"product_tag-deri-bileklik","11":"product_tag-erkek-aksesuar","12":"product_tag-erkek-bileklik","13":"product_tag-evil-eye-bracelet","14":"product_tag-gumus-detayli-bileklik","15":"product_tag-kahverengi-deri-bileklik","16":"product_tag-leather-bracelet","17":"product_tag-maskulen-taki","18":"product_tag-men-bracelet","19":"product_tag-modern-bileklik","20":"product_tag-nazar-bileklik","21":"product_tag-nazar-boncuklu-bileklik","22":"product_tag-orgu-deri-bileklik","23":"product_tag-silver-detail-bracelet","24":"pa_cinsiyet-erkek","26":"first","27":"instock","28":"shipping-taxable","29":"purchasable","30":"product-type-simple"},"_links":{"self":[{"href":"https:\/\/www.gasia.com.tr\/en\/wp-json\/wp\/v2\/product\/41245","targetHints":{"allow":["GET"]}}],"collection":[{"href":"https:\/\/www.gasia.com.tr\/en\/wp-json\/wp\/v2\/product"}],"about":[{"href":"https:\/\/www.gasia.com.tr\/en\/wp-json\/wp\/v2\/types\/product"}],"replies":[{"embeddable":true,"href":"https:\/\/www.gasia.com.tr\/en\/wp-json\/wp\/v2\/comments?post=41245"}],"version-history":[{"count":2,"href":"https:\/\/www.gasia.com.tr\/en\/wp-json\/wp\/v2\/product\/41245\/revisions"}],"predecessor-version":[{"id":41257,"href":"https:\/\/www.gasia.com.tr\/en\/wp-json\/wp\/v2\/product\/41245\/revisions\/41257"}],"wp:featuredmedia":[{"embeddable":true,"href":"https:\/\/www.gasia.com.tr\/en\/wp-json\/wp\/v2\/media\/41256"}],"wp:attachment":[{"href":"https:\/\/www.gasia.com.tr\/en\/wp-json\/wp\/v2\/media?parent=41245"}],"wp:term":[{"taxonomy":"product_brand","embeddable":true,"href":"https:\/\/www.gasia.com.tr\/en\/wp-json\/wp\/v2\/product_brand?post=41245"},{"taxonomy":"product_cat","embeddable":true,"href":"https:\/\/www.gasia.com.tr\/en\/wp-json\/wp\/v2\/product_cat?post=41245"},{"taxonomy":"product_tag","embeddable":true,"href":"https:\/\/www.gasia.com.tr\/en\/wp-json\/wp\/v2\/product_tag?post=41245"}],"curies":[{"name":"wp","href":"https:\/\/api.w.org\/{rel}","templated":true}]}}