{"id":41258,"date":"2026-01-05T12:15:56","date_gmt":"2026-01-05T09:15:56","guid":{"rendered":"https:\/\/www.gasia.com.tr\/?post_type=product&#038;p=41258"},"modified":"2026-04-02T13:54:12","modified_gmt":"2026-04-02T10:54:12","slug":"siyah-ipli-altin-ve-pirlanta-allah-yazili-bileklik","status":"publish","type":"product","link":"https:\/\/www.gasia.com.tr\/en\/collections\/siyah-ipli-altin-ve-pirlanta-allah-yazili-bileklik\/","title":{"rendered":"Siyah \u0130pli Alt\u0131n ve P\u0131rlanta Allah Yaz\u0131l\u0131 Bileklik"},"content":{"rendered":"<p data-start=\"111\" data-end=\"331\">Siyah \u00f6rg\u00fc ip tasar\u0131m\u0131 ve alt\u0131n \u00fczerine i\u015flenmi\u015f p\u0131rlanta detayl\u0131 Allah yaz\u0131s\u0131yla \u00f6ne \u00e7\u0131kan bu bileklik, g\u00fc\u00e7l\u00fc ve anlaml\u0131 bir duru\u015f sunar. Parlak y\u00fczey ve ta\u015flar\u0131n \u0131\u015f\u0131lt\u0131s\u0131, tasar\u0131ma dikkat \u00e7ekici bir vurgu kazand\u0131r\u0131r.<\/p>\n<p data-start=\"333\" data-end=\"526\">Ayarlanabilir yap\u0131s\u0131 sayesinde bile\u011fe kolayca uyum sa\u011flar ve g\u00fcn boyu konfor sunar. G\u00fcnl\u00fck kullan\u0131mda sade ama etkili bir aksesuar arayanlar i\u00e7in hem anlam hem stil ta\u015f\u0131yan \u00f6zel bir par\u00e7ad\u0131r.<\/p>","protected":false},"excerpt":{"rendered":"<p>Siyah \u00f6rg\u00fc ip tasar\u0131m\u0131 ve alt\u0131n \u00fczerine i\u015flenmi\u015f p\u0131rlanta detayl\u0131 Allah yaz\u0131s\u0131yla \u00f6ne \u00e7\u0131kan bu bileklik, g\u00fc\u00e7l\u00fc ve anlaml\u0131 bir<\/p>","protected":false},"featured_media":41259,"comment_status":"open","ping_status":"closed","template":"","meta":[],"product_brand":[2718,2957,2719],"product_cat":[209,253],"product_tag":[2187,1030,1023,504,1028,2686,1026,617,543,2961,1025,620,358,625,360],"class_list":{"0":"post-41258","1":"product","2":"type-product","3":"status-publish","4":"has-post-thumbnail","6":"product_brand-gasia-casuals","7":"product_brand-gasia-for-man","8":"product_brand-gasia-protect","9":"product_cat-deri-orgu-bileklik","10":"product_cat-deri-bileklikler","11":"product_tag-adjustable-bracelet","12":"product_tag-allah-bracelet","13":"product_tag-allah-yazili-bileklik","14":"product_tag-altin-bileklik","15":"product_tag-ayarlanabilir-bileklik","16":"product_tag-black-bracelet","17":"product_tag-dini-bileklik","18":"product_tag-erkek-aksesuar","19":"product_tag-erkek-bileklik","20":"product_tag-gold-diamond-bracelet","21":"product_tag-ip-bileklik","22":"product_tag-men-bracelet","23":"product_tag-pirlanta-bileklik","24":"product_tag-rope-bracelet","25":"product_tag-siyah-bileklik","26":"pa_cinsiyet-erkek","27":"pa_cinsiyet-kadin","29":"first","30":"instock","31":"shipping-taxable","32":"product-type-simple"},"_links":{"self":[{"href":"https:\/\/www.gasia.com.tr\/en\/wp-json\/wp\/v2\/product\/41258","targetHints":{"allow":["GET"]}}],"collection":[{"href":"https:\/\/www.gasia.com.tr\/en\/wp-json\/wp\/v2\/product"}],"about":[{"href":"https:\/\/www.gasia.com.tr\/en\/wp-json\/wp\/v2\/types\/product"}],"replies":[{"embeddable":true,"href":"https:\/\/www.gasia.com.tr\/en\/wp-json\/wp\/v2\/comments?post=41258"}],"version-history":[{"count":2,"href":"https:\/\/www.gasia.com.tr\/en\/wp-json\/wp\/v2\/product\/41258\/revisions"}],"predecessor-version":[{"id":41261,"href":"https:\/\/www.gasia.com.tr\/en\/wp-json\/wp\/v2\/product\/41258\/revisions\/41261"}],"wp:featuredmedia":[{"embeddable":true,"href":"https:\/\/www.gasia.com.tr\/en\/wp-json\/wp\/v2\/media\/41259"}],"wp:attachment":[{"href":"https:\/\/www.gasia.com.tr\/en\/wp-json\/wp\/v2\/media?parent=41258"}],"wp:term":[{"taxonomy":"product_brand","embeddable":true,"href":"https:\/\/www.gasia.com.tr\/en\/wp-json\/wp\/v2\/product_brand?post=41258"},{"taxonomy":"product_cat","embeddable":true,"href":"https:\/\/www.gasia.com.tr\/en\/wp-json\/wp\/v2\/product_cat?post=41258"},{"taxonomy":"product_tag","embeddable":true,"href":"https:\/\/www.gasia.com.tr\/en\/wp-json\/wp\/v2\/product_tag?post=41258"}],"curies":[{"name":"wp","href":"https:\/\/api.w.org\/{rel}","templated":true}]}}