{"id":41335,"date":"2026-04-04T15:23:42","date_gmt":"2026-04-04T12:23:42","guid":{"rendered":"https:\/\/www.gasia.com.tr\/?post_type=product&#038;p=41335"},"modified":"2026-04-07T21:15:54","modified_gmt":"2026-04-07T18:15:54","slug":"kartal-basli-okside-gumus-ve-altin-pirlanta-kolye","status":"publish","type":"product","link":"https:\/\/www.gasia.com.tr\/en\/collections\/kartal-basli-okside-gumus-ve-altin-pirlanta-kolye\/","title":{"rendered":"Kartal Ba\u015fl\u0131 Okside G\u00fcm\u00fc\u015f ve Alt\u0131n P\u0131rlanta Kolye"},"content":{"rendered":"<p>Kartal fig\u00fcr\u00fcyle tasarlanan bu kolye, g\u00fc\u00e7, \u00f6zg\u00fcrl\u00fck ve kararl\u0131l\u0131\u011f\u0131 simgeleyen dikkat \u00e7ekici bir par\u00e7ad\u0131r. Okside g\u00fcm\u00fc\u015f y\u00fczey \u00fczerine i\u015flenen detayl\u0131 t\u00fcy dokular\u0131, tasar\u0131ma derinlik kazand\u0131r\u0131rken alt\u0131n tonlu gaga detay\u0131 g\u00fc\u00e7l\u00fc bir kontrast olu\u015fturur. P\u0131rlanta ta\u015fl\u0131 g\u00f6z ve \u00e7evre detaylar\u0131, kolyeye ince bir \u0131\u015f\u0131lt\u0131 katar. Kal\u0131n ve karakterli zinciriyle birlikte g\u00fc\u00e7l\u00fc bir duru\u015f sunan bu tasar\u0131m, stilinde iddial\u0131 ve \u00f6zg\u00fcn par\u00e7alar tercih edenler i\u00e7in \u00f6ne \u00e7\u0131kar. G\u00fcnl\u00fck kullan\u0131mda fark yaratmak ya da \u00f6zel kombinleri tamamlamak i\u00e7in ideal bir aksesuard\u0131r.<\/p>","protected":false},"excerpt":{"rendered":"<ul>\n<li>14 Ayar Alt\u0131n<\/li>\n<li>925 Ayar Okside G\u00fcm\u00fc\u015f<\/li>\n<li>El i\u015f\u00e7ili\u011fi ile i\u015flenip boyanm\u0131\u015f Mammut Fosil Kemi\u011fi<\/li>\n<li>1,05 ct P\u0131rlanta<\/li>\n<li>0,20 ct 1 adet markiz Kesim P\u0131rlanta G\u00f6z<\/li>\n<\/ul>","protected":false},"featured_media":41336,"comment_status":"open","ping_status":"closed","template":"","meta":[],"product_brand":[],"product_cat":[75,256],"product_tag":[3024,1696,757,765,3033,2984,2967,3032,1810,633,294,3023,1487,2762,481,3025,3029,2140,480,473,3022,1484,3026,1365,490,3034,276,3031,3030,489,274,2987,1857,2073,3027,3028,1632,1809],"class_list":{"0":"post-41335","1":"product","2":"type-product","3":"status-publish","4":"has-post-thumbnail","6":"product_cat-kolye","7":"product_cat-erkek-kolye-ve-zincirler","8":"product_tag-altin-detayli-kolye","9":"product_tag-animal-pendant","10":"product_tag-biker-kolye","11":"product_tag-biker-necklace","12":"product_tag-bold-necklace","13":"product_tag-boutique-jewelry","14":"product_tag-butik-taki","15":"product_tag-buyuk-kolye","16":"product_tag-chain-necklace","17":"product_tag-designer-necklace","18":"product_tag-diamond-necklace","19":"product_tag-eagle-head-pendant","20":"product_tag-eagle-necklace","21":"product_tag-el-yapimi-kolye","22":"product_tag-erkek-kolye","23":"product_tag-gold-detail-necklace","24":"product_tag-guclu-stil-kolye","25":"product_tag-handmade-necklace","26":"product_tag-hayvan-figurlu-kolye","27":"product_tag-kadin-kolye","28":"product_tag-kartal-basi-kolye","29":"product_tag-kartal-kolye","30":"product_tag-men-necklace","31":"product_tag-okside-gumus-kolye","32":"product_tag-oxidized-silver-necklace","33":"product_tag-ozgun-tasarim-kolye","34":"product_tag-pirlanta-kolye","35":"product_tag-rock-style-necklace","36":"product_tag-rock-tarz-kolye","37":"product_tag-statement-necklace","38":"product_tag-tasarim-kolye","39":"product_tag-trend-taki","40":"product_tag-trendy-jewelry","41":"product_tag-unique-necklace","42":"product_tag-unisex-kolye","43":"product_tag-unisex-necklace","44":"product_tag-women-necklace","45":"product_tag-zincir-kolye","46":"pa_cinsiyet-erkek","48":"first","49":"instock","50":"shipping-taxable","51":"purchasable","52":"product-type-simple"},"_links":{"self":[{"href":"https:\/\/www.gasia.com.tr\/en\/wp-json\/wp\/v2\/product\/41335","targetHints":{"allow":["GET"]}}],"collection":[{"href":"https:\/\/www.gasia.com.tr\/en\/wp-json\/wp\/v2\/product"}],"about":[{"href":"https:\/\/www.gasia.com.tr\/en\/wp-json\/wp\/v2\/types\/product"}],"replies":[{"embeddable":true,"href":"https:\/\/www.gasia.com.tr\/en\/wp-json\/wp\/v2\/comments?post=41335"}],"version-history":[{"count":2,"href":"https:\/\/www.gasia.com.tr\/en\/wp-json\/wp\/v2\/product\/41335\/revisions"}],"predecessor-version":[{"id":41501,"href":"https:\/\/www.gasia.com.tr\/en\/wp-json\/wp\/v2\/product\/41335\/revisions\/41501"}],"wp:featuredmedia":[{"embeddable":true,"href":"https:\/\/www.gasia.com.tr\/en\/wp-json\/wp\/v2\/media\/41336"}],"wp:attachment":[{"href":"https:\/\/www.gasia.com.tr\/en\/wp-json\/wp\/v2\/media?parent=41335"}],"wp:term":[{"taxonomy":"product_brand","embeddable":true,"href":"https:\/\/www.gasia.com.tr\/en\/wp-json\/wp\/v2\/product_brand?post=41335"},{"taxonomy":"product_cat","embeddable":true,"href":"https:\/\/www.gasia.com.tr\/en\/wp-json\/wp\/v2\/product_cat?post=41335"},{"taxonomy":"product_tag","embeddable":true,"href":"https:\/\/www.gasia.com.tr\/en\/wp-json\/wp\/v2\/product_tag?post=41335"}],"curies":[{"name":"wp","href":"https:\/\/api.w.org\/{rel}","templated":true}]}}