{"id":41345,"date":"2026-04-06T21:28:18","date_gmt":"2026-04-06T18:28:18","guid":{"rendered":"https:\/\/www.gasia.com.tr\/?post_type=product&#038;p=41345"},"modified":"2026-04-16T22:15:56","modified_gmt":"2026-04-16T19:15:56","slug":"ham-elmas-ve-baget-pirlanta-detayli-beyaz-altin-kolye","status":"publish","type":"product","link":"https:\/\/www.gasia.com.tr\/en\/collections\/ham-elmas-ve-baget-pirlanta-detayli-beyaz-altin-kolye\/","title":{"rendered":"Ham elmas ve baget pirlanta detayli beyaz altin kolye"},"content":{"rendered":"<p>Merkezinde yer alan p\u0131rlanta ta\u015f ve etraf\u0131n\u0131 saran baget kesim p\u0131rlantalarla tasarlanan bu alt\u0131n kolye, g\u00fc\u00e7l\u00fc bir \u0131\u015f\u0131lt\u0131 sunar. I\u015f\u0131\u011f\u0131 farkl\u0131 a\u00e7\u0131lardan yans\u0131tan baget p\u0131rlantalar, tasar\u0131ma hareket ve dikkat \u00e7ekici bir parlakl\u0131k kazand\u0131r\u0131r. Dengeli ve g\u00f6z al\u0131c\u0131 formu sayesinde hem g\u00fcnl\u00fck kullan\u0131mda hem de \u00f6zel anlarda stilini tamamlayan etkili bir aksesuard\u0131r. I\u015f\u0131lt\u0131y\u0131 \u00f6n plana \u00e7\u0131karmak isteyenler i\u00e7in \u00f6ne \u00e7\u0131kan bir par\u00e7ad\u0131r.<\/p>","protected":false},"excerpt":{"rendered":"<ul>\n<li>18 Ayar Alt\u0131n<\/li>\n<li>0,45 ct Baget Kesim P\u0131rlanta<\/li>\n<li>1,08 ct Slice Kesim Kahve P\u0131rlanta<\/li>\n<\/ul>","protected":false},"featured_media":41356,"comment_status":"open","ping_status":"closed","template":"","meta":[],"product_brand":[2718],"product_cat":[75],"product_tag":[278,1425,3036,1429,3037,2984,2967,633,294,295,1637,1996,322,1995,3039,473,477,1417,277,1993,3038,2707,276,1477,474,3040,2678,274,2987,1857,1632,476],"class_list":{"0":"post-41345","1":"product","2":"type-product","3":"status-publish","4":"has-post-thumbnail","6":"product_brand-gasia-casuals","7":"product_cat-kolye","8":"product_tag-altin-kolye","9":"product_tag-baget-pirlanta-kolye","10":"product_tag-baget-tasli-kolye","11":"product_tag-baguette-diamond-necklace","12":"product_tag-baguette-stone-necklace","13":"product_tag-boutique-jewelry","14":"product_tag-butik-taki","15":"product_tag-designer-necklace","16":"product_tag-diamond-necklace","17":"product_tag-diamond-pendant","18":"product_tag-elegant-necklace","19":"product_tag-everyday-necklace","20":"product_tag-gold-necklace","21":"product_tag-gunluk-kolye","22":"product_tag-isiltili-kolye","23":"product_tag-kadin-kolye","24":"product_tag-luks-kolye","25":"product_tag-luxury-necklace","26":"product_tag-modern-kolye","27":"product_tag-modern-necklace","28":"product_tag-occasion-necklace","29":"product_tag-ozel-gun-kolyesi","30":"product_tag-pirlanta-kolye","31":"product_tag-pirlanta-tasli-kolye","32":"product_tag-sik-kolye","33":"product_tag-sparkling-necklace","34":"product_tag-stylish-necklace","35":"product_tag-tasarim-kolye","36":"product_tag-trend-taki","37":"product_tag-trendy-jewelry","38":"product_tag-women-necklace","39":"product_tag-zarif-kolye","40":"pa_cinsiyet-kadin","42":"first","43":"instock","44":"sale","45":"shipping-taxable","46":"purchasable","47":"product-type-simple"},"_links":{"self":[{"href":"https:\/\/www.gasia.com.tr\/en\/wp-json\/wp\/v2\/product\/41345","targetHints":{"allow":["GET"]}}],"collection":[{"href":"https:\/\/www.gasia.com.tr\/en\/wp-json\/wp\/v2\/product"}],"about":[{"href":"https:\/\/www.gasia.com.tr\/en\/wp-json\/wp\/v2\/types\/product"}],"replies":[{"embeddable":true,"href":"https:\/\/www.gasia.com.tr\/en\/wp-json\/wp\/v2\/comments?post=41345"}],"version-history":[{"count":3,"href":"https:\/\/www.gasia.com.tr\/en\/wp-json\/wp\/v2\/product\/41345\/revisions"}],"predecessor-version":[{"id":41977,"href":"https:\/\/www.gasia.com.tr\/en\/wp-json\/wp\/v2\/product\/41345\/revisions\/41977"}],"wp:featuredmedia":[{"embeddable":true,"href":"https:\/\/www.gasia.com.tr\/en\/wp-json\/wp\/v2\/media\/41356"}],"wp:attachment":[{"href":"https:\/\/www.gasia.com.tr\/en\/wp-json\/wp\/v2\/media?parent=41345"}],"wp:term":[{"taxonomy":"product_brand","embeddable":true,"href":"https:\/\/www.gasia.com.tr\/en\/wp-json\/wp\/v2\/product_brand?post=41345"},{"taxonomy":"product_cat","embeddable":true,"href":"https:\/\/www.gasia.com.tr\/en\/wp-json\/wp\/v2\/product_cat?post=41345"},{"taxonomy":"product_tag","embeddable":true,"href":"https:\/\/www.gasia.com.tr\/en\/wp-json\/wp\/v2\/product_tag?post=41345"}],"curies":[{"name":"wp","href":"https:\/\/api.w.org\/{rel}","templated":true}]}}