{"id":41348,"date":"2026-04-06T21:29:43","date_gmt":"2026-04-06T18:29:43","guid":{"rendered":"https:\/\/www.gasia.com.tr\/?post_type=product&#038;p=41348"},"modified":"2026-04-13T12:27:29","modified_gmt":"2026-04-13T09:27:29","slug":"firuze-tasli-pirlanta-detayli-goz-altin-kolye","status":"publish","type":"product","link":"https:\/\/www.gasia.com.tr\/en\/collections\/firuze-tasli-pirlanta-detayli-goz-altin-kolye\/","title":{"rendered":"Firuze Ta\u015fl\u0131 P\u0131rlanta Detayl\u0131 G\u00f6z Alt\u0131n Kolye"},"content":{"rendered":"<p>Merkezinde yer alan parlak firuze ta\u015f\u0131 ve etraf\u0131n\u0131 saran p\u0131rlanta detaylar\u0131yla tasarlanan bu g\u00f6z kolye, dikkat \u00e7ekici ve anlam y\u00fckl\u00fc bir par\u00e7ad\u0131r. G\u00f6z formu, stiline farkl\u0131 bir karakter katarken firuzenin canl\u0131 tonu tasar\u0131ma enerjik bir dokunu\u015f kazand\u0131r\u0131r. P\u0131rlantalar\u0131n \u0131\u015f\u0131lt\u0131s\u0131 ile dengelenen bu \u00f6zel tasar\u0131m, g\u00fcnl\u00fck kullan\u0131mda zarif bir tamamlay\u0131c\u0131 olurken \u00f6zel anlarda da \u00f6ne \u00e7\u0131kar. Sade ama etkili bir aksesuar arayanlar i\u00e7in ideal bir se\u00e7imdir.<\/p>","protected":false},"excerpt":{"rendered":"<ul>\n<li>18 Ayar Alt\u0131n<\/li>\n<li>0,045 ct P\u0131rlanta<\/li>\n<li>\u00a0Firuze<\/li>\n<\/ul>","protected":false},"featured_media":41349,"comment_status":"open","ping_status":"closed","template":"","meta":[],"product_brand":[],"product_cat":[247,75,198],"product_tag":[278,2984,2967,633,1605,294,1637,1996,726,2717,1093,1092,322,2673,1995,473,273,323,277,1993,280,472,276,474,2678,274,2987,1857,1095,1349,1632,476],"class_list":{"0":"post-41348","1":"product","2":"type-product","3":"status-publish","4":"has-post-thumbnail","6":"product_cat-hediyelik","7":"product_cat-kolye","8":"product_cat-eye-collection","9":"product_tag-altin-kolye","10":"product_tag-boutique-jewelry","11":"product_tag-butik-taki","12":"product_tag-designer-necklace","13":"product_tag-diamond-detail-necklace","14":"product_tag-diamond-necklace","15":"product_tag-elegant-necklace","16":"product_tag-everyday-necklace","17":"product_tag-evil-eye-necklace","18":"product_tag-evil-eye-pendant","19":"product_tag-firuze-kolye","20":"product_tag-firuze-tasli-kolye","21":"product_tag-gold-necklace","22":"product_tag-goz-kolye","23":"product_tag-gunluk-kolye","24":"product_tag-kadin-kolye","25":"product_tag-minimal-kolye","26":"product_tag-minimal-necklace","27":"product_tag-modern-kolye","28":"product_tag-modern-necklace","29":"product_tag-nazar-kolye","30":"product_tag-pirlanta-detayli-kolye","31":"product_tag-pirlanta-kolye","32":"product_tag-sik-kolye","33":"product_tag-stylish-necklace","34":"product_tag-tasarim-kolye","35":"product_tag-trend-taki","36":"product_tag-trendy-jewelry","37":"product_tag-turquoise-necklace","38":"product_tag-turquoise-stone-necklace","39":"product_tag-women-necklace","40":"product_tag-zarif-kolye","41":"pa_cinsiyet-kadin","43":"first","44":"instock","45":"shipping-taxable","46":"purchasable","47":"product-type-simple"},"_links":{"self":[{"href":"https:\/\/www.gasia.com.tr\/en\/wp-json\/wp\/v2\/product\/41348","targetHints":{"allow":["GET"]}}],"collection":[{"href":"https:\/\/www.gasia.com.tr\/en\/wp-json\/wp\/v2\/product"}],"about":[{"href":"https:\/\/www.gasia.com.tr\/en\/wp-json\/wp\/v2\/types\/product"}],"replies":[{"embeddable":true,"href":"https:\/\/www.gasia.com.tr\/en\/wp-json\/wp\/v2\/comments?post=41348"}],"version-history":[{"count":5,"href":"https:\/\/www.gasia.com.tr\/en\/wp-json\/wp\/v2\/product\/41348\/revisions"}],"predecessor-version":[{"id":41976,"href":"https:\/\/www.gasia.com.tr\/en\/wp-json\/wp\/v2\/product\/41348\/revisions\/41976"}],"wp:featuredmedia":[{"embeddable":true,"href":"https:\/\/www.gasia.com.tr\/en\/wp-json\/wp\/v2\/media\/41349"}],"wp:attachment":[{"href":"https:\/\/www.gasia.com.tr\/en\/wp-json\/wp\/v2\/media?parent=41348"}],"wp:term":[{"taxonomy":"product_brand","embeddable":true,"href":"https:\/\/www.gasia.com.tr\/en\/wp-json\/wp\/v2\/product_brand?post=41348"},{"taxonomy":"product_cat","embeddable":true,"href":"https:\/\/www.gasia.com.tr\/en\/wp-json\/wp\/v2\/product_cat?post=41348"},{"taxonomy":"product_tag","embeddable":true,"href":"https:\/\/www.gasia.com.tr\/en\/wp-json\/wp\/v2\/product_tag?post=41348"}],"curies":[{"name":"wp","href":"https:\/\/api.w.org\/{rel}","templated":true}]}}