{"id":41352,"date":"2026-04-06T21:33:06","date_gmt":"2026-04-06T18:33:06","guid":{"rendered":"https:\/\/www.gasia.com.tr\/?post_type=product&#038;p=41352"},"modified":"2026-04-13T12:19:17","modified_gmt":"2026-04-13T09:19:17","slug":"yesil-granat-tasli-pirlanta-detayli-goz-altin-kolye","status":"publish","type":"product","link":"https:\/\/www.gasia.com.tr\/en\/collections\/yesil-granat-tasli-pirlanta-detayli-goz-altin-kolye\/","title":{"rendered":"Ye\u015fil Granat Ta\u015fl\u0131 P\u0131rlanta Detayl\u0131 G\u00f6z Alt\u0131n Kolye"},"content":{"rendered":"<p data-start=\"156\" data-end=\"591\">Merkezinde yer alan canl\u0131 ye\u015fil granat ta\u015f\u0131 ve etraf\u0131n\u0131 saran p\u0131rlanta detaylar\u0131yla tasarlanan bu g\u00f6z kolye, dikkat \u00e7ekici ve anlaml\u0131 bir par\u00e7ad\u0131r. G\u00f6z formu, stiline karakter katarken Granat\u0131n derin ye\u015fil tonu tasar\u0131ma g\u00fc\u00e7l\u00fc bir ifade kazand\u0131r\u0131r. P\u0131rlantalar\u0131n \u0131\u015f\u0131lt\u0131s\u0131 ile dengelenen bu \u00f6zel tasar\u0131m, g\u00fcnl\u00fck kullan\u0131mda zarif bir tamamlay\u0131c\u0131 olurken \u00f6zel anlarda da \u00f6ne \u00e7\u0131kar. Sade ama etkili bir aksesuar arayanlar i\u00e7in ideal bir se\u00e7imdir.<\/p>","protected":false},"excerpt":{"rendered":"<ul>\n<li>14 Ayar Alt\u0131n<\/li>\n<li>0,05 ct P\u0131rlanta<\/li>\n<li>0,036 ct Ye\u015fil Granat<\/li>\n<\/ul>","protected":false},"featured_media":41353,"comment_status":"open","ping_status":"closed","template":"","meta":[],"product_brand":[2718,2719],"product_cat":[247,75,198],"product_tag":[278,2984,2967,633,1605,294,1637,1408,3041,1996,726,2717,322,2673,1995,473,273,323,277,1993,280,472,276,474,2678,274,2987,1857,1632,476,1401,1662],"class_list":{"0":"post-41352","1":"product","2":"type-product","3":"status-publish","4":"has-post-thumbnail","6":"product_brand-gasia-casuals","7":"product_brand-gasia-protect","8":"product_cat-hediyelik","9":"product_cat-kolye","10":"product_cat-eye-collection","11":"product_tag-altin-kolye","12":"product_tag-boutique-jewelry","13":"product_tag-butik-taki","14":"product_tag-designer-necklace","15":"product_tag-diamond-detail-necklace","16":"product_tag-diamond-necklace","17":"product_tag-elegant-necklace","18":"product_tag-emerald-necklace","19":"product_tag-emerald-stone-necklace","20":"product_tag-everyday-necklace","21":"product_tag-evil-eye-necklace","22":"product_tag-evil-eye-pendant","23":"product_tag-gold-necklace","24":"product_tag-goz-kolye","25":"product_tag-gunluk-kolye","26":"product_tag-kadin-kolye","27":"product_tag-minimal-kolye","28":"product_tag-minimal-necklace","29":"product_tag-modern-kolye","30":"product_tag-modern-necklace","31":"product_tag-nazar-kolye","32":"product_tag-pirlanta-detayli-kolye","33":"product_tag-pirlanta-kolye","34":"product_tag-sik-kolye","35":"product_tag-stylish-necklace","36":"product_tag-tasarim-kolye","37":"product_tag-trend-taki","38":"product_tag-trendy-jewelry","39":"product_tag-women-necklace","40":"product_tag-zarif-kolye","41":"product_tag-zumrut-kolye","42":"product_tag-zumrut-tasli-kolye","43":"pa_cinsiyet-kadin","45":"first","46":"instock","47":"shipping-taxable","48":"purchasable","49":"product-type-simple"},"_links":{"self":[{"href":"https:\/\/www.gasia.com.tr\/en\/wp-json\/wp\/v2\/product\/41352","targetHints":{"allow":["GET"]}}],"collection":[{"href":"https:\/\/www.gasia.com.tr\/en\/wp-json\/wp\/v2\/product"}],"about":[{"href":"https:\/\/www.gasia.com.tr\/en\/wp-json\/wp\/v2\/types\/product"}],"replies":[{"embeddable":true,"href":"https:\/\/www.gasia.com.tr\/en\/wp-json\/wp\/v2\/comments?post=41352"}],"version-history":[{"count":3,"href":"https:\/\/www.gasia.com.tr\/en\/wp-json\/wp\/v2\/product\/41352\/revisions"}],"predecessor-version":[{"id":41973,"href":"https:\/\/www.gasia.com.tr\/en\/wp-json\/wp\/v2\/product\/41352\/revisions\/41973"}],"wp:featuredmedia":[{"embeddable":true,"href":"https:\/\/www.gasia.com.tr\/en\/wp-json\/wp\/v2\/media\/41353"}],"wp:attachment":[{"href":"https:\/\/www.gasia.com.tr\/en\/wp-json\/wp\/v2\/media?parent=41352"}],"wp:term":[{"taxonomy":"product_brand","embeddable":true,"href":"https:\/\/www.gasia.com.tr\/en\/wp-json\/wp\/v2\/product_brand?post=41352"},{"taxonomy":"product_cat","embeddable":true,"href":"https:\/\/www.gasia.com.tr\/en\/wp-json\/wp\/v2\/product_cat?post=41352"},{"taxonomy":"product_tag","embeddable":true,"href":"https:\/\/www.gasia.com.tr\/en\/wp-json\/wp\/v2\/product_tag?post=41352"}],"curies":[{"name":"wp","href":"https:\/\/api.w.org\/{rel}","templated":true}]}}