{"id":41366,"date":"2026-04-06T21:42:18","date_gmt":"2026-04-06T18:42:18","guid":{"rendered":"https:\/\/www.gasia.com.tr\/?post_type=product&#038;p=41366"},"modified":"2026-04-07T16:59:20","modified_gmt":"2026-04-07T13:59:20","slug":"inci-ve-safir-tasli-cop-adam-altin-kolye","status":"publish","type":"product","link":"https:\/\/www.gasia.com.tr\/en\/collections\/inci-ve-safir-tasli-cop-adam-altin-kolye\/","title":{"rendered":"\u0130nci ve Safir Ta\u015fl\u0131 \u00c7\u00f6p Adam Alt\u0131n Kolye"},"content":{"rendered":"<p>\u0130nci ve safir ta\u015f detaylar\u0131yla tasarlanan bu \u00e7\u00f6p adam kolye, e\u011flenceli ve \u00f6zg\u00fcn bir stil sunar. \u00dcst k\u0131sm\u0131ndaki inci ba\u015f formu tasar\u0131ma zarif bir dokunu\u015f katarken, merkezde yer alan safir ta\u015f dikkat \u00e7ekici bir renk vurgusu olu\u015fturur. Alt\u0131n detaylarla tamamlanan \u00e7\u00f6p adam fig\u00fcr\u00fc, sade ama karakterli bir g\u00f6r\u00fcn\u00fcm sunar. G\u00fcnl\u00fck kullan\u0131mda stiline farkl\u0131 ve ne\u015feli bir hava katmak isteyenler i\u00e7in ideal bir aksesuard\u0131r.<\/p>","protected":false},"excerpt":{"rendered":"<ul>\n<li>14 Ayar Alt\u0131n<\/li>\n<li>0,59 ct Renklendirilmemi\u015f Do\u011fal Seylan Safir<\/li>\n<li>4 mm \u0130nci<\/li>\n<li>42 cm Uuznlu\u011funda Zincir<\/li>\n<\/ul>","protected":false},"featured_media":41367,"comment_status":"open","ping_status":"closed","template":"","meta":[],"product_brand":[2718],"product_cat":[247,75],"product_tag":[278,2984,2967,2944,3042,633,3044,1996,1991,3045,322,1995,2102,473,277,1993,2105,1794,1795,474,3043,2678,274,2987,1857,1632],"class_list":{"0":"post-41366","1":"product","2":"type-product","3":"status-publish","4":"has-post-thumbnail","6":"product_brand-gasia-casuals","7":"product_cat-hediyelik","8":"product_cat-kolye","9":"product_tag-altin-kolye","10":"product_tag-boutique-jewelry","11":"product_tag-butik-taki","12":"product_tag-charm-necklace","13":"product_tag-cop-adam-kolye","14":"product_tag-designer-necklace","15":"product_tag-eglenceli-kolye","16":"product_tag-everyday-necklace","17":"product_tag-figurlu-kolye","18":"product_tag-fun-necklace","19":"product_tag-gold-necklace","20":"product_tag-gunluk-kolye","21":"product_tag-inci-kolye","22":"product_tag-kadin-kolye","23":"product_tag-modern-kolye","24":"product_tag-modern-necklace","25":"product_tag-pearl-necklace","26":"product_tag-safir-kolye","27":"product_tag-sapphire-necklace","28":"product_tag-sik-kolye","29":"product_tag-stick-figure-necklace","30":"product_tag-stylish-necklace","31":"product_tag-tasarim-kolye","32":"product_tag-trend-taki","33":"product_tag-trendy-jewelry","34":"product_tag-women-necklace","35":"pa_cinsiyet-kadin","37":"first","38":"instock","39":"shipping-taxable","40":"purchasable","41":"product-type-simple"},"_links":{"self":[{"href":"https:\/\/www.gasia.com.tr\/en\/wp-json\/wp\/v2\/product\/41366","targetHints":{"allow":["GET"]}}],"collection":[{"href":"https:\/\/www.gasia.com.tr\/en\/wp-json\/wp\/v2\/product"}],"about":[{"href":"https:\/\/www.gasia.com.tr\/en\/wp-json\/wp\/v2\/types\/product"}],"replies":[{"embeddable":true,"href":"https:\/\/www.gasia.com.tr\/en\/wp-json\/wp\/v2\/comments?post=41366"}],"version-history":[{"count":2,"href":"https:\/\/www.gasia.com.tr\/en\/wp-json\/wp\/v2\/product\/41366\/revisions"}],"predecessor-version":[{"id":41467,"href":"https:\/\/www.gasia.com.tr\/en\/wp-json\/wp\/v2\/product\/41366\/revisions\/41467"}],"wp:featuredmedia":[{"embeddable":true,"href":"https:\/\/www.gasia.com.tr\/en\/wp-json\/wp\/v2\/media\/41367"}],"wp:attachment":[{"href":"https:\/\/www.gasia.com.tr\/en\/wp-json\/wp\/v2\/media?parent=41366"}],"wp:term":[{"taxonomy":"product_brand","embeddable":true,"href":"https:\/\/www.gasia.com.tr\/en\/wp-json\/wp\/v2\/product_brand?post=41366"},{"taxonomy":"product_cat","embeddable":true,"href":"https:\/\/www.gasia.com.tr\/en\/wp-json\/wp\/v2\/product_cat?post=41366"},{"taxonomy":"product_tag","embeddable":true,"href":"https:\/\/www.gasia.com.tr\/en\/wp-json\/wp\/v2\/product_tag?post=41366"}],"curies":[{"name":"wp","href":"https:\/\/api.w.org\/{rel}","templated":true}]}}