{"id":41369,"date":"2026-04-06T21:43:28","date_gmt":"2026-04-06T18:43:28","guid":{"rendered":"https:\/\/www.gasia.com.tr\/?post_type=product&#038;p=41369"},"modified":"2026-04-07T16:56:31","modified_gmt":"2026-04-07T13:56:31","slug":"baget-pirlanta-detayli-altin-zincir-bileklik","status":"publish","type":"product","link":"https:\/\/www.gasia.com.tr\/en\/collections\/baget-pirlanta-detayli-altin-zincir-bileklik\/","title":{"rendered":"Baget P\u0131rlanta Detayl\u0131 Alt\u0131n Zincir Bileklik"},"content":{"rendered":"<p data-start=\"144\" data-end=\"600\">Kal\u0131n zincir formu ve merkezde yer alan baget p\u0131rlanta detayl\u0131 yuvarlak tasar\u0131m\u0131yla \u00f6ne \u00e7\u0131kan bu bileklik, g\u00fc\u00e7l\u00fc ve dikkat \u00e7ekici bir stil sunar. Alt\u0131n zincirin parlak yap\u0131s\u0131, ortadaki baget kesim p\u0131rlantalarla birle\u015ferek dengeli bir \u0131\u015f\u0131lt\u0131 olu\u015fturur. Modern ve iddial\u0131 tasar\u0131m\u0131 sayesinde hem g\u00fcnl\u00fck kullan\u0131mda hem de \u00f6zel anlarda stilini tamamlayan etkili bir par\u00e7ad\u0131r. Bilekte g\u00fc\u00e7l\u00fc bir duru\u015f sergileyen bu tasar\u0131m, sade kombinleri bile \u00f6n plana \u00e7\u0131kar\u0131r.<\/p>","protected":false},"excerpt":{"rendered":"<ul>\n<li>14 Ayar Alt\u0131n<\/li>\n<li>0,16 ct 12 Adet Baget Kesim P\u0131rlanta<\/li>\n<li>0,10 ct 28 adet Yuvarlak Kesim P\u0131rlanta<\/li>\n<li>17,5 cm Uzunluk<\/li>\n<\/ul>\n<p>&nbsp;<\/p>","protected":false},"featured_media":41370,"comment_status":"open","ping_status":"closed","template":"","meta":[],"product_brand":[2718],"product_cat":[73],"product_tag":[504,3046,3048,3047,3049,2984,2967,1799,1801,420,507,2985,794,2223,365,1800,367,510,363,622,358,366,1804,1805,2250,364,2987,1857,1803,435],"class_list":{"0":"post-41369","1":"product","2":"type-product","3":"status-publish","4":"has-post-thumbnail","6":"product_brand-gasia-casuals","7":"product_cat-altin-pirlanta-bileklik","8":"product_tag-altin-bileklik","9":"product_tag-baget-pirlanta-bileklik","10":"product_tag-baget-tasli-bileklik","11":"product_tag-baguette-diamond-bracelet","12":"product_tag-baguette-stone-bracelet","13":"product_tag-boutique-jewelry","14":"product_tag-butik-taki","15":"product_tag-chain-bracelet","16":"product_tag-chunky-chain-bracelet","17":"product_tag-designer-bracelet","18":"product_tag-diamond-bracelet","19":"product_tag-everyday-bracelet","20":"product_tag-gold-bracelet","21":"product_tag-gunluk-bileklik","22":"product_tag-kadin-bileklik","23":"product_tag-kalin-zincir-bileklik","24":"product_tag-luks-bileklik","25":"product_tag-luxury-bracelet","26":"product_tag-modern-bileklik","27":"product_tag-modern-bracelet","28":"product_tag-pirlanta-bileklik","29":"product_tag-sik-bileklik","30":"product_tag-statement-bileklik","31":"product_tag-statement-bracelet","32":"product_tag-stylish-bracelet","33":"product_tag-tasarim-bileklik","34":"product_tag-trend-taki","35":"product_tag-trendy-jewelry","36":"product_tag-women-bracelet","37":"product_tag-zincir-bileklik","38":"pa_cinsiyet-kadin","40":"first","41":"instock","42":"sale","43":"shipping-taxable","44":"purchasable","45":"product-type-simple"},"_links":{"self":[{"href":"https:\/\/www.gasia.com.tr\/en\/wp-json\/wp\/v2\/product\/41369","targetHints":{"allow":["GET"]}}],"collection":[{"href":"https:\/\/www.gasia.com.tr\/en\/wp-json\/wp\/v2\/product"}],"about":[{"href":"https:\/\/www.gasia.com.tr\/en\/wp-json\/wp\/v2\/types\/product"}],"replies":[{"embeddable":true,"href":"https:\/\/www.gasia.com.tr\/en\/wp-json\/wp\/v2\/comments?post=41369"}],"version-history":[{"count":2,"href":"https:\/\/www.gasia.com.tr\/en\/wp-json\/wp\/v2\/product\/41369\/revisions"}],"predecessor-version":[{"id":41465,"href":"https:\/\/www.gasia.com.tr\/en\/wp-json\/wp\/v2\/product\/41369\/revisions\/41465"}],"wp:featuredmedia":[{"embeddable":true,"href":"https:\/\/www.gasia.com.tr\/en\/wp-json\/wp\/v2\/media\/41370"}],"wp:attachment":[{"href":"https:\/\/www.gasia.com.tr\/en\/wp-json\/wp\/v2\/media?parent=41369"}],"wp:term":[{"taxonomy":"product_brand","embeddable":true,"href":"https:\/\/www.gasia.com.tr\/en\/wp-json\/wp\/v2\/product_brand?post=41369"},{"taxonomy":"product_cat","embeddable":true,"href":"https:\/\/www.gasia.com.tr\/en\/wp-json\/wp\/v2\/product_cat?post=41369"},{"taxonomy":"product_tag","embeddable":true,"href":"https:\/\/www.gasia.com.tr\/en\/wp-json\/wp\/v2\/product_tag?post=41369"}],"curies":[{"name":"wp","href":"https:\/\/api.w.org\/{rel}","templated":true}]}}