{"id":41372,"date":"2026-04-06T21:46:12","date_gmt":"2026-04-06T18:46:12","guid":{"rendered":"https:\/\/www.gasia.com.tr\/?post_type=product&#038;p=41372"},"modified":"2026-04-16T10:21:55","modified_gmt":"2026-04-16T07:21:55","slug":"rutil-kuvars-ve-pirlanta-detayli-kalp-altin-kolye","status":"publish","type":"product","link":"https:\/\/www.gasia.com.tr\/en\/collections\/rutil-kuvars-ve-pirlanta-detayli-kalp-altin-kolye\/","title":{"rendered":"Rutil Kuvars ve P\u0131rlanta Detayl\u0131 Kalp Alt\u0131n Kolye"},"content":{"rendered":"<p>Kalp formunda tasarlanan bu \u00f6zel kolye, merkezinde yer alan rutil kuvars ta\u015f\u0131yla dikkat \u00e7eker. Do\u011fal yap\u0131s\u0131 i\u00e7indeki ince \u00e7izgisel olu\u015fumlarla her par\u00e7a kendine \u00f6zg\u00fc bir g\u00f6r\u00fcn\u00fcm sunar. Etraf\u0131n\u0131 saran p\u0131rlanta detaylar, tasar\u0131ma zarif bir \u0131\u015f\u0131lt\u0131 kazand\u0131r\u0131rken alt\u0131n zincir ile dengeli bir b\u00fct\u00fcnl\u00fck olu\u015fturur. Do\u011fal ta\u015f\u0131n karakteri ile p\u0131rlantan\u0131n \u0131\u015f\u0131lt\u0131s\u0131n\u0131 bir araya getiren bu kolye, hem g\u00fcnl\u00fck kullan\u0131mda hem de \u00f6zel anlarda stilini tamamlayan etkileyici bir par\u00e7ad\u0131r.<\/p>","protected":false},"excerpt":{"rendered":"<ul>\n<li>18 Ayar Alt\u0131n<\/li>\n<li>0,37ct P\u0131rlanta<\/li>\n<li>4,02ct Rutil Kuvars<\/li>\n<\/ul>","protected":false},"featured_media":41373,"comment_status":"open","ping_status":"closed","template":"","meta":[],"product_brand":[2718],"product_cat":[269,75],"product_tag":[278,2984,2967,633,1605,294,1623,1637,1996,322,1995,2115,473,2146,477,1417,1630,3038,2707,472,276,1621,3050,1628,3051,474,2678,274,2987,1857,1632,476],"class_list":{"0":"post-41372","1":"product","2":"type-product","3":"status-publish","4":"has-post-thumbnail","6":"product_brand-gasia-casuals","7":"product_cat-gem-world-degerli-tasli-mucevher","8":"product_cat-kolye","9":"product_tag-altin-kolye","10":"product_tag-boutique-jewelry","11":"product_tag-butik-taki","12":"product_tag-designer-necklace","13":"product_tag-diamond-detail-necklace","14":"product_tag-diamond-necklace","15":"product_tag-dogal-tas-kolye","16":"product_tag-elegant-necklace","17":"product_tag-everyday-necklace","18":"product_tag-gold-necklace","19":"product_tag-gunluk-kolye","20":"product_tag-heart-necklace","21":"product_tag-kadin-kolye","22":"product_tag-kalp-kolye","23":"product_tag-luks-kolye","24":"product_tag-luxury-necklace","25":"product_tag-natural-stone-necklace","26":"product_tag-occasion-necklace","27":"product_tag-ozel-gun-kolyesi","28":"product_tag-pirlanta-detayli-kolye","29":"product_tag-pirlanta-kolye","30":"product_tag-rutil-kuvars-kolye","31":"product_tag-rutil-kuvars-tasli-kolye","32":"product_tag-rutilated-quartz-necklace","33":"product_tag-rutilated-quartz-pendant","34":"product_tag-sik-kolye","35":"product_tag-stylish-necklace","36":"product_tag-tasarim-kolye","37":"product_tag-trend-taki","38":"product_tag-trendy-jewelry","39":"product_tag-women-necklace","40":"product_tag-zarif-kolye","41":"pa_cinsiyet-kadin","43":"first","44":"instock","45":"sale","46":"shipping-taxable","47":"purchasable","48":"product-type-simple"},"_links":{"self":[{"href":"https:\/\/www.gasia.com.tr\/en\/wp-json\/wp\/v2\/product\/41372","targetHints":{"allow":["GET"]}}],"collection":[{"href":"https:\/\/www.gasia.com.tr\/en\/wp-json\/wp\/v2\/product"}],"about":[{"href":"https:\/\/www.gasia.com.tr\/en\/wp-json\/wp\/v2\/types\/product"}],"replies":[{"embeddable":true,"href":"https:\/\/www.gasia.com.tr\/en\/wp-json\/wp\/v2\/comments?post=41372"}],"version-history":[{"count":2,"href":"https:\/\/www.gasia.com.tr\/en\/wp-json\/wp\/v2\/product\/41372\/revisions"}],"predecessor-version":[{"id":41630,"href":"https:\/\/www.gasia.com.tr\/en\/wp-json\/wp\/v2\/product\/41372\/revisions\/41630"}],"wp:featuredmedia":[{"embeddable":true,"href":"https:\/\/www.gasia.com.tr\/en\/wp-json\/wp\/v2\/media\/41373"}],"wp:attachment":[{"href":"https:\/\/www.gasia.com.tr\/en\/wp-json\/wp\/v2\/media?parent=41372"}],"wp:term":[{"taxonomy":"product_brand","embeddable":true,"href":"https:\/\/www.gasia.com.tr\/en\/wp-json\/wp\/v2\/product_brand?post=41372"},{"taxonomy":"product_cat","embeddable":true,"href":"https:\/\/www.gasia.com.tr\/en\/wp-json\/wp\/v2\/product_cat?post=41372"},{"taxonomy":"product_tag","embeddable":true,"href":"https:\/\/www.gasia.com.tr\/en\/wp-json\/wp\/v2\/product_tag?post=41372"}],"curies":[{"name":"wp","href":"https:\/\/api.w.org\/{rel}","templated":true}]}}