{"id":41376,"date":"2026-04-06T21:48:54","date_gmt":"2026-04-06T18:48:54","guid":{"rendered":"https:\/\/www.gasia.com.tr\/?post_type=product&#038;p=41376"},"modified":"2026-04-07T16:34:13","modified_gmt":"2026-04-07T13:34:13","slug":"firuze-ve-pirlanta-detayli-nazar-goz-altin-kolye","status":"publish","type":"product","link":"https:\/\/www.gasia.com.tr\/en\/collections\/firuze-ve-pirlanta-detayli-nazar-goz-altin-kolye\/","title":{"rendered":"Firuze ve P\u0131rlanta Detayl\u0131 Nazar G\u00f6z Alt\u0131n Kolye"},"content":{"rendered":"<p>Nazar g\u00f6z formuyla tasarlanan bu alt\u0131n kolye, renk ve anlam\u0131 bir araya getiren dikkat \u00e7ekici bir par\u00e7ad\u0131r. D\u0131\u015f y\u00fczeyde kullan\u0131lan firuze ta\u015flar canl\u0131 bir g\u00f6r\u00fcn\u00fcm sunarken, merkezde yer alan koyu mavi g\u00f6z formu tasar\u0131ma derinlik katar. Ortadaki p\u0131rlanta detay\u0131 ise \u0131\u015f\u0131\u011f\u0131 zarif bir \u015fekilde yans\u0131tarak kolyeye ince bir \u0131\u015f\u0131lt\u0131 kazand\u0131r\u0131r. Alt\u0131n \u00e7er\u00e7eve ile tamamlanan bu tasar\u0131m, g\u00fcnl\u00fck kullan\u0131mda stiline anlaml\u0131 ve enerjik bir dokunu\u015f katmak isteyenler i\u00e7in ideal bir se\u00e7enektir.<\/p>","protected":false},"excerpt":{"rendered":"<ul>\n<li>14 Ayar Alt\u0131n<\/li>\n<li>0,09 ct 1 adet P\u0131rlanta<\/li>\n<li>45 zm uzunluk<\/li>\n<li>Firuze ile yap\u0131lm\u0131\u015f mikromozaik<\/li>\n<li>Lacivert Nazar G\u00f6z Rengi Mine<\/li>\n<\/ul>","protected":false},"featured_media":41377,"comment_status":"open","ping_status":"closed","template":"","meta":[],"product_brand":[2718,2719],"product_cat":[247,75,198],"product_tag":[278,2984,2967,633,294,1637,1996,726,2717,3052,1093,1092,322,2673,1995,473,277,1993,1202,280,276,474,2678,274,2987,1857,1095,1349,1632,476],"class_list":{"0":"post-41376","1":"product","2":"type-product","3":"status-publish","4":"has-post-thumbnail","6":"product_brand-gasia-casuals","7":"product_brand-gasia-protect","8":"product_cat-hediyelik","9":"product_cat-kolye","10":"product_cat-eye-collection","11":"product_tag-altin-kolye","12":"product_tag-boutique-jewelry","13":"product_tag-butik-taki","14":"product_tag-designer-necklace","15":"product_tag-diamond-necklace","16":"product_tag-elegant-necklace","17":"product_tag-everyday-necklace","18":"product_tag-evil-eye-necklace","19":"product_tag-evil-eye-pendant","20":"product_tag-eye-necklace","21":"product_tag-firuze-kolye","22":"product_tag-firuze-tasli-kolye","23":"product_tag-gold-necklace","24":"product_tag-goz-kolye","25":"product_tag-gunluk-kolye","26":"product_tag-kadin-kolye","27":"product_tag-modern-kolye","28":"product_tag-modern-necklace","29":"product_tag-nazar-goz-kolye","30":"product_tag-nazar-kolye","31":"product_tag-pirlanta-kolye","32":"product_tag-sik-kolye","33":"product_tag-stylish-necklace","34":"product_tag-tasarim-kolye","35":"product_tag-trend-taki","36":"product_tag-trendy-jewelry","37":"product_tag-turquoise-necklace","38":"product_tag-turquoise-stone-necklace","39":"product_tag-women-necklace","40":"product_tag-zarif-kolye","41":"pa_cinsiyet-kadin","43":"first","44":"instock","45":"shipping-taxable","46":"purchasable","47":"product-type-simple"},"_links":{"self":[{"href":"https:\/\/www.gasia.com.tr\/en\/wp-json\/wp\/v2\/product\/41376","targetHints":{"allow":["GET"]}}],"collection":[{"href":"https:\/\/www.gasia.com.tr\/en\/wp-json\/wp\/v2\/product"}],"about":[{"href":"https:\/\/www.gasia.com.tr\/en\/wp-json\/wp\/v2\/types\/product"}],"replies":[{"embeddable":true,"href":"https:\/\/www.gasia.com.tr\/en\/wp-json\/wp\/v2\/comments?post=41376"}],"version-history":[{"count":2,"href":"https:\/\/www.gasia.com.tr\/en\/wp-json\/wp\/v2\/product\/41376\/revisions"}],"predecessor-version":[{"id":41455,"href":"https:\/\/www.gasia.com.tr\/en\/wp-json\/wp\/v2\/product\/41376\/revisions\/41455"}],"wp:featuredmedia":[{"embeddable":true,"href":"https:\/\/www.gasia.com.tr\/en\/wp-json\/wp\/v2\/media\/41377"}],"wp:attachment":[{"href":"https:\/\/www.gasia.com.tr\/en\/wp-json\/wp\/v2\/media?parent=41376"}],"wp:term":[{"taxonomy":"product_brand","embeddable":true,"href":"https:\/\/www.gasia.com.tr\/en\/wp-json\/wp\/v2\/product_brand?post=41376"},{"taxonomy":"product_cat","embeddable":true,"href":"https:\/\/www.gasia.com.tr\/en\/wp-json\/wp\/v2\/product_cat?post=41376"},{"taxonomy":"product_tag","embeddable":true,"href":"https:\/\/www.gasia.com.tr\/en\/wp-json\/wp\/v2\/product_tag?post=41376"}],"curies":[{"name":"wp","href":"https:\/\/api.w.org\/{rel}","templated":true}]}}