{"id":41380,"date":"2026-04-06T21:50:06","date_gmt":"2026-04-06T18:50:06","guid":{"rendered":"https:\/\/www.gasia.com.tr\/?post_type=product&#038;p=41380"},"modified":"2026-04-07T15:37:49","modified_gmt":"2026-04-07T12:37:49","slug":"pirlanta-detayli-halka-formlu-altin-bileklik","status":"publish","type":"product","link":"https:\/\/www.gasia.com.tr\/en\/collections\/pirlanta-detayli-halka-formlu-altin-bileklik\/","title":{"rendered":"P\u0131rlanta Detayl\u0131 Halka Formlu Alt\u0131n Bileklik"},"content":{"rendered":"<p>Zarif halka form detaylar\u0131yla tasarlanan bu alt\u0131n bileklik, sade ve \u015f\u0131k bir g\u00f6r\u00fcn\u00fcm sunar. \u0130nce zincir yap\u0131s\u0131 \u00fczerine yerle\u015ftirilen p\u0131rlanta ta\u015fl\u0131 halka motifleri, bilekte dengeli ve \u0131\u015f\u0131ldayan bir etki olu\u015fturur. Minimal tasar\u0131m\u0131 sayesinde g\u00fcnl\u00fck kullan\u0131mda rahatl\u0131kla tercih edilirken, \u00f6zel anlarda da zarif bir tamamlay\u0131c\u0131 olarak \u00f6ne \u00e7\u0131kar. \u0130nce detaylarla fark yaratan bu bileklik, stiline zarif bir dokunu\u015f katmak isteyenler i\u00e7in ideal bir se\u00e7imdir.<\/p>","protected":false},"excerpt":{"rendered":"<ul>\n<li>18 Ayar Alt\u0131n<\/li>\n<li>0,47 ct P\u0131rlanta<\/li>\n<li>17 cm uzunluk<\/li>\n<\/ul>","protected":false},"featured_media":41381,"comment_status":"open","ping_status":"closed","template":"","meta":[],"product_brand":[2718],"product_cat":[73],"product_tag":[504,2984,2967,1799,3053,2240,420,507,512,2985,794,2223,1802,2215,365,361,2983,363,622,358,366,2250,364,2987,1857,1803,1083,435],"class_list":{"0":"post-41380","1":"product","2":"type-product","3":"status-publish","4":"has-post-thumbnail","6":"product_brand-gasia-casuals","7":"product_cat-altin-pirlanta-bileklik","8":"product_tag-altin-bileklik","9":"product_tag-boutique-jewelry","10":"product_tag-butik-taki","11":"product_tag-chain-bracelet","12":"product_tag-circle-bracelet","13":"product_tag-delicate-bracelet","14":"product_tag-designer-bracelet","15":"product_tag-diamond-bracelet","16":"product_tag-elegant-bracelet","17":"product_tag-everyday-bracelet","18":"product_tag-gold-bracelet","19":"product_tag-gunluk-bileklik","20":"product_tag-halka-bileklik","21":"product_tag-ince-bileklik","22":"product_tag-kadin-bileklik","23":"product_tag-minimal-bileklik","24":"product_tag-minimal-bracelet","25":"product_tag-modern-bileklik","26":"product_tag-modern-bracelet","27":"product_tag-pirlanta-bileklik","28":"product_tag-sik-bileklik","29":"product_tag-stylish-bracelet","30":"product_tag-tasarim-bileklik","31":"product_tag-trend-taki","32":"product_tag-trendy-jewelry","33":"product_tag-women-bracelet","34":"product_tag-zarif-bileklik","35":"product_tag-zincir-bileklik","36":"pa_cinsiyet-kadin","38":"first","39":"instock","40":"sale","41":"shipping-taxable","42":"purchasable","43":"product-type-simple"},"_links":{"self":[{"href":"https:\/\/www.gasia.com.tr\/en\/wp-json\/wp\/v2\/product\/41380","targetHints":{"allow":["GET"]}}],"collection":[{"href":"https:\/\/www.gasia.com.tr\/en\/wp-json\/wp\/v2\/product"}],"about":[{"href":"https:\/\/www.gasia.com.tr\/en\/wp-json\/wp\/v2\/types\/product"}],"replies":[{"embeddable":true,"href":"https:\/\/www.gasia.com.tr\/en\/wp-json\/wp\/v2\/comments?post=41380"}],"version-history":[{"count":2,"href":"https:\/\/www.gasia.com.tr\/en\/wp-json\/wp\/v2\/product\/41380\/revisions"}],"predecessor-version":[{"id":41440,"href":"https:\/\/www.gasia.com.tr\/en\/wp-json\/wp\/v2\/product\/41380\/revisions\/41440"}],"wp:featuredmedia":[{"embeddable":true,"href":"https:\/\/www.gasia.com.tr\/en\/wp-json\/wp\/v2\/media\/41381"}],"wp:attachment":[{"href":"https:\/\/www.gasia.com.tr\/en\/wp-json\/wp\/v2\/media?parent=41380"}],"wp:term":[{"taxonomy":"product_brand","embeddable":true,"href":"https:\/\/www.gasia.com.tr\/en\/wp-json\/wp\/v2\/product_brand?post=41380"},{"taxonomy":"product_cat","embeddable":true,"href":"https:\/\/www.gasia.com.tr\/en\/wp-json\/wp\/v2\/product_cat?post=41380"},{"taxonomy":"product_tag","embeddable":true,"href":"https:\/\/www.gasia.com.tr\/en\/wp-json\/wp\/v2\/product_tag?post=41380"}],"curies":[{"name":"wp","href":"https:\/\/api.w.org\/{rel}","templated":true}]}}