{"id":41392,"date":"2026-04-06T21:54:00","date_gmt":"2026-04-06T18:54:00","guid":{"rendered":"https:\/\/www.gasia.com.tr\/?post_type=product&#038;p=41392"},"modified":"2026-04-07T15:42:14","modified_gmt":"2026-04-07T12:42:14","slug":"pembe-ve-yesil-safirli-pirlanta-detayli-altin-bileklik","status":"publish","type":"product","link":"https:\/\/www.gasia.com.tr\/en\/collections\/pembe-ve-yesil-safirli-pirlanta-detayli-altin-bileklik\/","title":{"rendered":"Pembe ve Ye\u015fil Safirli P\u0131rlanta Detayl\u0131 Alt\u0131n Bileklik"},"content":{"rendered":"<p data-start=\"151\" data-end=\"598\">Pembe ve ye\u015fil safir ta\u015flar\u0131n canl\u0131 uyumuyla tasarlanan bu alt\u0131n bileklik, renkli ve zarif bir stil sunar. Farkl\u0131 tonlardaki safir ta\u015flar, etraf\u0131n\u0131 saran p\u0131rlanta detaylarla birlikte \u0131\u015f\u0131\u011f\u0131 etkileyici bir \u015fekilde yans\u0131t\u0131r. \u0130nce i\u015f\u00e7ilikle olu\u015fturulan formu, bilekte dengeli ve dikkat \u00e7ekici bir duru\u015f sa\u011flar. G\u00fcnl\u00fck kullan\u0131mda stiline renk katmak isteyenler i\u00e7in ideal bir se\u00e7enek olurken, \u00f6zel anlarda da \u015f\u0131kl\u0131\u011f\u0131n\u0131 tamamlayan g\u00fc\u00e7l\u00fc bir aksesuard\u0131r.<\/p>","protected":false},"excerpt":{"rendered":"<ul>\n<li>14 Ayar Alt\u0131n<\/li>\n<li>1,07 ct P\u0131rlanta<\/li>\n<li>1,47 ct Pembe ve Ye\u015fil Safir<\/li>\n<\/ul>","protected":false},"featured_media":41393,"comment_status":"open","ping_status":"closed","template":"","meta":[],"product_brand":[2718],"product_cat":[73],"product_tag":[504,2984,2967,420,507,512,2985,2230,794,3063,2223,365,3065,3060,3061,358,3064,2219,828,366,2250,364,505,2987,1857,1803,3062,1083],"class_list":{"0":"post-41392","1":"product","2":"type-product","3":"status-publish","4":"has-post-thumbnail","6":"product_brand-gasia-casuals","7":"product_cat-altin-pirlanta-bileklik","8":"product_tag-altin-bileklik","9":"product_tag-boutique-jewelry","10":"product_tag-butik-taki","11":"product_tag-designer-bracelet","12":"product_tag-diamond-bracelet","13":"product_tag-elegant-bracelet","14":"product_tag-everyday-bracelet","15":"product_tag-gemstone-bracelet","16":"product_tag-gold-bracelet","17":"product_tag-green-sapphire-bracelet","18":"product_tag-gunluk-bileklik","19":"product_tag-kadin-bileklik","20":"product_tag-multicolor-gemstone-bracelet","21":"product_tag-pembe-safir-bileklik","22":"product_tag-pink-sapphire-bracelet","23":"product_tag-pirlanta-bileklik","24":"product_tag-renkli-tas-bileklik","25":"product_tag-safir-bileklik","26":"product_tag-sapphire-bracelet","27":"product_tag-sik-bileklik","28":"product_tag-stylish-bracelet","29":"product_tag-tasarim-bileklik","30":"product_tag-tasli-bileklik","31":"product_tag-trend-taki","32":"product_tag-trendy-jewelry","33":"product_tag-women-bracelet","34":"product_tag-yesil-safir-bileklik","35":"product_tag-zarif-bileklik","36":"pa_cinsiyet-kadin","38":"first","39":"instock","40":"shipping-taxable","41":"purchasable","42":"product-type-simple"},"_links":{"self":[{"href":"https:\/\/www.gasia.com.tr\/en\/wp-json\/wp\/v2\/product\/41392","targetHints":{"allow":["GET"]}}],"collection":[{"href":"https:\/\/www.gasia.com.tr\/en\/wp-json\/wp\/v2\/product"}],"about":[{"href":"https:\/\/www.gasia.com.tr\/en\/wp-json\/wp\/v2\/types\/product"}],"replies":[{"embeddable":true,"href":"https:\/\/www.gasia.com.tr\/en\/wp-json\/wp\/v2\/comments?post=41392"}],"version-history":[{"count":2,"href":"https:\/\/www.gasia.com.tr\/en\/wp-json\/wp\/v2\/product\/41392\/revisions"}],"predecessor-version":[{"id":41443,"href":"https:\/\/www.gasia.com.tr\/en\/wp-json\/wp\/v2\/product\/41392\/revisions\/41443"}],"wp:featuredmedia":[{"embeddable":true,"href":"https:\/\/www.gasia.com.tr\/en\/wp-json\/wp\/v2\/media\/41393"}],"wp:attachment":[{"href":"https:\/\/www.gasia.com.tr\/en\/wp-json\/wp\/v2\/media?parent=41392"}],"wp:term":[{"taxonomy":"product_brand","embeddable":true,"href":"https:\/\/www.gasia.com.tr\/en\/wp-json\/wp\/v2\/product_brand?post=41392"},{"taxonomy":"product_cat","embeddable":true,"href":"https:\/\/www.gasia.com.tr\/en\/wp-json\/wp\/v2\/product_cat?post=41392"},{"taxonomy":"product_tag","embeddable":true,"href":"https:\/\/www.gasia.com.tr\/en\/wp-json\/wp\/v2\/product_tag?post=41392"}],"curies":[{"name":"wp","href":"https:\/\/api.w.org\/{rel}","templated":true}]}}