{"id":41396,"date":"2026-04-06T21:55:13","date_gmt":"2026-04-06T18:55:13","guid":{"rendered":"https:\/\/www.gasia.com.tr\/?post_type=product&#038;p=41396"},"modified":"2026-04-08T14:39:50","modified_gmt":"2026-04-08T11:39:50","slug":"3lu-nazar-boncuk-detayli-altin-bileklik-seti","status":"publish","type":"product","link":"https:\/\/www.gasia.com.tr\/en\/collections\/3lu-nazar-boncuk-detayli-altin-bileklik-seti\/","title":{"rendered":"3\u2019l\u00fc Nazar Boncuk Detayl\u0131 Alt\u0131n Bileklik"},"content":{"rendered":"<p>Farkl\u0131 renklerde nazar boncu\u011fu detaylar\u0131yla tasarlanan bu 3\u2019l\u00fc alt\u0131n bileklik seti, enerjik ve dikkat \u00e7ekici bir g\u00f6r\u00fcn\u00fcm sunar. Pembe, a\u00e7\u0131k mavi ve turkuaz tonlar\u0131n\u0131n uyumu, bilekte canl\u0131 bir stil olu\u015ftururken, aralara yerle\u015ftirilen p\u0131rlanta dokunu\u015flar tasar\u0131ma zarif bir \u0131\u015f\u0131lt\u0131 katar. Tek tek kullan\u0131labilece\u011fi gibi birlikte kombinlenerek daha g\u00fc\u00e7l\u00fc bir stil elde edilebilir. G\u00fcnl\u00fck kullan\u0131mdan \u00f6zel anlara kadar rahatl\u0131kla e\u015flik eden bu set, modern ve e\u011flenceli bir tak\u0131 se\u00e7ene\u011fidir.<\/p>","protected":false},"excerpt":{"rendered":"<ul>\n<li>Detaylar ve fiyat her bir \u00fcr\u00fcn i\u00e7indir<\/li>\n<li>14 ayar Alt\u0131n<\/li>\n<li>10 adet toplam 0,10 ct P\u0131rlanta<\/li>\n<li>17,5 cm uzunluk<\/li>\n<\/ul>","protected":false},"featured_media":41397,"comment_status":"open","ping_status":"closed","template":"","meta":[],"product_brand":[2718,2719],"product_cat":[73,198],"product_tag":[3068,3066,423,3069,2194,3017,2985,417,735,3067,2223,365,3071,407,1103,792,793,362,2190,366,2250,2987,1857,3070,1104,1803],"class_list":{"0":"post-41396","1":"product","2":"type-product","3":"status-publish","4":"has-post-thumbnail","6":"product_brand-gasia-casuals","7":"product_brand-gasia-protect","8":"product_cat-altin-pirlanta-bileklik","9":"product_cat-eye-collection","10":"product_tag-3lu-bileklik","11":"product_tag-altin-bileklik-seti","12":"product_tag-blue-evil-eye-bracelet","13":"product_tag-bracelet-set-of-3","14":"product_tag-colorful-bracelet","15":"product_tag-diamond-detail-bracelet","16":"product_tag-everyday-bracelet","17":"product_tag-evil-eye-bracelet","18":"product_tag-evil-eye-jewelry","19":"product_tag-gold-bracelet-set","20":"product_tag-gunluk-bileklik","21":"product_tag-kadin-bileklik","22":"product_tag-mavi-nazar-bileklik","23":"product_tag-nazar-bileklik","24":"product_tag-nazar-boncuk-bileklik","25":"product_tag-pembe-nazar-bileklik","26":"product_tag-pink-evil-eye-bracelet","27":"product_tag-pirlanta-detayli-bileklik","28":"product_tag-renkli-bileklik","29":"product_tag-sik-bileklik","30":"product_tag-stylish-bracelet","31":"product_tag-trend-taki","32":"product_tag-trendy-jewelry","33":"product_tag-turkuaz-nazar-bileklik","34":"product_tag-turquoise-evil-eye-bracelet","35":"product_tag-women-bracelet","36":"pa_cinsiyet-kadin","38":"first","39":"instock","40":"shipping-taxable","41":"purchasable","42":"product-type-simple"},"_links":{"self":[{"href":"https:\/\/www.gasia.com.tr\/en\/wp-json\/wp\/v2\/product\/41396","targetHints":{"allow":["GET"]}}],"collection":[{"href":"https:\/\/www.gasia.com.tr\/en\/wp-json\/wp\/v2\/product"}],"about":[{"href":"https:\/\/www.gasia.com.tr\/en\/wp-json\/wp\/v2\/types\/product"}],"replies":[{"embeddable":true,"href":"https:\/\/www.gasia.com.tr\/en\/wp-json\/wp\/v2\/comments?post=41396"}],"version-history":[{"count":3,"href":"https:\/\/www.gasia.com.tr\/en\/wp-json\/wp\/v2\/product\/41396\/revisions"}],"predecessor-version":[{"id":41469,"href":"https:\/\/www.gasia.com.tr\/en\/wp-json\/wp\/v2\/product\/41396\/revisions\/41469"}],"wp:featuredmedia":[{"embeddable":true,"href":"https:\/\/www.gasia.com.tr\/en\/wp-json\/wp\/v2\/media\/41397"}],"wp:attachment":[{"href":"https:\/\/www.gasia.com.tr\/en\/wp-json\/wp\/v2\/media?parent=41396"}],"wp:term":[{"taxonomy":"product_brand","embeddable":true,"href":"https:\/\/www.gasia.com.tr\/en\/wp-json\/wp\/v2\/product_brand?post=41396"},{"taxonomy":"product_cat","embeddable":true,"href":"https:\/\/www.gasia.com.tr\/en\/wp-json\/wp\/v2\/product_cat?post=41396"},{"taxonomy":"product_tag","embeddable":true,"href":"https:\/\/www.gasia.com.tr\/en\/wp-json\/wp\/v2\/product_tag?post=41396"}],"curies":[{"name":"wp","href":"https:\/\/api.w.org\/{rel}","templated":true}]}}