{"id":41400,"date":"2026-01-11T21:56:37","date_gmt":"2026-01-11T18:56:37","guid":{"rendered":"https:\/\/www.gasia.com.tr\/?post_type=product&#038;p=41400"},"modified":"2026-04-10T11:50:28","modified_gmt":"2026-04-10T08:50:28","slug":"siyah-pirlanta-detayli-nazar-goz-altin-kolye","status":"publish","type":"product","link":"https:\/\/www.gasia.com.tr\/en\/collections\/siyah-pirlanta-detayli-nazar-goz-altin-kolye\/","title":{"rendered":"Siyah P\u0131rlanta Detayl\u0131 Nazar G\u00f6z Alt\u0131n Kolye"},"content":{"rendered":"<p>Merkezinde yer alan nazar g\u00f6z motifiyle dikkat \u00e7eken bu alt\u0131n kolye, g\u00fc\u00e7l\u00fc bir sembol\u00fc modern bir tasar\u0131mla bulu\u015fturur. Alt\u0131n zemin \u00fczerinde konumlanan g\u00f6z detay\u0131, etraf\u0131n\u0131 saran siyah p\u0131rlantalar ile derin ve \u00e7arp\u0131c\u0131 bir g\u00f6r\u00fcn\u00fcm kazan\u0131r. Okside \u00e7er\u00e7eve ile tamamlanan tasar\u0131m, parlak alt\u0131n zincirle kontrast olu\u015fturarak karakterli bir stil sunar. G\u00fcnl\u00fck kullan\u0131mda fark yaratan ya da \u00f6zel kombinlere g\u00fc\u00e7l\u00fc bir dokunu\u015f ekleyen etkileyici bir par\u00e7ad\u0131r.<\/p>","protected":false},"excerpt":{"rendered":"<ul>\n<li>14 Ayar Alt\u0131n<\/li>\n<li>925 Ayar Okside G\u00fcm\u00fc\u015f<\/li>\n<li>0,33 ct Siyah P\u0131rlanta<\/li>\n<li>42 cm uzunlu\u011funda zincir<\/li>\n<\/ul>","protected":false},"featured_media":41401,"comment_status":"open","ping_status":"closed","template":"","meta":[],"product_brand":[2718,2719],"product_cat":[247,75,198],"product_tag":[1088,1412,3073,1358,1996,726,3074,811,1414,3035,2673,1995,1202,3075,3076,1352,3072,474,2678,329],"class_list":{"0":"post-41400","1":"product","2":"type-product","3":"status-publish","4":"has-post-thumbnail","6":"product_brand-gasia-casuals","7":"product_brand-gasia-protect","8":"product_cat-hediyelik","9":"product_cat-kolye","10":"product_cat-eye-collection","11":"product_tag-altin-kolye-kadin","12":"product_tag-altin-nazar-kolye","13":"product_tag-black-diamond-evil-eye-necklace","14":"product_tag-black-diamond-necklace","15":"product_tag-everyday-necklace","16":"product_tag-evil-eye-necklace","17":"product_tag-eye-pendant-necklace","18":"product_tag-gemstone-necklace","19":"product_tag-gold-evil-eye-necklace","20":"product_tag-gold-necklace-for-women","21":"product_tag-goz-kolye","22":"product_tag-gunluk-kolye","23":"product_tag-nazar-goz-kolye","24":"product_tag-okside-detay-kolye","25":"product_tag-oxidized-detail-necklace","26":"product_tag-siyah-pirlanta-kolye","27":"product_tag-siyah-pirlanta-nazar-kolye","28":"product_tag-sik-kolye","29":"product_tag-stylish-necklace","30":"product_tag-tasli-kolye","31":"pa_cinsiyet-kadin","33":"first","34":"instock","35":"shipping-taxable","36":"purchasable","37":"product-type-simple"},"_links":{"self":[{"href":"https:\/\/www.gasia.com.tr\/en\/wp-json\/wp\/v2\/product\/41400","targetHints":{"allow":["GET"]}}],"collection":[{"href":"https:\/\/www.gasia.com.tr\/en\/wp-json\/wp\/v2\/product"}],"about":[{"href":"https:\/\/www.gasia.com.tr\/en\/wp-json\/wp\/v2\/types\/product"}],"replies":[{"embeddable":true,"href":"https:\/\/www.gasia.com.tr\/en\/wp-json\/wp\/v2\/comments?post=41400"}],"version-history":[{"count":2,"href":"https:\/\/www.gasia.com.tr\/en\/wp-json\/wp\/v2\/product\/41400\/revisions"}],"predecessor-version":[{"id":41434,"href":"https:\/\/www.gasia.com.tr\/en\/wp-json\/wp\/v2\/product\/41400\/revisions\/41434"}],"wp:featuredmedia":[{"embeddable":true,"href":"https:\/\/www.gasia.com.tr\/en\/wp-json\/wp\/v2\/media\/41401"}],"wp:attachment":[{"href":"https:\/\/www.gasia.com.tr\/en\/wp-json\/wp\/v2\/media?parent=41400"}],"wp:term":[{"taxonomy":"product_brand","embeddable":true,"href":"https:\/\/www.gasia.com.tr\/en\/wp-json\/wp\/v2\/product_brand?post=41400"},{"taxonomy":"product_cat","embeddable":true,"href":"https:\/\/www.gasia.com.tr\/en\/wp-json\/wp\/v2\/product_cat?post=41400"},{"taxonomy":"product_tag","embeddable":true,"href":"https:\/\/www.gasia.com.tr\/en\/wp-json\/wp\/v2\/product_tag?post=41400"}],"curies":[{"name":"wp","href":"https:\/\/api.w.org\/{rel}","templated":true}]}}