{"id":41404,"date":"2026-03-05T00:57:53","date_gmt":"2026-03-04T21:57:53","guid":{"rendered":"https:\/\/www.gasia.com.tr\/?post_type=product&#038;p=41404"},"modified":"2026-04-10T11:49:40","modified_gmt":"2026-04-10T08:49:40","slug":"konyak-pirlanta-detayli-nazar-goz-hamsa-altin-kolye","status":"publish","type":"product","link":"https:\/\/www.gasia.com.tr\/en\/collections\/konyak-pirlanta-detayli-nazar-goz-hamsa-altin-kolye\/","title":{"rendered":"Konyak P\u0131rlanta Detayl\u0131 Nazar G\u00f6z Hamsa Alt\u0131n Kolye"},"content":{"rendered":"<p>Hamsa eli formunda tasarlanan bu alt\u0131n kolye, merkezindeki nazar g\u00f6z detay\u0131yla dikkat \u00e7ekerken, \u00fcst b\u00f6l\u00fcm\u00fcn\u00fc saran konyak p\u0131rlantalarla s\u0131cak ve derin bir \u0131\u015f\u0131lt\u0131 kazan\u0131r. Sar\u0131 tonlu y\u00fczey ile uyum i\u00e7inde ilerleyen konyak p\u0131rlantalar, tasar\u0131ma daha yumu\u015fak ama g\u00fc\u00e7l\u00fc bir karakter verir. Okside kenar detaylar\u0131 ise kolyeye belirgin bir \u00e7er\u00e7eve ve \u00f6zg\u00fcn bir duru\u015f kazand\u0131r\u0131r. Anlam ve esteti\u011fi bir araya getiren bu par\u00e7a, g\u00fcnl\u00fck kullan\u0131mda farkl\u0131 bir ifade yaratmak isteyenler i\u00e7in \u00f6ne \u00e7\u0131kar.<\/p>","protected":false},"excerpt":{"rendered":"<ul>\n<li>14 Ayar Alt\u0131n<\/li>\n<li>925 Ayar Okside G\u00fcm\u00fc\u015f<\/li>\n<li>42 cm uzunlu\u011funda zincir<\/li>\n<\/ul>","protected":false},"featured_media":41405,"comment_status":"open","ping_status":"closed","template":"","meta":[],"product_brand":[2718,2719],"product_cat":[247,75,198],"product_tag":[3079,3081,3078,726,747,811,1091,749,744,2725,473,3077,3080,1202,3075,3076,474,2678,329,1632],"class_list":{"0":"post-41404","1":"product","2":"type-product","3":"status-publish","4":"has-post-thumbnail","6":"product_brand-gasia-casuals","7":"product_brand-gasia-protect","8":"product_cat-hediyelik","9":"product_cat-kolye","10":"product_cat-eye-collection","11":"product_tag-altin-hamsa-kolye","12":"product_tag-cognac-diamond-evil-eye-necklace","13":"product_tag-cognac-diamond-necklace","14":"product_tag-evil-eye-necklace","15":"product_tag-fatma-ana-eli-kolye","16":"product_tag-gemstone-necklace","17":"product_tag-gold-hamsa-necklace","18":"product_tag-hamsa-kolye","19":"product_tag-hamsa-necklace","20":"product_tag-hand-of-fatima-necklace","21":"product_tag-kadin-kolye","22":"product_tag-konyak-pirlanta-kolye","23":"product_tag-konyak-pirlanta-nazar-kolye","24":"product_tag-nazar-goz-kolye","25":"product_tag-okside-detay-kolye","26":"product_tag-oxidized-detail-necklace","27":"product_tag-sik-kolye","28":"product_tag-stylish-necklace","29":"product_tag-tasli-kolye","30":"product_tag-women-necklace","31":"pa_cinsiyet-kadin","33":"first","34":"instock","35":"shipping-taxable","36":"purchasable","37":"product-type-simple"},"_links":{"self":[{"href":"https:\/\/www.gasia.com.tr\/en\/wp-json\/wp\/v2\/product\/41404","targetHints":{"allow":["GET"]}}],"collection":[{"href":"https:\/\/www.gasia.com.tr\/en\/wp-json\/wp\/v2\/product"}],"about":[{"href":"https:\/\/www.gasia.com.tr\/en\/wp-json\/wp\/v2\/types\/product"}],"replies":[{"embeddable":true,"href":"https:\/\/www.gasia.com.tr\/en\/wp-json\/wp\/v2\/comments?post=41404"}],"version-history":[{"count":2,"href":"https:\/\/www.gasia.com.tr\/en\/wp-json\/wp\/v2\/product\/41404\/revisions"}],"predecessor-version":[{"id":41433,"href":"https:\/\/www.gasia.com.tr\/en\/wp-json\/wp\/v2\/product\/41404\/revisions\/41433"}],"wp:featuredmedia":[{"embeddable":true,"href":"https:\/\/www.gasia.com.tr\/en\/wp-json\/wp\/v2\/media\/41405"}],"wp:attachment":[{"href":"https:\/\/www.gasia.com.tr\/en\/wp-json\/wp\/v2\/media?parent=41404"}],"wp:term":[{"taxonomy":"product_brand","embeddable":true,"href":"https:\/\/www.gasia.com.tr\/en\/wp-json\/wp\/v2\/product_brand?post=41404"},{"taxonomy":"product_cat","embeddable":true,"href":"https:\/\/www.gasia.com.tr\/en\/wp-json\/wp\/v2\/product_cat?post=41404"},{"taxonomy":"product_tag","embeddable":true,"href":"https:\/\/www.gasia.com.tr\/en\/wp-json\/wp\/v2\/product_tag?post=41404"}],"curies":[{"name":"wp","href":"https:\/\/api.w.org\/{rel}","templated":true}]}}