{"id":41408,"date":"2026-04-06T21:59:58","date_gmt":"2026-04-06T18:59:58","guid":{"rendered":"https:\/\/www.gasia.com.tr\/?post_type=product&#038;p=41408"},"modified":"2026-04-07T15:32:27","modified_gmt":"2026-04-07T12:32:27","slug":"kuru-kafa-detayli-okside-gumus-kolye","status":"publish","type":"product","link":"https:\/\/www.gasia.com.tr\/en\/collections\/kuru-kafa-detayli-okside-gumus-kolye\/","title":{"rendered":"Kuru Kafa Detayl\u0131 Okside G\u00fcm\u00fc\u015f Kolye"},"content":{"rendered":"<p>Tamam\u0131 kuru kafa motifleriyle tasarlanan bu okside g\u00fcm\u00fc\u015f kolye, g\u00fc\u00e7l\u00fc ve karakterli bir stil sunar. Zincir boyunca tekrar eden detaylar, tasar\u0131ma b\u00fct\u00fcnl\u00fck ve dikkat \u00e7ekici bir g\u00f6r\u00fcn\u00fcm kazand\u0131r\u0131rken, \u00f6zel kilit formu kolyeye \u00f6zg\u00fcn bir dokunu\u015f ekler. Okside y\u00fczey, mat ve derin tonlar\u0131yla mask\u00fclen ve iddial\u0131 bir duru\u015f yarat\u0131r. Farkl\u0131 ve cesur bir stil arayanlar i\u00e7in \u00f6ne \u00e7\u0131kan, g\u00fc\u00e7l\u00fc bir aksesuar se\u00e7ene\u011fidir.<\/p>","protected":false},"excerpt":{"rendered":"<ul>\n<li>925 Ayar Okside G\u00fcm\u00fc\u015f<\/li>\n<li>0,64 ct 48 Adet P\u0131rlanta<\/li>\n<li>55 cm Uzunluk<\/li>\n<\/ul>","protected":false},"featured_media":41409,"comment_status":"open","ping_status":"closed","template":"","meta":[],"product_brand":[2957],"product_cat":[256],"product_tag":[1997,2408,1810,3085,3084,481,760,754,753,3083,3082,3026,1365,490,759,489,2071,1809],"class_list":{"0":"post-41408","1":"product","2":"type-product","3":"status-publish","4":"has-post-thumbnail","6":"product_brand-gasia-for-man","7":"product_cat-erkek-kolye-ve-zincirler","8":"product_tag-alternatif-taki","9":"product_tag-alternative-jewelry","10":"product_tag-chain-necklace","11":"product_tag-detailed-necklace","12":"product_tag-detayli-kolye","13":"product_tag-erkek-kolye","14":"product_tag-gothic-necklace","15":"product_tag-gotik-kolye","16":"product_tag-kuru-kafa-kolye","17":"product_tag-masculine-necklace","18":"product_tag-maskulen-kolye","19":"product_tag-men-necklace","20":"product_tag-okside-gumus-kolye","21":"product_tag-oxidized-silver-necklace","22":"product_tag-skull-necklace","23":"product_tag-statement-necklace","24":"product_tag-stil-kolye","25":"product_tag-zincir-kolye","26":"pa_cinsiyet-erkek","28":"first","29":"instock","30":"shipping-taxable","31":"purchasable","32":"product-type-simple"},"_links":{"self":[{"href":"https:\/\/www.gasia.com.tr\/en\/wp-json\/wp\/v2\/product\/41408","targetHints":{"allow":["GET"]}}],"collection":[{"href":"https:\/\/www.gasia.com.tr\/en\/wp-json\/wp\/v2\/product"}],"about":[{"href":"https:\/\/www.gasia.com.tr\/en\/wp-json\/wp\/v2\/types\/product"}],"replies":[{"embeddable":true,"href":"https:\/\/www.gasia.com.tr\/en\/wp-json\/wp\/v2\/comments?post=41408"}],"version-history":[{"count":2,"href":"https:\/\/www.gasia.com.tr\/en\/wp-json\/wp\/v2\/product\/41408\/revisions"}],"predecessor-version":[{"id":41439,"href":"https:\/\/www.gasia.com.tr\/en\/wp-json\/wp\/v2\/product\/41408\/revisions\/41439"}],"wp:featuredmedia":[{"embeddable":true,"href":"https:\/\/www.gasia.com.tr\/en\/wp-json\/wp\/v2\/media\/41409"}],"wp:attachment":[{"href":"https:\/\/www.gasia.com.tr\/en\/wp-json\/wp\/v2\/media?parent=41408"}],"wp:term":[{"taxonomy":"product_brand","embeddable":true,"href":"https:\/\/www.gasia.com.tr\/en\/wp-json\/wp\/v2\/product_brand?post=41408"},{"taxonomy":"product_cat","embeddable":true,"href":"https:\/\/www.gasia.com.tr\/en\/wp-json\/wp\/v2\/product_cat?post=41408"},{"taxonomy":"product_tag","embeddable":true,"href":"https:\/\/www.gasia.com.tr\/en\/wp-json\/wp\/v2\/product_tag?post=41408"}],"curies":[{"name":"wp","href":"https:\/\/api.w.org\/{rel}","templated":true}]}}