{"id":41412,"date":"2026-01-04T00:00:00","date_gmt":"2026-01-03T21:00:00","guid":{"rendered":"https:\/\/www.gasia.com.tr\/?post_type=product&#038;p=41412"},"modified":"2026-04-10T13:23:29","modified_gmt":"2026-04-10T10:23:29","slug":"mavi-topaz-ve-pirlanta-detayli-beyaz-altin-kolye","status":"publish","type":"product","link":"https:\/\/www.gasia.com.tr\/en\/collections\/mavi-topaz-ve-pirlanta-detayli-beyaz-altin-kolye\/","title":{"rendered":"Mavi Topaz ve P\u0131rlanta Detayl\u0131 Beyaz Alt\u0131n Kolye"},"content":{"rendered":"<p>Canl\u0131 mavi topaz ta\u015f\u0131 ile tasarlanan bu beyaz alt\u0131n kolye, ak\u0131c\u0131 formu ve \u0131\u015f\u0131lt\u0131l\u0131 detaylar\u0131yla dikkat \u00e7eker. Damla formuna yak\u0131n kesimiyle \u0131\u015f\u0131\u011f\u0131 g\u00fc\u00e7l\u00fc \u015fekilde yans\u0131tan merkez ta\u015f, etraf\u0131n\u0131 saran p\u0131rlanta dizilimiyle daha belirgin hale gelir. Beyaz alt\u0131n mont\u00fcr, ta\u015f\u0131n parlakl\u0131\u011f\u0131n\u0131 \u00f6ne \u00e7\u0131kar\u0131rken tasar\u0131ma temiz ve modern bir g\u00f6r\u00fcn\u00fcm kazand\u0131r\u0131r. Hem g\u00fcnl\u00fck kullan\u0131mda hem de \u00f6zel anlarda zarif bir tamamlay\u0131c\u0131 olarak \u00f6ne \u00e7\u0131kan etkileyici bir par\u00e7ad\u0131r.<\/p>","protected":false},"excerpt":{"rendered":"<ul>\n<li>18 Ayar Alt\u0131n<\/li>\n<li>0,21 ct P\u0131rlanta<\/li>\n<li>2,61 ct Swiss Blue Topaz<\/li>\n<li>42 zm uzunlu\u011funda zincir<\/li>\n<\/ul>","protected":false},"featured_media":41413,"comment_status":"open","ping_status":"closed","template":"","meta":[],"product_brand":[2718],"product_cat":[269,75],"product_tag":[2353,3087,1824,294,1637,811,473,3086,277,1993,276,474,2678,329,2953,2938,1632,476],"class_list":{"0":"post-41412","1":"product","2":"type-product","3":"status-publish","4":"has-post-thumbnail","6":"product_brand-gasia-casuals","7":"product_cat-gem-world-degerli-tasli-mucevher","8":"product_cat-kolye","9":"product_tag-beyaz-altin-kolye","10":"product_tag-blue-topaz-necklace","11":"product_tag-damla-kolye","12":"product_tag-diamond-necklace","13":"product_tag-elegant-necklace","14":"product_tag-gemstone-necklace","15":"product_tag-kadin-kolye","16":"product_tag-mavi-topaz-kolye","17":"product_tag-modern-kolye","18":"product_tag-modern-necklace","19":"product_tag-pirlanta-kolye","20":"product_tag-sik-kolye","21":"product_tag-stylish-necklace","22":"product_tag-tasli-kolye","23":"product_tag-teardrop-necklace","24":"product_tag-white-gold-necklace","25":"product_tag-women-necklace","26":"product_tag-zarif-kolye","27":"pa_cinsiyet-kadin","29":"first","30":"instock","31":"sale","32":"shipping-taxable","33":"purchasable","34":"product-type-simple"},"_links":{"self":[{"href":"https:\/\/www.gasia.com.tr\/en\/wp-json\/wp\/v2\/product\/41412","targetHints":{"allow":["GET"]}}],"collection":[{"href":"https:\/\/www.gasia.com.tr\/en\/wp-json\/wp\/v2\/product"}],"about":[{"href":"https:\/\/www.gasia.com.tr\/en\/wp-json\/wp\/v2\/types\/product"}],"replies":[{"embeddable":true,"href":"https:\/\/www.gasia.com.tr\/en\/wp-json\/wp\/v2\/comments?post=41412"}],"version-history":[{"count":2,"href":"https:\/\/www.gasia.com.tr\/en\/wp-json\/wp\/v2\/product\/41412\/revisions"}],"predecessor-version":[{"id":41432,"href":"https:\/\/www.gasia.com.tr\/en\/wp-json\/wp\/v2\/product\/41412\/revisions\/41432"}],"wp:featuredmedia":[{"embeddable":true,"href":"https:\/\/www.gasia.com.tr\/en\/wp-json\/wp\/v2\/media\/41413"}],"wp:attachment":[{"href":"https:\/\/www.gasia.com.tr\/en\/wp-json\/wp\/v2\/media?parent=41412"}],"wp:term":[{"taxonomy":"product_brand","embeddable":true,"href":"https:\/\/www.gasia.com.tr\/en\/wp-json\/wp\/v2\/product_brand?post=41412"},{"taxonomy":"product_cat","embeddable":true,"href":"https:\/\/www.gasia.com.tr\/en\/wp-json\/wp\/v2\/product_cat?post=41412"},{"taxonomy":"product_tag","embeddable":true,"href":"https:\/\/www.gasia.com.tr\/en\/wp-json\/wp\/v2\/product_tag?post=41412"}],"curies":[{"name":"wp","href":"https:\/\/api.w.org\/{rel}","templated":true}]}}