{"id":41415,"date":"2026-04-06T22:06:42","date_gmt":"2026-04-06T19:06:42","guid":{"rendered":"https:\/\/www.gasia.com.tr\/?post_type=product&#038;p=41415"},"modified":"2026-04-07T15:03:05","modified_gmt":"2026-04-07T12:03:05","slug":"safir-ve-pirlanta-detayli-altin-kolye","status":"publish","type":"product","link":"https:\/\/www.gasia.com.tr\/en\/collections\/safir-ve-pirlanta-detayli-altin-kolye\/","title":{"rendered":"Safir ve P\u0131rlanta Detayl\u0131 Alt\u0131n Kolye"},"content":{"rendered":"<p data-start=\"122\" data-end=\"548\">Merkezinde yer alan derin mavi safir ta\u015f\u0131yla dikkat \u00e7eken bu alt\u0131n kolye, etraf\u0131n\u0131 saran p\u0131rlantalarla g\u00fc\u00e7l\u00fc bir \u0131\u015f\u0131lt\u0131 sunar. Oval kesim safir, \u0131\u015f\u0131\u011f\u0131 zarif \u015fekilde yans\u0131t\u0131rken \u00e7evresindeki p\u0131rlanta dizilimi tasar\u0131ma hacim ve parlakl\u0131k kazand\u0131r\u0131r. \u00dcst ba\u011flant\u0131 k\u0131sm\u0131ndaki ta\u015f detaylar\u0131 kolyenin b\u00fct\u00fcnl\u00fc\u011f\u00fcn\u00fc tamamlar. Hem klasik hem dikkat \u00e7ekici bir stil arayanlar i\u00e7in \u00f6ne \u00e7\u0131kan, g\u00fc\u00e7l\u00fc bir par\u00e7a olarak kombinlere e\u015flik eder.<\/p>","protected":false},"excerpt":{"rendered":"<ul>\n<li>18 Ayar Alt\u0131n<\/li>\n<li>0,56 ct 6 Adet P\u0131rlanta<\/li>\n<li>0,47 ct 30 adet P\u0131rlanta<\/li>\n<li>0,73 ct 1 Adet Damla kesim Avustralya Safir<\/li>\n<li>42 cm uzunlu\u011funda zincir<\/li>\n<\/ul>","protected":false},"featured_media":41416,"comment_status":"open","ping_status":"closed","template":"","meta":[],"product_brand":[2718],"product_cat":[269,75],"product_tag":[1088,3089,294,811,3035,473,3088,276,1794,2731,1488,1795,474,2678,329,1632],"class_list":{"0":"post-41415","1":"product","2":"type-product","3":"status-publish","4":"has-post-thumbnail","6":"product_brand-gasia-casuals","7":"product_cat-gem-world-degerli-tasli-mucevher","8":"product_cat-kolye","9":"product_tag-altin-kolye-kadin","10":"product_tag-classic-necklace","11":"product_tag-diamond-necklace","12":"product_tag-gemstone-necklace","13":"product_tag-gold-necklace-for-women","14":"product_tag-kadin-kolye","15":"product_tag-klasik-kolye","16":"product_tag-pirlanta-kolye","17":"product_tag-safir-kolye","18":"product_tag-safir-pirlanta-kolye","19":"product_tag-sapphire-diamond-necklace","20":"product_tag-sapphire-necklace","21":"product_tag-sik-kolye","22":"product_tag-stylish-necklace","23":"product_tag-tasli-kolye","24":"product_tag-women-necklace","25":"pa_cinsiyet-kadin","27":"first","28":"instock","29":"shipping-taxable","30":"purchasable","31":"product-type-simple"},"_links":{"self":[{"href":"https:\/\/www.gasia.com.tr\/en\/wp-json\/wp\/v2\/product\/41415","targetHints":{"allow":["GET"]}}],"collection":[{"href":"https:\/\/www.gasia.com.tr\/en\/wp-json\/wp\/v2\/product"}],"about":[{"href":"https:\/\/www.gasia.com.tr\/en\/wp-json\/wp\/v2\/types\/product"}],"replies":[{"embeddable":true,"href":"https:\/\/www.gasia.com.tr\/en\/wp-json\/wp\/v2\/comments?post=41415"}],"version-history":[{"count":2,"href":"https:\/\/www.gasia.com.tr\/en\/wp-json\/wp\/v2\/product\/41415\/revisions"}],"predecessor-version":[{"id":41430,"href":"https:\/\/www.gasia.com.tr\/en\/wp-json\/wp\/v2\/product\/41415\/revisions\/41430"}],"wp:featuredmedia":[{"embeddable":true,"href":"https:\/\/www.gasia.com.tr\/en\/wp-json\/wp\/v2\/media\/41416"}],"wp:attachment":[{"href":"https:\/\/www.gasia.com.tr\/en\/wp-json\/wp\/v2\/media?parent=41415"}],"wp:term":[{"taxonomy":"product_brand","embeddable":true,"href":"https:\/\/www.gasia.com.tr\/en\/wp-json\/wp\/v2\/product_brand?post=41415"},{"taxonomy":"product_cat","embeddable":true,"href":"https:\/\/www.gasia.com.tr\/en\/wp-json\/wp\/v2\/product_cat?post=41415"},{"taxonomy":"product_tag","embeddable":true,"href":"https:\/\/www.gasia.com.tr\/en\/wp-json\/wp\/v2\/product_tag?post=41415"}],"curies":[{"name":"wp","href":"https:\/\/api.w.org\/{rel}","templated":true}]}}