{"id":41419,"date":"2026-04-07T14:13:11","date_gmt":"2026-04-07T11:13:11","guid":{"rendered":"https:\/\/www.gasia.com.tr\/?post_type=product&#038;p=41419"},"modified":"2026-04-07T14:16:06","modified_gmt":"2026-04-07T11:16:06","slug":"pirlanta-detayli-milky-kristal-tasli-kalp-formlu-altin-kolye","status":"publish","type":"product","link":"https:\/\/www.gasia.com.tr\/en\/collections\/pirlanta-detayli-milky-kristal-tasli-kalp-formlu-altin-kolye\/","title":{"rendered":"P\u0131rlanta Detayl\u0131 Milky Kristal Ta\u015fl\u0131 Kalp Formlu Alt\u0131n Kolye"},"content":{"rendered":"<p>Yumu\u015fak ve opak g\u00f6r\u00fcn\u00fcme sahip milky kristal ta\u015f, kalp formu ile birle\u015ferek sade ama dikkat \u00e7ekici bir etki yarat\u0131r. Alt k\u0131sm\u0131ndaki siyah zeminli p\u0131rlanta detaylar tasar\u0131ma modern bir kontrast katarken, alt\u0131n zincir ile b\u00fct\u00fcnl\u00fck sa\u011flan\u0131r. G\u00fcnl\u00fck kullan\u0131mda rahatl\u0131kla tercih edilebilecek bu kolye, farkl\u0131 ve karakterli tasar\u0131mlardan ho\u015flananlar i\u00e7in \u00f6ne \u00e7\u0131kan bir se\u00e7enektir.<\/p>","protected":false},"excerpt":{"rendered":"<ul>\n<li>14 Ayar Alt\u0131n<\/li>\n<li>925 Ayar Okside G\u00fcm\u00fc\u015f<\/li>\n<li>0,29 ct P\u0131rlanta<\/li>\n<li>5,39 ct\u00a0 Kalp kesim Milky Kristal<\/li>\n<\/ul>","protected":false},"featured_media":41420,"comment_status":"open","ping_status":"closed","template":"","meta":[],"product_brand":[2718],"product_cat":[75],"product_tag":[278,2867,633,1605,322,2115,473,2146,3091,3090,742,277,3092,472,274,2873],"class_list":{"0":"post-41419","1":"product","2":"type-product","3":"status-publish","4":"has-post-thumbnail","6":"product_brand-gasia-casuals","7":"product_cat-kolye","8":"product_tag-altin-kolye","9":"product_tag-beyaz-tas-kolye","10":"product_tag-designer-necklace","11":"product_tag-diamond-detail-necklace","12":"product_tag-gold-necklace","13":"product_tag-heart-necklace","14":"product_tag-kadin-kolye","15":"product_tag-kalp-kolye","16":"product_tag-milky-crystal-necklace","17":"product_tag-milky-kristal-kolye","18":"product_tag-modern-jewelry","19":"product_tag-modern-kolye","20":"product_tag-necklace-for-women","21":"product_tag-pirlanta-detayli-kolye","22":"product_tag-tasarim-kolye","23":"product_tag-white-stone-necklace","24":"pa_cinsiyet-kadin","26":"first","27":"instock","28":"shipping-taxable","29":"purchasable","30":"product-type-simple"},"_links":{"self":[{"href":"https:\/\/www.gasia.com.tr\/en\/wp-json\/wp\/v2\/product\/41419","targetHints":{"allow":["GET"]}}],"collection":[{"href":"https:\/\/www.gasia.com.tr\/en\/wp-json\/wp\/v2\/product"}],"about":[{"href":"https:\/\/www.gasia.com.tr\/en\/wp-json\/wp\/v2\/types\/product"}],"replies":[{"embeddable":true,"href":"https:\/\/www.gasia.com.tr\/en\/wp-json\/wp\/v2\/comments?post=41419"}],"version-history":[{"count":2,"href":"https:\/\/www.gasia.com.tr\/en\/wp-json\/wp\/v2\/product\/41419\/revisions"}],"predecessor-version":[{"id":41424,"href":"https:\/\/www.gasia.com.tr\/en\/wp-json\/wp\/v2\/product\/41419\/revisions\/41424"}],"wp:featuredmedia":[{"embeddable":true,"href":"https:\/\/www.gasia.com.tr\/en\/wp-json\/wp\/v2\/media\/41420"}],"wp:attachment":[{"href":"https:\/\/www.gasia.com.tr\/en\/wp-json\/wp\/v2\/media?parent=41419"}],"wp:term":[{"taxonomy":"product_brand","embeddable":true,"href":"https:\/\/www.gasia.com.tr\/en\/wp-json\/wp\/v2\/product_brand?post=41419"},{"taxonomy":"product_cat","embeddable":true,"href":"https:\/\/www.gasia.com.tr\/en\/wp-json\/wp\/v2\/product_cat?post=41419"},{"taxonomy":"product_tag","embeddable":true,"href":"https:\/\/www.gasia.com.tr\/en\/wp-json\/wp\/v2\/product_tag?post=41419"}],"curies":[{"name":"wp","href":"https:\/\/api.w.org\/{rel}","templated":true}]}}