{"id":41425,"date":"2026-02-04T00:00:00","date_gmt":"2026-02-03T21:00:00","guid":{"rendered":"https:\/\/www.gasia.com.tr\/?post_type=product&#038;p=41425"},"modified":"2026-04-20T22:20:24","modified_gmt":"2026-04-20T19:20:24","slug":"pirlanta-detayli-pembe-turmalin-tasli-balik-figurlu-altin-kolye","status":"publish","type":"product","link":"https:\/\/www.gasia.com.tr\/en\/collections\/pirlanta-detayli-pembe-turmalin-tasli-balik-figurlu-altin-kolye\/","title":{"rendered":"P\u0131rlanta Detayl\u0131 Pembe Turmalin Ta\u015fl\u0131 Bal\u0131k Fig\u00fcrl\u00fc Alt\u0131n Kolye"},"content":{"rendered":"<p data-start=\"135\" data-end=\"546\">Do\u011fal pembe turmalin ta\u015f\u0131n yumu\u015fak tonu, ortas\u0131nda yer alan nazar detay\u0131 ve alt k\u0131sm\u0131ndaki stilize bal\u0131k formuyla birle\u015ferek dikkat \u00e7ekici bir tasar\u0131m sunar. Siyah zemin \u00fczerine i\u015flenmi\u015f p\u0131rlanta detaylar kolyeye g\u00fc\u00e7l\u00fc bir kontrast katarken, alt\u0131n dokunu\u015flar b\u00fct\u00fcnl\u00fc\u011f\u00fc tamamlar. Hem sembolik anlamlar ta\u015f\u0131yan hem de \u00f6zg\u00fcn g\u00f6r\u00fcn\u00fcm\u00fcyle \u00f6ne \u00e7\u0131kan bu par\u00e7a, farkl\u0131 tasar\u0131mlardan ho\u015flananlar i\u00e7in ideal bir se\u00e7imdir.<\/p>","protected":false},"excerpt":{"rendered":"<ul>\n<li>14 Ayar Alt\u0131n<\/li>\n<li>925 Ayar Okside G\u00fcm\u00fc\u015f<\/li>\n<li>0,25 ct P\u0131rlanta<\/li>\n<li>9,37 ct Pembe Turmalin<\/li>\n<li>55 cm uzunlu\u011funda zincir<\/li>\n<\/ul>","protected":false},"featured_media":41426,"comment_status":"open","ping_status":"closed","template":"","meta":[],"product_brand":[2718],"product_cat":[269,75],"product_tag":[278,3093,633,1605,1623,726,3094,322,473,1826,280,3092,2097,2100,472,274],"class_list":{"0":"post-41425","1":"product","2":"type-product","3":"status-publish","4":"has-post-thumbnail","6":"product_brand-gasia-casuals","7":"product_cat-gem-world-degerli-tasli-mucevher","8":"product_cat-kolye","9":"product_tag-altin-kolye","10":"product_tag-balik-figurlu-kolye","11":"product_tag-designer-necklace","12":"product_tag-diamond-detail-necklace","13":"product_tag-dogal-tas-kolye","14":"product_tag-evil-eye-necklace","15":"product_tag-fish-pendant-necklace","16":"product_tag-gold-necklace","17":"product_tag-kadin-kolye","18":"product_tag-natural-stone-jewelry","19":"product_tag-nazar-kolye","20":"product_tag-necklace-for-women","21":"product_tag-pembe-turmalin-kolye","22":"product_tag-pink-tourmaline-necklace","23":"product_tag-pirlanta-detayli-kolye","24":"product_tag-tasarim-kolye","25":"pa_cinsiyet-kadin","27":"first","28":"instock","29":"sale","30":"shipping-taxable","31":"purchasable","32":"product-type-simple"},"_links":{"self":[{"href":"https:\/\/www.gasia.com.tr\/en\/wp-json\/wp\/v2\/product\/41425","targetHints":{"allow":["GET"]}}],"collection":[{"href":"https:\/\/www.gasia.com.tr\/en\/wp-json\/wp\/v2\/product"}],"about":[{"href":"https:\/\/www.gasia.com.tr\/en\/wp-json\/wp\/v2\/types\/product"}],"replies":[{"embeddable":true,"href":"https:\/\/www.gasia.com.tr\/en\/wp-json\/wp\/v2\/comments?post=41425"}],"version-history":[{"count":2,"href":"https:\/\/www.gasia.com.tr\/en\/wp-json\/wp\/v2\/product\/41425\/revisions"}],"predecessor-version":[{"id":41428,"href":"https:\/\/www.gasia.com.tr\/en\/wp-json\/wp\/v2\/product\/41425\/revisions\/41428"}],"wp:featuredmedia":[{"embeddable":true,"href":"https:\/\/www.gasia.com.tr\/en\/wp-json\/wp\/v2\/media\/41426"}],"wp:attachment":[{"href":"https:\/\/www.gasia.com.tr\/en\/wp-json\/wp\/v2\/media?parent=41425"}],"wp:term":[{"taxonomy":"product_brand","embeddable":true,"href":"https:\/\/www.gasia.com.tr\/en\/wp-json\/wp\/v2\/product_brand?post=41425"},{"taxonomy":"product_cat","embeddable":true,"href":"https:\/\/www.gasia.com.tr\/en\/wp-json\/wp\/v2\/product_cat?post=41425"},{"taxonomy":"product_tag","embeddable":true,"href":"https:\/\/www.gasia.com.tr\/en\/wp-json\/wp\/v2\/product_tag?post=41425"}],"curies":[{"name":"wp","href":"https:\/\/api.w.org\/{rel}","templated":true}]}}