{"id":41444,"date":"2026-04-07T15:46:59","date_gmt":"2026-04-07T12:46:59","guid":{"rendered":"https:\/\/www.gasia.com.tr\/?post_type=product&#038;p=41444"},"modified":"2026-04-16T10:20:31","modified_gmt":"2026-04-16T07:20:31","slug":"onyx-ve-pirlanta-detayli-modern-tasarim-altin-kolye","status":"publish","type":"product","link":"https:\/\/www.gasia.com.tr\/en\/collections\/onyx-ve-pirlanta-detayli-modern-tasarim-altin-kolye\/","title":{"rendered":"Onyx ve P\u0131rlanta Detayl\u0131 Modern Tasar\u0131m Alt\u0131n Kolye"},"content":{"rendered":"<p>Modern \u00e7izgilerle tasarlanan bu \u015f\u0131k kolye, derin siyah onyx ta\u015f\u0131n\u0131n zarafeti ile p\u0131rlantan\u0131n \u0131\u015f\u0131lt\u0131s\u0131n\u0131 bir araya getiriyor. Ak\u0131c\u0131 ve organik formdaki onyx y\u00fczey, ortas\u0131nda yer alan damla form p\u0131rlanta detayl\u0131 \u00e7er\u00e7eve ile dengeli ve dikkat \u00e7ekici bir g\u00f6r\u00fcn\u00fcm sunar. Alt\u0131n\u0131n s\u0131cak tonlar\u0131 ile siyah\u0131n g\u00fc\u00e7l\u00fc kontrast\u0131, tasar\u0131ma sofistike bir karakter kazand\u0131r\u0131r. Minimal ama etkileyici duru\u015fu sayesinde hem g\u00fcnl\u00fck kombinlerde hem de \u00f6zel anlarda zarif bir tamamlay\u0131c\u0131 olarak \u00f6ne \u00e7\u0131kar.<\/p>","protected":false},"excerpt":{"rendered":"<ul>\n<li>18 Ayar Alt\u0131n<\/li>\n<li>0,30 ct P\u0131rlanta<\/li>\n<li>43,19 ct siyah Onyx<\/li>\n<li>45 cm uzunlu\u011funda zincir<\/li>\n<\/ul>","protected":false},"featured_media":41445,"comment_status":"open","ping_status":"closed","template":"","meta":[],"product_brand":[77],"product_cat":[75],"product_tag":[1088,1619,294,2926,1641,3035,1640,273,1767,277,1993,3095,1099,276,1613,474,1646,476],"class_list":{"0":"post-41444","1":"product","2":"type-product","3":"status-publish","4":"has-post-thumbnail","6":"product_brand-gasia","7":"product_cat-kolye","8":"product_tag-altin-kolye-kadin","9":"product_tag-black-stone-necklace","10":"product_tag-diamond-necklace","11":"product_tag-elegant-jewelry","12":"product_tag-gift-necklace","13":"product_tag-gold-necklace-for-women","14":"product_tag-hediye-kolye","15":"product_tag-minimal-kolye","16":"product_tag-minimalist-necklace","17":"product_tag-modern-kolye","18":"product_tag-modern-necklace","19":"product_tag-onyx-kolye","20":"product_tag-onyx-necklace","21":"product_tag-pirlanta-kolye","22":"product_tag-siyah-tas-kolye","23":"product_tag-sik-kolye","24":"product_tag-stylish-jewelry","25":"product_tag-zarif-kolye","26":"pa_cinsiyet-kadin","28":"first","29":"instock","30":"sale","31":"shipping-taxable","32":"purchasable","33":"product-type-simple"},"_links":{"self":[{"href":"https:\/\/www.gasia.com.tr\/en\/wp-json\/wp\/v2\/product\/41444","targetHints":{"allow":["GET"]}}],"collection":[{"href":"https:\/\/www.gasia.com.tr\/en\/wp-json\/wp\/v2\/product"}],"about":[{"href":"https:\/\/www.gasia.com.tr\/en\/wp-json\/wp\/v2\/types\/product"}],"replies":[{"embeddable":true,"href":"https:\/\/www.gasia.com.tr\/en\/wp-json\/wp\/v2\/comments?post=41444"}],"version-history":[{"count":2,"href":"https:\/\/www.gasia.com.tr\/en\/wp-json\/wp\/v2\/product\/41444\/revisions"}],"predecessor-version":[{"id":41447,"href":"https:\/\/www.gasia.com.tr\/en\/wp-json\/wp\/v2\/product\/41444\/revisions\/41447"}],"wp:featuredmedia":[{"embeddable":true,"href":"https:\/\/www.gasia.com.tr\/en\/wp-json\/wp\/v2\/media\/41445"}],"wp:attachment":[{"href":"https:\/\/www.gasia.com.tr\/en\/wp-json\/wp\/v2\/media?parent=41444"}],"wp:term":[{"taxonomy":"product_brand","embeddable":true,"href":"https:\/\/www.gasia.com.tr\/en\/wp-json\/wp\/v2\/product_brand?post=41444"},{"taxonomy":"product_cat","embeddable":true,"href":"https:\/\/www.gasia.com.tr\/en\/wp-json\/wp\/v2\/product_cat?post=41444"},{"taxonomy":"product_tag","embeddable":true,"href":"https:\/\/www.gasia.com.tr\/en\/wp-json\/wp\/v2\/product_tag?post=41444"}],"curies":[{"name":"wp","href":"https:\/\/api.w.org\/{rel}","templated":true}]}}