{"id":41448,"date":"2026-03-10T00:00:00","date_gmt":"2026-03-09T21:00:00","guid":{"rendered":"https:\/\/www.gasia.com.tr\/?post_type=product&#038;p=41448"},"modified":"2026-04-21T21:51:53","modified_gmt":"2026-04-21T18:51:53","slug":"beyaz-akik-ve-pirlanta-detayli-altin-kolye","status":"publish","type":"product","link":"https:\/\/www.gasia.com.tr\/en\/collections\/beyaz-akik-ve-pirlanta-detayli-altin-kolye\/","title":{"rendered":"Beyaz Akik ve P\u0131rlanta Detayl\u0131 Alt\u0131n Kolye"},"content":{"rendered":"<p>Zarafetin sade ve etkileyici hali bu \u00f6zel tasar\u0131m kolyede hayat buluyor. Yumu\u015fak tonlara sahip beyaz akik ta\u015f\u0131, p\u00fcr\u00fczs\u00fcz ve parlak y\u00fczeyiyle \u0131\u015f\u0131\u011f\u0131 nazik\u00e7e yans\u0131t\u0131rken, ortas\u0131nda yer alan damla form p\u0131rlanta detayl\u0131 \u00e7er\u00e7eve tasar\u0131ma modern bir \u0131\u015f\u0131lt\u0131 kazand\u0131r\u0131r. Alt\u0131n\u0131n s\u0131cak tonlar\u0131 ile beyaz akik ta\u015f\u0131n\u0131n do\u011fal \u015f\u0131kl\u0131\u011f\u0131 m\u00fckemmel bir uyum yakalayarak hem g\u00fcnl\u00fck kullan\u0131mda hem de \u00f6zel anlarda zarif bir g\u00f6r\u00fcn\u00fcm sunar. Minimal formu sayesinde zamans\u0131z bir stilin vazge\u00e7ilmez par\u00e7alar\u0131ndan biri olmaya adayd\u0131r.<\/p>","protected":false},"excerpt":{"rendered":"<ul>\n<li>18 Ayar Alt\u0131n<\/li>\n<li>0,30 ct P\u0131rlanta<\/li>\n<li>41,61 ct Beyaz Akik<\/li>\n<li>45 cm uzunlu\u011funda zincir<\/li>\n<\/ul>","protected":false},"featured_media":41449,"comment_status":"open","ping_status":"closed","template":"","meta":[],"product_brand":[77],"product_cat":[75],"product_tag":[3097,3096,1088,2862,294,1623,1637,811,3098,3035,1640,273,1639,276,474,2678,2868,476],"class_list":{"0":"post-41448","1":"product","2":"type-product","3":"status-publish","4":"has-post-thumbnail","6":"product_brand-gasia","7":"product_cat-kolye","8":"product_tag-agate-jewelry","9":"product_tag-akik-tas-kolye","10":"product_tag-altin-kolye-kadin","11":"product_tag-beyaz-akik-kolye","12":"product_tag-diamond-necklace","13":"product_tag-dogal-tas-kolye","14":"product_tag-elegant-necklace","15":"product_tag-gemstone-necklace","16":"product_tag-gift-jewelry","17":"product_tag-gold-necklace-for-women","18":"product_tag-hediye-kolye","19":"product_tag-minimal-kolye","20":"product_tag-minimalist-jewelry","21":"product_tag-pirlanta-kolye","22":"product_tag-sik-kolye","23":"product_tag-stylish-necklace","24":"product_tag-white-agate-necklace","25":"product_tag-zarif-kolye","26":"pa_cinsiyet-kadin","28":"first","29":"instock","30":"sale","31":"shipping-taxable","32":"purchasable","33":"product-type-simple"},"_links":{"self":[{"href":"https:\/\/www.gasia.com.tr\/en\/wp-json\/wp\/v2\/product\/41448","targetHints":{"allow":["GET"]}}],"collection":[{"href":"https:\/\/www.gasia.com.tr\/en\/wp-json\/wp\/v2\/product"}],"about":[{"href":"https:\/\/www.gasia.com.tr\/en\/wp-json\/wp\/v2\/types\/product"}],"replies":[{"embeddable":true,"href":"https:\/\/www.gasia.com.tr\/en\/wp-json\/wp\/v2\/comments?post=41448"}],"version-history":[{"count":1,"href":"https:\/\/www.gasia.com.tr\/en\/wp-json\/wp\/v2\/product\/41448\/revisions"}],"predecessor-version":[{"id":41450,"href":"https:\/\/www.gasia.com.tr\/en\/wp-json\/wp\/v2\/product\/41448\/revisions\/41450"}],"wp:featuredmedia":[{"embeddable":true,"href":"https:\/\/www.gasia.com.tr\/en\/wp-json\/wp\/v2\/media\/41449"}],"wp:attachment":[{"href":"https:\/\/www.gasia.com.tr\/en\/wp-json\/wp\/v2\/media?parent=41448"}],"wp:term":[{"taxonomy":"product_brand","embeddable":true,"href":"https:\/\/www.gasia.com.tr\/en\/wp-json\/wp\/v2\/product_brand?post=41448"},{"taxonomy":"product_cat","embeddable":true,"href":"https:\/\/www.gasia.com.tr\/en\/wp-json\/wp\/v2\/product_cat?post=41448"},{"taxonomy":"product_tag","embeddable":true,"href":"https:\/\/www.gasia.com.tr\/en\/wp-json\/wp\/v2\/product_tag?post=41448"}],"curies":[{"name":"wp","href":"https:\/\/api.w.org\/{rel}","templated":true}]}}