{"id":41461,"date":"2026-04-07T16:45:19","date_gmt":"2026-04-07T13:45:19","guid":{"rendered":"https:\/\/www.gasia.com.tr\/?post_type=product&#038;p=41461"},"modified":"2026-04-07T18:22:58","modified_gmt":"2026-04-07T15:22:58","slug":"pirlanta-detayli-turkuaz-tasli-nazar-motifli-altin-kolye","status":"publish","type":"product","link":"https:\/\/www.gasia.com.tr\/en\/collections\/pirlanta-detayli-turkuaz-tasli-nazar-motifli-altin-kolye\/","title":{"rendered":"P\u0131rlanta Detayl\u0131 Turkuaz Ta\u015fl\u0131 Nazar Motifli Alt\u0131n Kolye"},"content":{"rendered":"<p>Do\u011fal turkuaz ta\u015f\u0131n karakteristik dokusu, merkezde yer alan nazar motifi ile birle\u015ferek g\u00fc\u00e7l\u00fc bir ifade sunar. Alt\u0131n zemin \u00fczerine yerle\u015ftirilen p\u0131rlanta detaylar ve lacivert ta\u015f, tasar\u0131ma derinlik ve \u0131\u015f\u0131lt\u0131 katar. Hem anlaml\u0131 hem de dikkat \u00e7ekici bir stil sunan bu kolye, g\u00fcnl\u00fck kombinlerden \u00f6zel anlara kadar rahatl\u0131kla kullan\u0131labilecek \u00f6zg\u00fcn bir par\u00e7ad\u0131r.<\/p>","protected":false},"excerpt":{"rendered":"<ul>\n<li>18 Ayar Alt\u0131n<\/li>\n<li>0,18 ct P\u0131rlanta<\/li>\n<li>0,57 ct Kabo\u015fon Safir<\/li>\n<li>Do\u011fal Arizona Firuze<\/li>\n<li>42 cm uzunluk<\/li>\n<\/ul>","protected":false},"featured_media":41499,"comment_status":"open","ping_status":"closed","template":"","meta":[],"product_brand":[2718,2719],"product_cat":[269,247,75],"product_tag":[278,1607,633,1605,1623,726,322,473,1602,1826,280,3092,472,274,1674,1095],"class_list":{"0":"post-41461","1":"product","2":"type-product","3":"status-publish","4":"has-post-thumbnail","6":"product_brand-gasia-casuals","7":"product_brand-gasia-protect","8":"product_cat-gem-world-degerli-tasli-mucevher","9":"product_cat-hediyelik","10":"product_cat-kolye","11":"product_tag-altin-kolye","12":"product_tag-blue-stone-necklace","13":"product_tag-designer-necklace","14":"product_tag-diamond-detail-necklace","15":"product_tag-dogal-tas-kolye","16":"product_tag-evil-eye-necklace","17":"product_tag-gold-necklace","18":"product_tag-kadin-kolye","19":"product_tag-mavi-tas-kolye","20":"product_tag-natural-stone-jewelry","21":"product_tag-nazar-kolye","22":"product_tag-necklace-for-women","23":"product_tag-pirlanta-detayli-kolye","24":"product_tag-tasarim-kolye","25":"product_tag-turkuaz-kolye","26":"product_tag-turquoise-necklace","27":"pa_cinsiyet-kadin","29":"first","30":"instock","31":"shipping-taxable","32":"purchasable","33":"product-type-simple"},"_links":{"self":[{"href":"https:\/\/www.gasia.com.tr\/en\/wp-json\/wp\/v2\/product\/41461","targetHints":{"allow":["GET"]}}],"collection":[{"href":"https:\/\/www.gasia.com.tr\/en\/wp-json\/wp\/v2\/product"}],"about":[{"href":"https:\/\/www.gasia.com.tr\/en\/wp-json\/wp\/v2\/types\/product"}],"replies":[{"embeddable":true,"href":"https:\/\/www.gasia.com.tr\/en\/wp-json\/wp\/v2\/comments?post=41461"}],"version-history":[{"count":1,"href":"https:\/\/www.gasia.com.tr\/en\/wp-json\/wp\/v2\/product\/41461\/revisions"}],"predecessor-version":[{"id":41463,"href":"https:\/\/www.gasia.com.tr\/en\/wp-json\/wp\/v2\/product\/41461\/revisions\/41463"}],"wp:featuredmedia":[{"embeddable":true,"href":"https:\/\/www.gasia.com.tr\/en\/wp-json\/wp\/v2\/media\/41499"}],"wp:attachment":[{"href":"https:\/\/www.gasia.com.tr\/en\/wp-json\/wp\/v2\/media?parent=41461"}],"wp:term":[{"taxonomy":"product_brand","embeddable":true,"href":"https:\/\/www.gasia.com.tr\/en\/wp-json\/wp\/v2\/product_brand?post=41461"},{"taxonomy":"product_cat","embeddable":true,"href":"https:\/\/www.gasia.com.tr\/en\/wp-json\/wp\/v2\/product_cat?post=41461"},{"taxonomy":"product_tag","embeddable":true,"href":"https:\/\/www.gasia.com.tr\/en\/wp-json\/wp\/v2\/product_tag?post=41461"}],"curies":[{"name":"wp","href":"https:\/\/api.w.org\/{rel}","templated":true}]}}