{"id":41474,"date":"2026-04-07T17:46:29","date_gmt":"2026-04-07T14:46:29","guid":{"rendered":"https:\/\/www.gasia.com.tr\/?post_type=product&#038;p=41474"},"modified":"2026-04-07T17:46:49","modified_gmt":"2026-04-07T14:46:49","slug":"altin-ve-okside-gumus-tyche-motifli-ham-pirlanta-detayli-yuzuk","status":"publish","type":"product","link":"https:\/\/www.gasia.com.tr\/en\/collections\/altin-ve-okside-gumus-tyche-motifli-ham-pirlanta-detayli-yuzuk\/","title":{"rendered":"Alt\u0131n ve Okside G\u00fcm\u00fc\u015f Tyche Motifli Ham P\u0131rlanta Detayl\u0131 Y\u00fcz\u00fck"},"content":{"rendered":"<p>Antik d\u00f6nemin bereket ve talih sembol\u00fc Tyche fig\u00fcr\u00fcnden ilham alan bu y\u00fcz\u00fck, g\u00fc\u00e7l\u00fc kabartma detay\u0131 ve eskitme y\u00fczeyiyle dikkat \u00e7eker. Okside g\u00fcm\u00fc\u015f zemin \u00fczerine yerle\u015ftirilen alt\u0131n \u00e7er\u00e7eve tasar\u0131ma s\u0131cak bir kontrast katarken, merkezdeki ham p\u0131rlanta do\u011fal ve \u00f6zg\u00fcn bir \u0131\u015f\u0131lt\u0131 sunar. Tarihi semboller ve karakterli tasar\u0131mlar sevenler i\u00e7in \u00f6ne \u00e7\u0131kan bu par\u00e7a, stiline anlam ve farkl\u0131l\u0131k katmak isteyenler i\u00e7in ideal bir se\u00e7imdir.<\/p>","protected":false},"excerpt":{"rendered":"<ul>\n<li>14 Ayar Alt\u0131n<\/li>\n<li>925 Ayar Okside G\u00fcm\u00fc\u015f<\/li>\n<li>0,03 ct 9 Facet Ham p\u0131rlanta<\/li>\n<\/ul>","protected":false},"featured_media":41476,"comment_status":"open","ping_status":"closed","template":"","meta":[],"product_brand":[77,2718,2957],"product_cat":[76,257],"product_tag":[3111,3106,3105,565,3112,3109,520,1065,1069,3110,3113,3116,3117,340,3115,3114,1870,683],"class_list":{"0":"post-41474","1":"product","2":"type-product","3":"status-publish","4":"has-post-thumbnail","6":"product_brand-gasia","7":"product_brand-gasia-casuals","8":"product_brand-gasia-for-man","9":"product_cat-yuzuk-modelleri","10":"product_cat-yuzukler","11":"product_tag-altin-ve-gumus-yuzuk","12":"product_tag-ancient-roman-ring","13":"product_tag-antik-roma-yuzuk","14":"product_tag-designer-ring","15":"product_tag-gold-and-silver-ring","16":"product_tag-ham-pirlanta-yuzuk","17":"product_tag-kadin-yuzuk","18":"product_tag-okside-gumus-yuzuk","19":"product_tag-oxidized-silver-ring","20":"product_tag-raw-diamond-ring","21":"product_tag-ring-for-women","22":"product_tag-roma-tanrica-yuzuk","23":"product_tag-roman-goddess-ring","24":"product_tag-tasarim-yuzuk","25":"product_tag-tyche-ring","26":"product_tag-tyche-yuzuk","27":"product_tag-vintage-ring","28":"product_tag-vintage-yuzuk","29":"pa_cinsiyet-erkek","30":"pa_cinsiyet-kadin","32":"first","33":"instock","34":"shipping-taxable","35":"purchasable","36":"product-type-simple"},"_links":{"self":[{"href":"https:\/\/www.gasia.com.tr\/en\/wp-json\/wp\/v2\/product\/41474","targetHints":{"allow":["GET"]}}],"collection":[{"href":"https:\/\/www.gasia.com.tr\/en\/wp-json\/wp\/v2\/product"}],"about":[{"href":"https:\/\/www.gasia.com.tr\/en\/wp-json\/wp\/v2\/types\/product"}],"replies":[{"embeddable":true,"href":"https:\/\/www.gasia.com.tr\/en\/wp-json\/wp\/v2\/comments?post=41474"}],"version-history":[{"count":3,"href":"https:\/\/www.gasia.com.tr\/en\/wp-json\/wp\/v2\/product\/41474\/revisions"}],"predecessor-version":[{"id":41479,"href":"https:\/\/www.gasia.com.tr\/en\/wp-json\/wp\/v2\/product\/41474\/revisions\/41479"}],"wp:featuredmedia":[{"embeddable":true,"href":"https:\/\/www.gasia.com.tr\/en\/wp-json\/wp\/v2\/media\/41476"}],"wp:attachment":[{"href":"https:\/\/www.gasia.com.tr\/en\/wp-json\/wp\/v2\/media?parent=41474"}],"wp:term":[{"taxonomy":"product_brand","embeddable":true,"href":"https:\/\/www.gasia.com.tr\/en\/wp-json\/wp\/v2\/product_brand?post=41474"},{"taxonomy":"product_cat","embeddable":true,"href":"https:\/\/www.gasia.com.tr\/en\/wp-json\/wp\/v2\/product_cat?post=41474"},{"taxonomy":"product_tag","embeddable":true,"href":"https:\/\/www.gasia.com.tr\/en\/wp-json\/wp\/v2\/product_tag?post=41474"}],"curies":[{"name":"wp","href":"https:\/\/api.w.org\/{rel}","templated":true}]}}