{"id":41493,"date":"2026-04-07T18:17:07","date_gmt":"2026-04-07T15:17:07","guid":{"rendered":"https:\/\/www.gasia.com.tr\/?post_type=product&#038;p=41493"},"modified":"2026-04-07T18:20:46","modified_gmt":"2026-04-07T15:20:46","slug":"firuze-tasli-yildiz-formlu-pirlanta-detayli-altin-ve-okside-gumus-kolye","status":"publish","type":"product","link":"https:\/\/www.gasia.com.tr\/en\/collections\/firuze-tasli-yildiz-formlu-pirlanta-detayli-altin-ve-okside-gumus-kolye\/","title":{"rendered":"Firuze Ta\u015fl\u0131 Y\u0131ld\u0131z Formlu P\u0131rlanta Detayl\u0131 Alt\u0131n ve Okside G\u00fcm\u00fc\u015f Kolye"},"content":{"rendered":"<p>Y\u0131ld\u0131z formunun dikkat \u00e7ekici geometrisiyle tasarlanan bu kolye, merkezde yer alan parlak firuze ta\u015f\u0131 ile g\u00fc\u00e7l\u00fc bir kontrast yarat\u0131r. Okside g\u00fcm\u00fc\u015f y\u00fczey \u00fczerine yerle\u015ftirilen p\u0131rlanta detaylar, tasar\u0131ma derinlik ve \u0131\u015f\u0131k katarken alt\u0131n dokunu\u015flar s\u0131cak bir denge sa\u011flar. G\u00fcnl\u00fck kullan\u0131mdan \u00f6zel kombinlere kadar farkl\u0131 stillerle uyum sa\u011flayan bu par\u00e7a, karakterli ve \u00f6zg\u00fcn bir g\u00f6r\u00fcn\u00fcm sunar.<\/p>","protected":false},"excerpt":{"rendered":"<ul>\n<li>14 Ayar Alt\u0131n<\/li>\n<li>925 Ayar Okside G\u00fcm\u00fc\u015f<\/li>\n<li>0,51 ct 10 adet Elmas Kesim Beyaz Safir<\/li>\n<li>0,33 ct 1 adet Firuze<\/li>\n<li>42 cm Zincir Uzunlu\u011fu<\/li>\n<\/ul>","protected":false},"featured_media":41494,"comment_status":"open","ping_status":"closed","template":"","meta":[],"product_brand":[2718],"product_cat":[75,208],"product_tag":[3118,633,1605,1093,3119,473,3092,1365,490,472,2936,274,1095,2934],"class_list":{"0":"post-41493","1":"product","2":"type-product","3":"status-publish","4":"has-post-thumbnail","6":"product_brand-gasia-casuals","7":"product_cat-kolye","8":"product_cat-yildiz-mucevher-modelleri","9":"product_tag-altin-gumus-kolye","10":"product_tag-designer-necklace","11":"product_tag-diamond-detail-necklace","12":"product_tag-firuze-kolye","13":"product_tag-gold-silver-necklace","14":"product_tag-kadin-kolye","15":"product_tag-necklace-for-women","16":"product_tag-okside-gumus-kolye","17":"product_tag-oxidized-silver-necklace","18":"product_tag-pirlanta-detayli-kolye","19":"product_tag-star-necklace","20":"product_tag-tasarim-kolye","21":"product_tag-turquoise-necklace","22":"product_tag-yildiz-kolye","23":"pa_cinsiyet-kadin","25":"first","26":"instock","27":"shipping-taxable","28":"purchasable","29":"product-type-simple"},"_links":{"self":[{"href":"https:\/\/www.gasia.com.tr\/en\/wp-json\/wp\/v2\/product\/41493","targetHints":{"allow":["GET"]}}],"collection":[{"href":"https:\/\/www.gasia.com.tr\/en\/wp-json\/wp\/v2\/product"}],"about":[{"href":"https:\/\/www.gasia.com.tr\/en\/wp-json\/wp\/v2\/types\/product"}],"replies":[{"embeddable":true,"href":"https:\/\/www.gasia.com.tr\/en\/wp-json\/wp\/v2\/comments?post=41493"}],"version-history":[{"count":2,"href":"https:\/\/www.gasia.com.tr\/en\/wp-json\/wp\/v2\/product\/41493\/revisions"}],"predecessor-version":[{"id":41498,"href":"https:\/\/www.gasia.com.tr\/en\/wp-json\/wp\/v2\/product\/41493\/revisions\/41498"}],"wp:featuredmedia":[{"embeddable":true,"href":"https:\/\/www.gasia.com.tr\/en\/wp-json\/wp\/v2\/media\/41494"}],"wp:attachment":[{"href":"https:\/\/www.gasia.com.tr\/en\/wp-json\/wp\/v2\/media?parent=41493"}],"wp:term":[{"taxonomy":"product_brand","embeddable":true,"href":"https:\/\/www.gasia.com.tr\/en\/wp-json\/wp\/v2\/product_brand?post=41493"},{"taxonomy":"product_cat","embeddable":true,"href":"https:\/\/www.gasia.com.tr\/en\/wp-json\/wp\/v2\/product_cat?post=41493"},{"taxonomy":"product_tag","embeddable":true,"href":"https:\/\/www.gasia.com.tr\/en\/wp-json\/wp\/v2\/product_tag?post=41493"}],"curies":[{"name":"wp","href":"https:\/\/api.w.org\/{rel}","templated":true}]}}