{"id":41502,"date":"2026-03-05T21:33:56","date_gmt":"2026-03-05T18:33:56","guid":{"rendered":"https:\/\/www.gasia.com.tr\/?post_type=product&#038;p=41502"},"modified":"2026-04-11T11:52:57","modified_gmt":"2026-04-11T08:52:57","slug":"fatma-ana-eli-motifli-sari-safir-zeminli-pirlanta-detayli-altin-ve-okside-gumus-kolye","status":"publish","type":"product","link":"https:\/\/www.gasia.com.tr\/en\/collections\/fatma-ana-eli-motifli-sari-safir-zeminli-pirlanta-detayli-altin-ve-okside-gumus-kolye\/","title":{"rendered":"Fatma Ana Eli Motifli Sar\u0131 Safir Zeminli P\u0131rlanta Detayl\u0131 Alt\u0131n ve Okside G\u00fcm\u00fc\u015f Kolye"},"content":{"rendered":"<p>Merkezinde yer alan Fatma Ana Eli motifi ile \u00f6ne \u00e7\u0131kan bu kolye, sar\u0131 safir zemin \u00fczerinde i\u015flenen canl\u0131 detaylar\u0131yla dikkat \u00e7eker. I\u015f\u0131\u011f\u0131 s\u0131cak tonlarla yans\u0131tan safir y\u00fczey, \u00e7evresini saran p\u0131rlanta dizilimiyle birlikte tasar\u0131ma derinlik kazand\u0131r\u0131r. Alt\u0131n zincir ve okside g\u00fcm\u00fc\u015f \u00e7er\u00e7eve, g\u00fc\u00e7l\u00fc bir kontrast olu\u015fturarak par\u00e7an\u0131n karakterini belirginle\u015ftirir. G\u00fcnl\u00fck kullan\u0131mdan \u00f6zel kombinlere kadar farkl\u0131 stillerle uyum sa\u011flayan etkileyici bir tasar\u0131md\u0131r.<\/p>","protected":false},"excerpt":{"rendered":"<ul>\n<li>14 Ayar Alt\u0131n<\/li>\n<li>925 Ayar Okside G\u00fcm\u00fc\u015f<\/li>\n<li>0,30 ct 52 adet P\u0131rlanta<\/li>\n<li>12,95 ct Sar\u0131 Safir<\/li>\n<li>42 cm Uzunlu\u011funda Zincir<\/li>\n<\/ul>","protected":false},"featured_media":41503,"comment_status":"open","ping_status":"closed","template":"","meta":[],"product_brand":[2718],"product_cat":[247,75,198],"product_tag":[3118,633,1605,1623,726,747,811,3119,744,1087,472,2739,274,2742],"class_list":{"0":"post-41502","1":"product","2":"type-product","3":"status-publish","4":"has-post-thumbnail","6":"product_brand-gasia-casuals","7":"product_cat-hediyelik","8":"product_cat-kolye","9":"product_cat-eye-collection","10":"product_tag-altin-gumus-kolye","11":"product_tag-designer-necklace","12":"product_tag-diamond-detail-necklace","13":"product_tag-dogal-tas-kolye","14":"product_tag-evil-eye-necklace","15":"product_tag-fatma-ana-eli-kolye","16":"product_tag-gemstone-necklace","17":"product_tag-gold-silver-necklace","18":"product_tag-hamsa-necklace","19":"product_tag-nazar-kolyesi","20":"product_tag-pirlanta-detayli-kolye","21":"product_tag-sari-safir-kolye","22":"product_tag-tasarim-kolye","23":"product_tag-yellow-sapphire-necklace","24":"pa_cinsiyet-kadin","26":"first","27":"instock","28":"sale","29":"shipping-taxable","30":"purchasable","31":"product-type-simple"},"_links":{"self":[{"href":"https:\/\/www.gasia.com.tr\/en\/wp-json\/wp\/v2\/product\/41502","targetHints":{"allow":["GET"]}}],"collection":[{"href":"https:\/\/www.gasia.com.tr\/en\/wp-json\/wp\/v2\/product"}],"about":[{"href":"https:\/\/www.gasia.com.tr\/en\/wp-json\/wp\/v2\/types\/product"}],"replies":[{"embeddable":true,"href":"https:\/\/www.gasia.com.tr\/en\/wp-json\/wp\/v2\/comments?post=41502"}],"version-history":[{"count":2,"href":"https:\/\/www.gasia.com.tr\/en\/wp-json\/wp\/v2\/product\/41502\/revisions"}],"predecessor-version":[{"id":41505,"href":"https:\/\/www.gasia.com.tr\/en\/wp-json\/wp\/v2\/product\/41502\/revisions\/41505"}],"wp:featuredmedia":[{"embeddable":true,"href":"https:\/\/www.gasia.com.tr\/en\/wp-json\/wp\/v2\/media\/41503"}],"wp:attachment":[{"href":"https:\/\/www.gasia.com.tr\/en\/wp-json\/wp\/v2\/media?parent=41502"}],"wp:term":[{"taxonomy":"product_brand","embeddable":true,"href":"https:\/\/www.gasia.com.tr\/en\/wp-json\/wp\/v2\/product_brand?post=41502"},{"taxonomy":"product_cat","embeddable":true,"href":"https:\/\/www.gasia.com.tr\/en\/wp-json\/wp\/v2\/product_cat?post=41502"},{"taxonomy":"product_tag","embeddable":true,"href":"https:\/\/www.gasia.com.tr\/en\/wp-json\/wp\/v2\/product_tag?post=41502"}],"curies":[{"name":"wp","href":"https:\/\/api.w.org\/{rel}","templated":true}]}}