{"id":41511,"date":"2026-02-05T00:00:00","date_gmt":"2026-02-04T21:00:00","guid":{"rendered":"https:\/\/www.gasia.com.tr\/?post_type=product&#038;p=41511"},"modified":"2026-04-20T22:21:27","modified_gmt":"2026-04-20T19:21:27","slug":"abanoz-agaci-balik-formlu-pirlanta-detayli-kolye","status":"publish","type":"product","link":"https:\/\/www.gasia.com.tr\/en\/collections\/abanoz-agaci-balik-formlu-pirlanta-detayli-kolye\/","title":{"rendered":"Abanoz A\u011fac\u0131 Bal\u0131k Formlu P\u0131rlanta Detayl\u0131 Kolye"},"content":{"rendered":"<p>El i\u015f\u00e7ili\u011fiyle \u015fekillendirilmi\u015f bal\u0131k formu, bu kolyeye karakterli ve \u00f6zg\u00fcn bir g\u00f6r\u00fcn\u00fcm kazand\u0131r\u0131r. Abanoz a\u011fac\u0131n\u0131n dokulu y\u00fczeyi, \u00fczerine yerle\u015ftirilen p\u0131rlanta detayl\u0131 \u015feritlerle kontrast olu\u015fturarak tasar\u0131ma hareket katar. G\u00f6z k\u0131sm\u0131nda kullan\u0131lan renkli ta\u015f detay\u0131, par\u00e7aya ince bir vurgu eklerken kullan\u0131lan alt\u0131n dengeli bir b\u00fct\u00fcnl\u00fck sunar. Farkl\u0131 ve dikkat \u00e7ekici tasar\u0131mlar arayanlar i\u00e7in g\u00fc\u00e7l\u00fc bir ifade ta\u015f\u0131yan \u00f6zel bir par\u00e7ad\u0131r.<\/p>","protected":false},"excerpt":{"rendered":"<ul>\n<li>18 Ayar Alt\u0131n<\/li>\n<li>1,09 ct P\u0131rlanta<\/li>\n<li>45 cm Uzunlu\u011funda Zincir<\/li>\n<li>El i\u015f\u00e7ili\u011fi ile i\u015flenmi\u015f Abanoz a\u011fac\u0131 g\u00f6vde<\/li>\n<\/ul>","protected":false},"featured_media":41512,"comment_status":"open","ping_status":"closed","template":"","meta":[],"product_brand":[77,2718],"product_cat":[75],"product_tag":[3118,3122,470,633,1605,1623,3120,1755,3119,2140,1630,472,3121,274],"class_list":{"0":"post-41511","1":"product","2":"type-product","3":"status-publish","4":"has-post-thumbnail","6":"product_brand-gasia","7":"product_brand-gasia-casuals","8":"product_cat-kolye","9":"product_tag-altin-gumus-kolye","10":"product_tag-artistic-jewelry","11":"product_tag-balik-kolye","12":"product_tag-designer-necklace","13":"product_tag-diamond-detail-necklace","14":"product_tag-dogal-tas-kolye","15":"product_tag-el-isi-kolye","16":"product_tag-fish-necklace","17":"product_tag-gold-silver-necklace","18":"product_tag-handmade-necklace","19":"product_tag-natural-stone-necklace","20":"product_tag-pirlanta-detayli-kolye","21":"product_tag-sanatsal-taki","22":"product_tag-tasarim-kolye","23":"pa_cinsiyet-kadin","25":"first","26":"instock","27":"shipping-taxable","28":"purchasable","29":"product-type-simple"},"_links":{"self":[{"href":"https:\/\/www.gasia.com.tr\/en\/wp-json\/wp\/v2\/product\/41511","targetHints":{"allow":["GET"]}}],"collection":[{"href":"https:\/\/www.gasia.com.tr\/en\/wp-json\/wp\/v2\/product"}],"about":[{"href":"https:\/\/www.gasia.com.tr\/en\/wp-json\/wp\/v2\/types\/product"}],"replies":[{"embeddable":true,"href":"https:\/\/www.gasia.com.tr\/en\/wp-json\/wp\/v2\/comments?post=41511"}],"version-history":[{"count":2,"href":"https:\/\/www.gasia.com.tr\/en\/wp-json\/wp\/v2\/product\/41511\/revisions"}],"predecessor-version":[{"id":41514,"href":"https:\/\/www.gasia.com.tr\/en\/wp-json\/wp\/v2\/product\/41511\/revisions\/41514"}],"wp:featuredmedia":[{"embeddable":true,"href":"https:\/\/www.gasia.com.tr\/en\/wp-json\/wp\/v2\/media\/41512"}],"wp:attachment":[{"href":"https:\/\/www.gasia.com.tr\/en\/wp-json\/wp\/v2\/media?parent=41511"}],"wp:term":[{"taxonomy":"product_brand","embeddable":true,"href":"https:\/\/www.gasia.com.tr\/en\/wp-json\/wp\/v2\/product_brand?post=41511"},{"taxonomy":"product_cat","embeddable":true,"href":"https:\/\/www.gasia.com.tr\/en\/wp-json\/wp\/v2\/product_cat?post=41511"},{"taxonomy":"product_tag","embeddable":true,"href":"https:\/\/www.gasia.com.tr\/en\/wp-json\/wp\/v2\/product_tag?post=41511"}],"curies":[{"name":"wp","href":"https:\/\/api.w.org\/{rel}","templated":true}]}}