{"id":41519,"date":"2026-04-07T22:34:53","date_gmt":"2026-04-07T19:34:53","guid":{"rendered":"https:\/\/www.gasia.com.tr\/?post_type=product&#038;p=41519"},"modified":"2026-04-08T14:55:21","modified_gmt":"2026-04-08T11:55:21","slug":"sedef-ve-pirlanta-detayli-kalp-motif-altin-kolye","status":"publish","type":"product","link":"https:\/\/www.gasia.com.tr\/en\/collections\/sedef-ve-pirlanta-detayli-kalp-motif-altin-kolye\/","title":{"rendered":"Sedef ve P\u0131rlanta Detayl\u0131 Kalp Motif Alt\u0131n Kolye"},"content":{"rendered":"<p data-start=\"133\" data-end=\"642\">Oval formda sedef ta\u015f \u00fczerine tasarlanan bu alt\u0131n kolye, i\u00e7 k\u0131sm\u0131ndaki kalp motifiyle zarif ve anlaml\u0131 bir g\u00f6r\u00fcn\u00fcm sunar. Sedefin do\u011fal \u0131\u015f\u0131lt\u0131s\u0131, \u00e7evresini saran p\u0131rlanta dizilimi ile birlikte daha belirgin hale gelirken, kalp formunu takip eden ince p\u0131rlanta hat tasar\u0131ma derinlik kazand\u0131r\u0131r. \u00dcst b\u00f6l\u00fcmde yer alan kalp detay\u0131 ile b\u00fct\u00fcnl\u00fck sa\u011flan\u0131r. I\u015f\u0131\u011fa g\u00f6re de\u011fi\u015fen sedef y\u00fczeyi, kolyeye yumu\u015fak ve dikkat \u00e7ekici bir etki verir. G\u00fcnl\u00fck kullan\u0131ma uygun oldu\u011fu kadar \u00f6zel anlarda da zarif bir tamamlay\u0131c\u0131d\u0131r.<\/p>","protected":false},"excerpt":{"rendered":"<ul>\n<li>18 Ayar Alt\u0131n<\/li>\n<li>0,74 ct 117 adet P\u0131rlanta<\/li>\n<li>45 cm Uzunlu\u011funda Zincir<\/li>\n<li>Oval Kesim Do\u011fal Sedef<\/li>\n<\/ul>","protected":false},"featured_media":41520,"comment_status":"open","ping_status":"closed","template":"","meta":[],"product_brand":[77,2718],"product_cat":[75],"product_tag":[1088,294,1637,811,1641,3035,2115,1640,2146,3123,987,276,977,980,474,2678,329,476],"class_list":{"0":"post-41519","1":"product","2":"type-product","3":"status-publish","4":"has-post-thumbnail","6":"product_brand-gasia","7":"product_brand-gasia-casuals","8":"product_cat-kolye","9":"product_tag-altin-kolye-kadin","10":"product_tag-diamond-necklace","11":"product_tag-elegant-necklace","12":"product_tag-gemstone-necklace","13":"product_tag-gift-necklace","14":"product_tag-gold-necklace-for-women","15":"product_tag-heart-necklace","16":"product_tag-hediye-kolye","17":"product_tag-kalp-kolye","18":"product_tag-mother-of-pearl-jewelry","19":"product_tag-mother-of-pearl-necklace","20":"product_tag-pirlanta-kolye","21":"product_tag-sedef-kolye","22":"product_tag-sedef-tas-kolye","23":"product_tag-sik-kolye","24":"product_tag-stylish-necklace","25":"product_tag-tasli-kolye","26":"product_tag-zarif-kolye","27":"pa_cinsiyet-kadin","29":"first","30":"instock","31":"sale","32":"shipping-taxable","33":"purchasable","34":"product-type-simple"},"_links":{"self":[{"href":"https:\/\/www.gasia.com.tr\/en\/wp-json\/wp\/v2\/product\/41519","targetHints":{"allow":["GET"]}}],"collection":[{"href":"https:\/\/www.gasia.com.tr\/en\/wp-json\/wp\/v2\/product"}],"about":[{"href":"https:\/\/www.gasia.com.tr\/en\/wp-json\/wp\/v2\/types\/product"}],"replies":[{"embeddable":true,"href":"https:\/\/www.gasia.com.tr\/en\/wp-json\/wp\/v2\/comments?post=41519"}],"version-history":[{"count":3,"href":"https:\/\/www.gasia.com.tr\/en\/wp-json\/wp\/v2\/product\/41519\/revisions"}],"predecessor-version":[{"id":41583,"href":"https:\/\/www.gasia.com.tr\/en\/wp-json\/wp\/v2\/product\/41519\/revisions\/41583"}],"wp:featuredmedia":[{"embeddable":true,"href":"https:\/\/www.gasia.com.tr\/en\/wp-json\/wp\/v2\/media\/41520"}],"wp:attachment":[{"href":"https:\/\/www.gasia.com.tr\/en\/wp-json\/wp\/v2\/media?parent=41519"}],"wp:term":[{"taxonomy":"product_brand","embeddable":true,"href":"https:\/\/www.gasia.com.tr\/en\/wp-json\/wp\/v2\/product_brand?post=41519"},{"taxonomy":"product_cat","embeddable":true,"href":"https:\/\/www.gasia.com.tr\/en\/wp-json\/wp\/v2\/product_cat?post=41519"},{"taxonomy":"product_tag","embeddable":true,"href":"https:\/\/www.gasia.com.tr\/en\/wp-json\/wp\/v2\/product_tag?post=41519"}],"curies":[{"name":"wp","href":"https:\/\/api.w.org\/{rel}","templated":true}]}}