{"id":41522,"date":"2026-04-07T22:36:20","date_gmt":"2026-04-07T19:36:20","guid":{"rendered":"https:\/\/www.gasia.com.tr\/?post_type=product&#038;p=41522"},"modified":"2026-04-08T14:56:25","modified_gmt":"2026-04-08T11:56:25","slug":"onyx-ve-pirlanta-kalp-motif-altin-kolye","status":"publish","type":"product","link":"https:\/\/www.gasia.com.tr\/en\/collections\/onyx-ve-pirlanta-kalp-motif-altin-kolye\/","title":{"rendered":"Onyx ve P\u0131rlanta Kalp Motif Alt\u0131n Kolye"},"content":{"rendered":"<p>Gizemli ve sofistike g\u00f6r\u00fcn\u00fcm\u00fcyle \u00f6ne \u00e7\u0131kan onyx ta\u015f\u0131, bu \u00f6zel tasar\u0131m kolyede modern zarafetle bulu\u015fuyor. Parlak siyah y\u00fczeye sahip oval kesim onyx, etraf\u0131n\u0131 saran p\u0131rlanta detaylarla g\u00fc\u00e7l\u00fc bir \u0131\u015f\u0131lt\u0131 kazan\u0131rken, i\u00e7 k\u0131sm\u0131ndaki kalp formu tasar\u0131ma romantik ve zarif bir dokunu\u015f kat\u0131yor. \u00dcstte yer alan p\u0131rlanta s\u00fcslemeli kalp ba\u011flant\u0131 detay\u0131, b\u00fct\u00fcnl\u00fc\u011f\u00fc tamamlayarak kolyeye incelikli bir estetik kazand\u0131r\u0131r. Siyah\u0131n derinli\u011fi ile alt\u0131n\u0131n s\u0131cak tonlar\u0131n\u0131n uyumu, hem g\u00fcnl\u00fck kullan\u0131m hem de \u00f6zel anlar i\u00e7in iddial\u0131 ve \u015f\u0131k bir stil sunar.<\/p>","protected":false},"excerpt":{"rendered":"<ul>\n<li>18 Ayar Alt\u0131n<\/li>\n<li>0,74 ct 117 adet P\u0131rlanta<\/li>\n<li>45 cm Uzunlu\u011funda Zincir<\/li>\n<li>Oval Kesim Do\u011fal Onyx<\/li>\n<\/ul>","protected":false},"featured_media":41523,"comment_status":"open","ping_status":"closed","template":"","meta":[],"product_brand":[77,2718],"product_cat":[75],"product_tag":[1088,1619,294,1637,811,3098,3035,3125,1640,3124,1417,3095,1099,276,1613,474,329,476],"class_list":{"0":"post-41522","1":"product","2":"type-product","3":"status-publish","4":"has-post-thumbnail","6":"product_brand-gasia","7":"product_brand-gasia-casuals","8":"product_cat-kolye","9":"product_tag-altin-kolye-kadin","10":"product_tag-black-stone-necklace","11":"product_tag-diamond-necklace","12":"product_tag-elegant-necklace","13":"product_tag-gemstone-necklace","14":"product_tag-gift-jewelry","15":"product_tag-gold-necklace-for-women","16":"product_tag-heart-motif-necklace","17":"product_tag-hediye-kolye","18":"product_tag-kalp-motif-kolye","19":"product_tag-luxury-necklace","20":"product_tag-onyx-kolye","21":"product_tag-onyx-necklace","22":"product_tag-pirlanta-kolye","23":"product_tag-siyah-tas-kolye","24":"product_tag-sik-kolye","25":"product_tag-tasli-kolye","26":"product_tag-zarif-kolye","27":"pa_cinsiyet-kadin","29":"first","30":"instock","31":"sale","32":"shipping-taxable","33":"purchasable","34":"product-type-simple"},"_links":{"self":[{"href":"https:\/\/www.gasia.com.tr\/en\/wp-json\/wp\/v2\/product\/41522","targetHints":{"allow":["GET"]}}],"collection":[{"href":"https:\/\/www.gasia.com.tr\/en\/wp-json\/wp\/v2\/product"}],"about":[{"href":"https:\/\/www.gasia.com.tr\/en\/wp-json\/wp\/v2\/types\/product"}],"replies":[{"embeddable":true,"href":"https:\/\/www.gasia.com.tr\/en\/wp-json\/wp\/v2\/comments?post=41522"}],"version-history":[{"count":2,"href":"https:\/\/www.gasia.com.tr\/en\/wp-json\/wp\/v2\/product\/41522\/revisions"}],"predecessor-version":[{"id":41584,"href":"https:\/\/www.gasia.com.tr\/en\/wp-json\/wp\/v2\/product\/41522\/revisions\/41584"}],"wp:featuredmedia":[{"embeddable":true,"href":"https:\/\/www.gasia.com.tr\/en\/wp-json\/wp\/v2\/media\/41523"}],"wp:attachment":[{"href":"https:\/\/www.gasia.com.tr\/en\/wp-json\/wp\/v2\/media?parent=41522"}],"wp:term":[{"taxonomy":"product_brand","embeddable":true,"href":"https:\/\/www.gasia.com.tr\/en\/wp-json\/wp\/v2\/product_brand?post=41522"},{"taxonomy":"product_cat","embeddable":true,"href":"https:\/\/www.gasia.com.tr\/en\/wp-json\/wp\/v2\/product_cat?post=41522"},{"taxonomy":"product_tag","embeddable":true,"href":"https:\/\/www.gasia.com.tr\/en\/wp-json\/wp\/v2\/product_tag?post=41522"}],"curies":[{"name":"wp","href":"https:\/\/api.w.org\/{rel}","templated":true}]}}