{"id":41530,"date":"2026-04-07T22:40:20","date_gmt":"2026-04-07T19:40:20","guid":{"rendered":"https:\/\/www.gasia.com.tr\/?post_type=product&#038;p=41530"},"modified":"2026-04-16T10:19:56","modified_gmt":"2026-04-16T07:19:56","slug":"slice-pirlanta-tasli-cerceveli-pirlanta-altin-kolye","status":"publish","type":"product","link":"https:\/\/www.gasia.com.tr\/en\/collections\/slice-pirlanta-tasli-cerceveli-pirlanta-altin-kolye\/","title":{"rendered":"Slice P\u0131rlanta Ta\u015fl\u0131 \u00c7er\u00e7eveli P\u0131rlanta Alt\u0131n Kolye"},"content":{"rendered":"<p>Do\u011fall\u0131\u011f\u0131n ve e\u015fsizli\u011fin simgesi olan slice p\u0131rlanta, bu \u00f6zel tasar\u0131m kolyede modern ve sanatsal bir formda hayat buluyor. Organik yap\u0131s\u0131n\u0131 koruyan merkez ta\u015f, do\u011fal damarlar\u0131 ve benzersiz dokusuyla her par\u00e7ay\u0131 tek ve ayr\u0131cal\u0131kl\u0131 k\u0131lar. Etraf\u0131n\u0131 saran ince p\u0131rlanta \u00e7er\u00e7eve, ta\u015f\u0131n ham ve do\u011fal g\u00fczelli\u011fini zarif bir \u0131\u015f\u0131lt\u0131yla tamamlar. Alt\u0131n zincir ve koyu tonlu mont\u00fcr detaylar\u0131yla kontrast olu\u015fturan tasar\u0131m, g\u00fc\u00e7l\u00fc ve sofistike bir stil sunar. Hem g\u00fcnl\u00fck kullan\u0131mda fark yaratmak hem de \u00f6zel anlarda \u00f6zg\u00fcn bir duru\u015f sergilemek isteyenler i\u00e7in ideal bir se\u00e7imdir.<\/p>","protected":false},"excerpt":{"rendered":"<ul>\n<li>18 Ayar Alt\u0131n<\/li>\n<li>925 Ayar Okside G\u00fcm\u00fc\u015f<\/li>\n<li>0,44 ct P\u0131rlanta<\/li>\n<li>1,89 ct Slice Kesim Kahve P\u0131rlanta<\/li>\n<\/ul>","protected":false},"featured_media":41531,"comment_status":"open","ping_status":"closed","template":"","meta":[],"product_brand":[77,2718],"product_cat":[75],"product_tag":[1088,2979,633,294,3128,1623,3098,3035,3129,1640,477,1417,3130,276,2832,3127,274,2379],"class_list":{"0":"post-41530","1":"product","2":"type-product","3":"status-publish","4":"has-post-thumbnail","6":"product_brand-gasia","7":"product_brand-gasia-casuals","8":"product_cat-kolye","9":"product_tag-altin-kolye-kadin","10":"product_tag-benzersiz-kolye","11":"product_tag-designer-necklace","12":"product_tag-diamond-necklace","13":"product_tag-diamond-slice-necklace","14":"product_tag-dogal-tas-kolye","15":"product_tag-gift-jewelry","16":"product_tag-gold-necklace-for-women","17":"product_tag-ham-pirlanta-kolye","18":"product_tag-hediye-kolye","19":"product_tag-luks-kolye","20":"product_tag-luxury-necklace","21":"product_tag-natural-diamond-jewelry","22":"product_tag-pirlanta-kolye","23":"product_tag-raw-diamond-necklace","24":"product_tag-slice-pirlanta-kolye","25":"product_tag-tasarim-kolye","26":"product_tag-unique-jewelry","27":"pa_cinsiyet-kadin","29":"first","30":"instock","31":"sale","32":"shipping-taxable","33":"purchasable","34":"product-type-simple"},"_links":{"self":[{"href":"https:\/\/www.gasia.com.tr\/en\/wp-json\/wp\/v2\/product\/41530","targetHints":{"allow":["GET"]}}],"collection":[{"href":"https:\/\/www.gasia.com.tr\/en\/wp-json\/wp\/v2\/product"}],"about":[{"href":"https:\/\/www.gasia.com.tr\/en\/wp-json\/wp\/v2\/types\/product"}],"replies":[{"embeddable":true,"href":"https:\/\/www.gasia.com.tr\/en\/wp-json\/wp\/v2\/comments?post=41530"}],"version-history":[{"count":3,"href":"https:\/\/www.gasia.com.tr\/en\/wp-json\/wp\/v2\/product\/41530\/revisions"}],"predecessor-version":[{"id":41970,"href":"https:\/\/www.gasia.com.tr\/en\/wp-json\/wp\/v2\/product\/41530\/revisions\/41970"}],"wp:featuredmedia":[{"embeddable":true,"href":"https:\/\/www.gasia.com.tr\/en\/wp-json\/wp\/v2\/media\/41531"}],"wp:attachment":[{"href":"https:\/\/www.gasia.com.tr\/en\/wp-json\/wp\/v2\/media?parent=41530"}],"wp:term":[{"taxonomy":"product_brand","embeddable":true,"href":"https:\/\/www.gasia.com.tr\/en\/wp-json\/wp\/v2\/product_brand?post=41530"},{"taxonomy":"product_cat","embeddable":true,"href":"https:\/\/www.gasia.com.tr\/en\/wp-json\/wp\/v2\/product_cat?post=41530"},{"taxonomy":"product_tag","embeddable":true,"href":"https:\/\/www.gasia.com.tr\/en\/wp-json\/wp\/v2\/product_tag?post=41530"}],"curies":[{"name":"wp","href":"https:\/\/api.w.org\/{rel}","templated":true}]}}