{"id":41533,"date":"2026-01-01T22:41:49","date_gmt":"2026-01-01T19:41:49","guid":{"rendered":"https:\/\/www.gasia.com.tr\/?post_type=product&#038;p=41533"},"modified":"2026-04-11T13:32:13","modified_gmt":"2026-04-11T10:32:13","slug":"cicek-motifli-pirlanta-yuzuk","status":"publish","type":"product","link":"https:\/\/www.gasia.com.tr\/en\/collections\/cicek-motifli-pirlanta-yuzuk\/","title":{"rendered":"\u00c7i\u00e7ek Motifli P\u0131rlanta Y\u00fcz\u00fck"},"content":{"rendered":"<p data-start=\"108\" data-end=\"570\">Do\u011fadan ilham alan zarif \u00e7i\u00e7ek formu ile tasarlanan bu p\u0131rlanta y\u00fcz\u00fck, feminen ve romantik bir stil sunar. \u0130nce i\u015f\u00e7ilikle olu\u015fturulan \u00e7i\u00e7ek motifinin her bir k\u0131vr\u0131m\u0131 p\u0131rlantalarla s\u00fcslenerek \u0131\u015f\u0131lt\u0131l\u0131 bir g\u00f6r\u00fcn\u00fcm elde edilmi\u015ftir. Y\u00fcz\u00fck formundaki sade ve zarif bant, ta\u015flar\u0131n \u00f6n plana \u00e7\u0131kmas\u0131n\u0131 sa\u011flarken g\u00fcnl\u00fck kullan\u0131mda da konfor sunar. I\u015f\u0131lt\u0131s\u0131 ve naif tasar\u0131m\u0131yla hem tek ba\u015f\u0131na hem de kombin y\u00fcz\u00fcklerle birlikte \u015f\u0131k bir tamamlay\u0131c\u0131 olarak tercih edilebilir.<\/p>","protected":false},"excerpt":{"rendered":"<p>Do\u011fadan ilham alan zarif \u00e7i\u00e7ek formu ile tasarlanan bu p\u0131rlanta y\u00fcz\u00fck, feminen ve romantik bir stil sunar. \u0130nce i\u015f\u00e7ilikle olu\u015fturulan<\/p>","protected":false},"featured_media":41534,"comment_status":"open","ping_status":"closed","template":"","meta":[],"product_brand":[2718],"product_cat":[76],"product_tag":[1216,336,527,654,528,2165,566,3135,3131,3134,574,335,3133,3132,344,2046,562,519],"class_list":{"0":"post-41533","1":"product","2":"type-product","3":"status-publish","4":"has-post-thumbnail","6":"product_brand-gasia-casuals","7":"product_cat-yuzuk-modelleri","8":"product_tag-altin-yuzuk-kadin","9":"product_tag-cicek-yuzuk","10":"product_tag-delicate-ring","11":"product_tag-diamond-ring","12":"product_tag-elegant-ring","13":"product_tag-flower-ring","14":"product_tag-gemstone-ring","15":"product_tag-gift-ring","16":"product_tag-gold-ring-for-women","17":"product_tag-hediye-yuzuk","18":"product_tag-ince-yuzuk","19":"product_tag-pirlanta-yuzuk","20":"product_tag-romantic-jewelry","21":"product_tag-romantik-yuzuk","22":"product_tag-sik-yuzuk","23":"product_tag-stylish-ring","24":"product_tag-tasli-yuzuk","25":"product_tag-zarif-yuzuk","26":"pa_cinsiyet-kadin","28":"first","29":"instock","30":"shipping-taxable","31":"product-type-simple"},"_links":{"self":[{"href":"https:\/\/www.gasia.com.tr\/en\/wp-json\/wp\/v2\/product\/41533","targetHints":{"allow":["GET"]}}],"collection":[{"href":"https:\/\/www.gasia.com.tr\/en\/wp-json\/wp\/v2\/product"}],"about":[{"href":"https:\/\/www.gasia.com.tr\/en\/wp-json\/wp\/v2\/types\/product"}],"replies":[{"embeddable":true,"href":"https:\/\/www.gasia.com.tr\/en\/wp-json\/wp\/v2\/comments?post=41533"}],"version-history":[{"count":1,"href":"https:\/\/www.gasia.com.tr\/en\/wp-json\/wp\/v2\/product\/41533\/revisions"}],"predecessor-version":[{"id":41535,"href":"https:\/\/www.gasia.com.tr\/en\/wp-json\/wp\/v2\/product\/41533\/revisions\/41535"}],"wp:featuredmedia":[{"embeddable":true,"href":"https:\/\/www.gasia.com.tr\/en\/wp-json\/wp\/v2\/media\/41534"}],"wp:attachment":[{"href":"https:\/\/www.gasia.com.tr\/en\/wp-json\/wp\/v2\/media?parent=41533"}],"wp:term":[{"taxonomy":"product_brand","embeddable":true,"href":"https:\/\/www.gasia.com.tr\/en\/wp-json\/wp\/v2\/product_brand?post=41533"},{"taxonomy":"product_cat","embeddable":true,"href":"https:\/\/www.gasia.com.tr\/en\/wp-json\/wp\/v2\/product_cat?post=41533"},{"taxonomy":"product_tag","embeddable":true,"href":"https:\/\/www.gasia.com.tr\/en\/wp-json\/wp\/v2\/product_tag?post=41533"}],"curies":[{"name":"wp","href":"https:\/\/api.w.org\/{rel}","templated":true}]}}