{"id":41536,"date":"2026-04-07T22:43:10","date_gmt":"2026-04-07T19:43:10","guid":{"rendered":"https:\/\/www.gasia.com.tr\/?post_type=product&#038;p=41536"},"modified":"2026-04-15T21:55:36","modified_gmt":"2026-04-15T18:55:36","slug":"elma-motifli-pirlanta-tasli-zarif-beyaz-altin-kolye","status":"publish","type":"product","link":"https:\/\/www.gasia.com.tr\/en\/collections\/elma-motifli-pirlanta-tasli-zarif-beyaz-altin-kolye\/","title":{"rendered":"Elma Motifli P\u0131rlanta Ta\u015fl\u0131 Zarif Beyaz Alt\u0131n Kolye"},"content":{"rendered":"<p>Zarif ve anlam y\u00fckl\u00fc tasar\u0131m\u0131yla \u00f6ne \u00e7\u0131kan bu kolye, elma formundan ilham alan modern bir estetik sunar. \u0130nce i\u015f\u00e7ilikle \u015fekillendirilen beyaz alt\u0131n y\u00fczey, tamam\u0131 p\u0131rlantalarla s\u00fcslenmi\u015f k\u0131vr\u0131ml\u0131 hatlar\u0131 sayesinde \u0131\u015f\u0131\u011f\u0131 her a\u00e7\u0131dan yans\u0131tarak g\u00f6z al\u0131c\u0131 bir \u0131\u015f\u0131lt\u0131 olu\u015fturur. \u0130\u00e7 i\u00e7e ge\u00e7en organik formlar ve k\u00fc\u00e7\u00fck p\u0131rlanta detaylar, tasar\u0131ma hareket ve derinlik kazand\u0131r\u0131rken, do\u011fadan ilham alan bu \u00f6zel par\u00e7a sofistike bir stil sunar. Hem g\u00fcnl\u00fck kullan\u0131mda zarif bir dokunu\u015f hem de \u00f6zel anlarda dikkat \u00e7ekici bir tamamlay\u0131c\u0131 olarak tercih edilebilir.<\/p>","protected":false},"excerpt":{"rendered":"<ul>\n<li>18 Ayar Alt\u0131n<\/li>\n<li>2,39 ct P\u0131rlanta<\/li>\n<li>45 cm Uzunlu\u011funda Zincir<\/li>\n<\/ul>","protected":false},"featured_media":41537,"comment_status":"open","ping_status":"closed","template":"","meta":[],"product_brand":[77,2718],"product_cat":[75],"product_tag":[3137,2353,633,294,2926,3136,811,3098,1640,473,1417,277,1993,3092,276,474,274,329,2938,476],"class_list":{"0":"post-41536","1":"product","2":"type-product","3":"status-publish","4":"has-post-thumbnail","6":"product_brand-gasia","7":"product_brand-gasia-casuals","8":"product_cat-kolye","9":"product_tag-apple-necklace","10":"product_tag-beyaz-altin-kolye","11":"product_tag-designer-necklace","12":"product_tag-diamond-necklace","13":"product_tag-elegant-jewelry","14":"product_tag-elma-kolye","15":"product_tag-gemstone-necklace","16":"product_tag-gift-jewelry","17":"product_tag-hediye-kolye","18":"product_tag-kadin-kolye","19":"product_tag-luxury-necklace","20":"product_tag-modern-kolye","21":"product_tag-modern-necklace","22":"product_tag-necklace-for-women","23":"product_tag-pirlanta-kolye","24":"product_tag-sik-kolye","25":"product_tag-tasarim-kolye","26":"product_tag-tasli-kolye","27":"product_tag-white-gold-necklace","28":"product_tag-zarif-kolye","29":"pa_cinsiyet-kadin","31":"first","32":"instock","33":"sale","34":"shipping-taxable","35":"purchasable","36":"product-type-simple"},"_links":{"self":[{"href":"https:\/\/www.gasia.com.tr\/en\/wp-json\/wp\/v2\/product\/41536","targetHints":{"allow":["GET"]}}],"collection":[{"href":"https:\/\/www.gasia.com.tr\/en\/wp-json\/wp\/v2\/product"}],"about":[{"href":"https:\/\/www.gasia.com.tr\/en\/wp-json\/wp\/v2\/types\/product"}],"replies":[{"embeddable":true,"href":"https:\/\/www.gasia.com.tr\/en\/wp-json\/wp\/v2\/comments?post=41536"}],"version-history":[{"count":2,"href":"https:\/\/www.gasia.com.tr\/en\/wp-json\/wp\/v2\/product\/41536\/revisions"}],"predecessor-version":[{"id":41572,"href":"https:\/\/www.gasia.com.tr\/en\/wp-json\/wp\/v2\/product\/41536\/revisions\/41572"}],"wp:featuredmedia":[{"embeddable":true,"href":"https:\/\/www.gasia.com.tr\/en\/wp-json\/wp\/v2\/media\/41537"}],"wp:attachment":[{"href":"https:\/\/www.gasia.com.tr\/en\/wp-json\/wp\/v2\/media?parent=41536"}],"wp:term":[{"taxonomy":"product_brand","embeddable":true,"href":"https:\/\/www.gasia.com.tr\/en\/wp-json\/wp\/v2\/product_brand?post=41536"},{"taxonomy":"product_cat","embeddable":true,"href":"https:\/\/www.gasia.com.tr\/en\/wp-json\/wp\/v2\/product_cat?post=41536"},{"taxonomy":"product_tag","embeddable":true,"href":"https:\/\/www.gasia.com.tr\/en\/wp-json\/wp\/v2\/product_tag?post=41536"}],"curies":[{"name":"wp","href":"https:\/\/api.w.org\/{rel}","templated":true}]}}