{"id":41540,"date":"2026-01-04T00:00:00","date_gmt":"2026-01-03T21:00:00","guid":{"rendered":"https:\/\/www.gasia.com.tr\/?post_type=product&#038;p=41540"},"modified":"2026-04-10T13:23:27","modified_gmt":"2026-04-10T10:23:27","slug":"pirlanta-detayli-turkuaz-tasli-altin-kolye","status":"publish","type":"product","link":"https:\/\/www.gasia.com.tr\/en\/collections\/pirlanta-detayli-turkuaz-tasli-altin-kolye\/","title":{"rendered":"P\u0131rlanta Detayl\u0131 Turkuaz Ta\u015fl\u0131 Alt\u0131n Kolye"},"content":{"rendered":"<p>Canl\u0131 turkuaz ta\u015f\u0131yla dikkat \u00e7eken bu zarif kolye, sade formu ve ince p\u0131rlanta \u00e7er\u00e7evesiyle dengeli bir \u015f\u0131kl\u0131k sunar. Oval kesim turkuaz ta\u015f, parlak alt\u0131n zincir ile birle\u015ferek g\u00fc\u00e7l\u00fc ama abart\u0131s\u0131z bir g\u00f6r\u00fcn\u00fcm olu\u015fturur. G\u00fcnl\u00fck kullan\u0131mda stilinizi tamamlayan, \u00f6zel anlarda ise zarif bir dokunu\u015f sa\u011flayan bu tasar\u0131m, renkli ta\u015f sevenler i\u00e7in ideal bir se\u00e7enektir.<\/p>","protected":false},"excerpt":{"rendered":"<ul>\n<li>18 Ayar Alt\u0131n<\/li>\n<li>0,14 ct P\u0131rlanta<\/li>\n<li>2,9 ct Do\u011fal Arizona Firuze<\/li>\n<li>42 cm Uzunluk<\/li>\n<\/ul>","protected":false},"featured_media":41541,"comment_status":"open","ping_status":"closed","template":"","meta":[],"product_brand":[2718],"product_cat":[75],"product_tag":[278,3138,1605,1637,1641,322,1640,473,3092,2929,1635,472,2640,1674,1095,476],"class_list":{"0":"post-41540","1":"product","2":"type-product","3":"status-publish","4":"has-post-thumbnail","6":"product_brand-gasia-casuals","7":"product_cat-kolye","8":"product_tag-altin-kolye","9":"product_tag-colored-stone-jewelry","10":"product_tag-diamond-detail-necklace","11":"product_tag-elegant-necklace","12":"product_tag-gift-necklace","13":"product_tag-gold-necklace","14":"product_tag-hediye-kolye","15":"product_tag-kadin-kolye","16":"product_tag-necklace-for-women","17":"product_tag-oval-gemstone-necklace","18":"product_tag-oval-tas-kolye","19":"product_tag-pirlanta-detayli-kolye","20":"product_tag-renkli-tas-kolye","21":"product_tag-turkuaz-kolye","22":"product_tag-turquoise-necklace","23":"product_tag-zarif-kolye","24":"pa_cinsiyet-kadin","26":"first","27":"instock","28":"shipping-taxable","29":"purchasable","30":"product-type-simple"},"_links":{"self":[{"href":"https:\/\/www.gasia.com.tr\/en\/wp-json\/wp\/v2\/product\/41540","targetHints":{"allow":["GET"]}}],"collection":[{"href":"https:\/\/www.gasia.com.tr\/en\/wp-json\/wp\/v2\/product"}],"about":[{"href":"https:\/\/www.gasia.com.tr\/en\/wp-json\/wp\/v2\/types\/product"}],"replies":[{"embeddable":true,"href":"https:\/\/www.gasia.com.tr\/en\/wp-json\/wp\/v2\/comments?post=41540"}],"version-history":[{"count":2,"href":"https:\/\/www.gasia.com.tr\/en\/wp-json\/wp\/v2\/product\/41540\/revisions"}],"predecessor-version":[{"id":41566,"href":"https:\/\/www.gasia.com.tr\/en\/wp-json\/wp\/v2\/product\/41540\/revisions\/41566"}],"wp:featuredmedia":[{"embeddable":true,"href":"https:\/\/www.gasia.com.tr\/en\/wp-json\/wp\/v2\/media\/41541"}],"wp:attachment":[{"href":"https:\/\/www.gasia.com.tr\/en\/wp-json\/wp\/v2\/media?parent=41540"}],"wp:term":[{"taxonomy":"product_brand","embeddable":true,"href":"https:\/\/www.gasia.com.tr\/en\/wp-json\/wp\/v2\/product_brand?post=41540"},{"taxonomy":"product_cat","embeddable":true,"href":"https:\/\/www.gasia.com.tr\/en\/wp-json\/wp\/v2\/product_cat?post=41540"},{"taxonomy":"product_tag","embeddable":true,"href":"https:\/\/www.gasia.com.tr\/en\/wp-json\/wp\/v2\/product_tag?post=41540"}],"curies":[{"name":"wp","href":"https:\/\/api.w.org\/{rel}","templated":true}]}}