{"id":41551,"date":"2026-04-07T22:51:01","date_gmt":"2026-04-07T19:51:01","guid":{"rendered":"https:\/\/www.gasia.com.tr\/?post_type=product&#038;p=41551"},"modified":"2026-04-16T21:53:58","modified_gmt":"2026-04-16T18:53:58","slug":"nazar-goz-motifli-yakut-ve-pirlanta-detayli-altin-gumus-yuzuk","status":"publish","type":"product","link":"https:\/\/www.gasia.com.tr\/en\/collections\/nazar-goz-motifli-yakut-ve-pirlanta-detayli-altin-gumus-yuzuk\/","title":{"rendered":"Nazar G\u00f6z Motifli Yakut ve P\u0131rlanta Detayl\u0131 Alt\u0131n G\u00fcm\u00fc\u015f Y\u00fcz\u00fck"},"content":{"rendered":"<p data-start=\"123\" data-end=\"541\">Katmanl\u0131 nazar g\u00f6z formuyla tasarlanan bu y\u00fcz\u00fck, mavi tonlar\u0131n merkezdeki koyu ta\u015f ile olu\u015fturdu\u011fu g\u00fc\u00e7l\u00fc kontrast sayesinde dikkat \u00e7eker. \u00dcst y\u00fczeyde yer alan renkli ta\u015f detaylar\u0131 ve \u00e7evresini saran ince i\u015f\u00e7ilik, tasar\u0131ma derinlik kazand\u0131r\u0131r. Yan y\u00fczeydeki sembolik motif ve p\u0131rlanta dokunu\u015flar, par\u00e7aya karakterli bir g\u00f6r\u00fcn\u00fcm ekler. Alt\u0131n ve okside g\u00fcm\u00fc\u015f birlikteli\u011fi, y\u00fcz\u00fc\u011fe dengeli ve \u00e7arp\u0131c\u0131 bir stil kazand\u0131r\u0131r.<\/p>","protected":false},"excerpt":{"rendered":"<ul>\n<li>24 Ayar Alt\u0131n<\/li>\n<li>925 Ayar G\u00fcm\u00fc\u015f<\/li>\n<li>0,05 ct P\u0131rlanta<\/li>\n<li>0,19 ct Siyah P\u0131rlanta<\/li>\n<li>1,06 ct Yakut<\/li>\n<\/ul>","protected":false},"featured_media":41554,"comment_status":"open","ping_status":"closed","template":"","meta":[],"product_brand":[77,2957],"product_cat":[264,76,257],"product_tag":[3141,565,650,712,3142,520,2840,1146,2164,450,340,2161],"class_list":{"0":"post-41551","1":"product","2":"type-product","3":"status-publish","4":"has-post-thumbnail","6":"product_brand-gasia","7":"product_brand-gasia-for-man","8":"product_cat-gasia-1974-koleksiyonu","9":"product_cat-yuzuk-modelleri","10":"product_cat-yuzukler","11":"product_tag-altin-gumus-yuzuk","12":"product_tag-designer-ring","13":"product_tag-diamond-detail-ring","14":"product_tag-evil-eye-ring","15":"product_tag-gold-silver-ring","16":"product_tag-kadin-yuzuk","17":"product_tag-nazar-yuzuk","18":"product_tag-pirlanta-detayli-yuzuk","19":"product_tag-ruby-ring","20":"product_tag-statement-ring","21":"product_tag-tasarim-yuzuk","22":"product_tag-yakut-yuzuk","23":"pa_cinsiyet-erkek","24":"pa_cinsiyet-kadin","26":"first","27":"instock","28":"sale","29":"shipping-taxable","30":"purchasable","31":"product-type-simple"},"_links":{"self":[{"href":"https:\/\/www.gasia.com.tr\/en\/wp-json\/wp\/v2\/product\/41551","targetHints":{"allow":["GET"]}}],"collection":[{"href":"https:\/\/www.gasia.com.tr\/en\/wp-json\/wp\/v2\/product"}],"about":[{"href":"https:\/\/www.gasia.com.tr\/en\/wp-json\/wp\/v2\/types\/product"}],"replies":[{"embeddable":true,"href":"https:\/\/www.gasia.com.tr\/en\/wp-json\/wp\/v2\/comments?post=41551"}],"version-history":[{"count":2,"href":"https:\/\/www.gasia.com.tr\/en\/wp-json\/wp\/v2\/product\/41551\/revisions"}],"predecessor-version":[{"id":41562,"href":"https:\/\/www.gasia.com.tr\/en\/wp-json\/wp\/v2\/product\/41551\/revisions\/41562"}],"wp:featuredmedia":[{"embeddable":true,"href":"https:\/\/www.gasia.com.tr\/en\/wp-json\/wp\/v2\/media\/41554"}],"wp:attachment":[{"href":"https:\/\/www.gasia.com.tr\/en\/wp-json\/wp\/v2\/media?parent=41551"}],"wp:term":[{"taxonomy":"product_brand","embeddable":true,"href":"https:\/\/www.gasia.com.tr\/en\/wp-json\/wp\/v2\/product_brand?post=41551"},{"taxonomy":"product_cat","embeddable":true,"href":"https:\/\/www.gasia.com.tr\/en\/wp-json\/wp\/v2\/product_cat?post=41551"},{"taxonomy":"product_tag","embeddable":true,"href":"https:\/\/www.gasia.com.tr\/en\/wp-json\/wp\/v2\/product_tag?post=41551"}],"curies":[{"name":"wp","href":"https:\/\/api.w.org\/{rel}","templated":true}]}}