{"id":41556,"date":"2026-04-07T22:56:42","date_gmt":"2026-04-07T19:56:42","guid":{"rendered":"https:\/\/www.gasia.com.tr\/?post_type=product&#038;p=41556"},"modified":"2026-04-16T21:54:41","modified_gmt":"2026-04-16T18:54:41","slug":"nazar-boncuklu-yesil-turmalin-pirlanta-detayli-balik-form-kolye","status":"publish","type":"product","link":"https:\/\/www.gasia.com.tr\/en\/collections\/nazar-boncuklu-yesil-turmalin-pirlanta-detayli-balik-form-kolye\/","title":{"rendered":"Nazar Boncuklu Ye\u015fil Turmalin P\u0131rlanta Detayl\u0131 Bal\u0131k Form Kolye"},"content":{"rendered":"<p data-start=\"125\" data-end=\"566\">Bal\u0131k formundan ilham alan bu tasar\u0131m, hareketli ve dikkat \u00e7ekici yap\u0131s\u0131yla \u00f6ne \u00e7\u0131kar. \u00dcst b\u00f6l\u00fcmde yer alan ye\u015fil turmalin ta\u015f \u00fczerine yerle\u015ftirilen nazar detay\u0131, kolyeye anlam katarken \u00e7evresini saran p\u0131rlantalar \u0131\u015f\u0131\u011f\u0131 zarif bir \u015fekilde yans\u0131t\u0131r. Okside g\u00fcm\u00fc\u015ften olu\u015fan bal\u0131k k\u0131l\u00e7\u0131\u011f\u0131 formu ve alt\u0131n detayl\u0131 kuyruk k\u0131sm\u0131, tasar\u0131ma modern bir kontrast kazand\u0131r\u0131r. Farkl\u0131 ve karakterli tak\u0131lar arayanlar i\u00e7in g\u00fc\u00e7l\u00fc bir stil tamamlay\u0131c\u0131s\u0131d\u0131r.<\/p>","protected":false},"excerpt":{"rendered":"<ul>\n<li>14 Ayar Alt\u0131n<\/li>\n<li>925 Ayar Okside G\u00fcm\u00fc\u015f<\/li>\n<li>0,369 ct P\u0131rlanta<\/li>\n<li>1,67 ct Ye\u015fil Turmalin<\/li>\n<\/ul>","protected":false},"featured_media":41557,"comment_status":"open","ping_status":"closed","template":"","meta":[],"product_brand":[],"product_cat":[269,75],"product_tag":[3118,1756,470,633,1605,1623,3120,726,1755,3145,811,3119,3144,2140,473,1511,280,472,2396,489,274,3143],"class_list":{"0":"post-41556","1":"product","2":"type-product","3":"status-publish","4":"has-post-thumbnail","6":"product_cat-gem-world-degerli-tasli-mucevher","7":"product_cat-kolye","8":"product_tag-altin-gumus-kolye","9":"product_tag-balik-kilcigi-kolye","10":"product_tag-balik-kolye","11":"product_tag-designer-necklace","12":"product_tag-diamond-detail-necklace","13":"product_tag-dogal-tas-kolye","14":"product_tag-el-isi-kolye","15":"product_tag-evil-eye-necklace","16":"product_tag-fish-necklace","17":"product_tag-fishbone-necklace","18":"product_tag-gemstone-necklace","19":"product_tag-gold-silver-necklace","20":"product_tag-green-tourmaline-necklace","21":"product_tag-handmade-necklace","22":"product_tag-kadin-kolye","23":"product_tag-koruyucu-kolye","24":"product_tag-nazar-kolye","25":"product_tag-pirlanta-detayli-kolye","26":"product_tag-protection-jewelry","27":"product_tag-statement-necklace","28":"product_tag-tasarim-kolye","29":"product_tag-yesil-turmalin-kolye","30":"pa_cinsiyet-kadin","32":"first","33":"instock","34":"sale","35":"shipping-taxable","36":"purchasable","37":"product-type-simple"},"_links":{"self":[{"href":"https:\/\/www.gasia.com.tr\/en\/wp-json\/wp\/v2\/product\/41556","targetHints":{"allow":["GET"]}}],"collection":[{"href":"https:\/\/www.gasia.com.tr\/en\/wp-json\/wp\/v2\/product"}],"about":[{"href":"https:\/\/www.gasia.com.tr\/en\/wp-json\/wp\/v2\/types\/product"}],"replies":[{"embeddable":true,"href":"https:\/\/www.gasia.com.tr\/en\/wp-json\/wp\/v2\/comments?post=41556"}],"version-history":[{"count":4,"href":"https:\/\/www.gasia.com.tr\/en\/wp-json\/wp\/v2\/product\/41556\/revisions"}],"predecessor-version":[{"id":41968,"href":"https:\/\/www.gasia.com.tr\/en\/wp-json\/wp\/v2\/product\/41556\/revisions\/41968"}],"wp:featuredmedia":[{"embeddable":true,"href":"https:\/\/www.gasia.com.tr\/en\/wp-json\/wp\/v2\/media\/41557"}],"wp:attachment":[{"href":"https:\/\/www.gasia.com.tr\/en\/wp-json\/wp\/v2\/media?parent=41556"}],"wp:term":[{"taxonomy":"product_brand","embeddable":true,"href":"https:\/\/www.gasia.com.tr\/en\/wp-json\/wp\/v2\/product_brand?post=41556"},{"taxonomy":"product_cat","embeddable":true,"href":"https:\/\/www.gasia.com.tr\/en\/wp-json\/wp\/v2\/product_cat?post=41556"},{"taxonomy":"product_tag","embeddable":true,"href":"https:\/\/www.gasia.com.tr\/en\/wp-json\/wp\/v2\/product_tag?post=41556"}],"curies":[{"name":"wp","href":"https:\/\/api.w.org\/{rel}","templated":true}]}}