{"id":41573,"date":"2026-01-11T23:35:54","date_gmt":"2026-01-11T20:35:54","guid":{"rendered":"https:\/\/www.gasia.com.tr\/?post_type=product&#038;p=41573"},"modified":"2026-04-10T13:17:56","modified_gmt":"2026-04-10T10:17:56","slug":"altin-nazar-boncuk-kolye","status":"publish","type":"product","link":"https:\/\/www.gasia.com.tr\/en\/collections\/altin-nazar-boncuk-kolye\/","title":{"rendered":"Alt\u0131n Nazar Boncuk Kolye"},"content":{"rendered":"<p>Alt\u0131n zemin \u00fczerine yerle\u015ftirilmi\u015f nazar boncu\u011fu motifi, bu kolyeye hem anlam hem de g\u00fc\u00e7l\u00fc bir estetik kazand\u0131r\u0131r. Merkezdeki mozaik detayl\u0131 g\u00f6z formu, \u00e7evresini saran ince p\u0131rlanta \u00e7er\u00e7eve ile tamamlanarak dikkat \u00e7ekici bir kontrast olu\u015fturur. Geleneksel sembolizmi modern tasar\u0131m anlay\u0131\u015f\u0131yla bulu\u015fturan bu par\u00e7a, g\u00fcnl\u00fck kullan\u0131mda stil sahibi bir dokunu\u015f sunarken, ayn\u0131 zamanda anlaml\u0131 bir hediye alternatifi olarak \u00f6ne \u00e7\u0131kar.<\/p>","protected":false},"excerpt":{"rendered":"<ul>\n<li>18 Ayar Alt\u0131n<\/li>\n<li>0,19 ct 85 Adet P\u0131rlanta<\/li>\n<li>45 cm Uzunlu\u011funda Zincir<\/li>\n<\/ul>","protected":false},"featured_media":41576,"comment_status":"open","ping_status":"closed","template":"","meta":[],"product_brand":[2718,2719],"product_cat":[75,198],"product_tag":[278,294,726,2717,322,473,1511,1675,3147,3146,1758,280,276,729,284,2943,2679,1632],"class_list":{"0":"post-41573","1":"product","2":"type-product","3":"status-publish","4":"has-post-thumbnail","6":"product_brand-gasia-casuals","7":"product_brand-gasia-protect","8":"product_cat-kolye","9":"product_cat-eye-collection","10":"product_tag-altin-kolye","11":"product_tag-diamond-necklace","12":"product_tag-evil-eye-necklace","13":"product_tag-evil-eye-pendant","14":"product_tag-gold-necklace","15":"product_tag-kadin-kolye","16":"product_tag-koruyucu-kolye","17":"product_tag-lucky-necklace","18":"product_tag-mosaic-necklace","19":"product_tag-mozaik-kolye","20":"product_tag-nazar-boncuk-kolye","21":"product_tag-nazar-kolye","22":"product_tag-pirlanta-kolye","23":"product_tag-protection-necklace","24":"product_tag-sans-kolyesi","25":"product_tag-sembolik-taki","26":"product_tag-symbolic-jewelry","27":"product_tag-women-necklace","28":"pa_cinsiyet-kadin","30":"first","31":"instock","32":"shipping-taxable","33":"purchasable","34":"product-type-simple"},"_links":{"self":[{"href":"https:\/\/www.gasia.com.tr\/en\/wp-json\/wp\/v2\/product\/41573","targetHints":{"allow":["GET"]}}],"collection":[{"href":"https:\/\/www.gasia.com.tr\/en\/wp-json\/wp\/v2\/product"}],"about":[{"href":"https:\/\/www.gasia.com.tr\/en\/wp-json\/wp\/v2\/types\/product"}],"replies":[{"embeddable":true,"href":"https:\/\/www.gasia.com.tr\/en\/wp-json\/wp\/v2\/comments?post=41573"}],"version-history":[{"count":1,"href":"https:\/\/www.gasia.com.tr\/en\/wp-json\/wp\/v2\/product\/41573\/revisions"}],"predecessor-version":[{"id":41575,"href":"https:\/\/www.gasia.com.tr\/en\/wp-json\/wp\/v2\/product\/41573\/revisions\/41575"}],"wp:featuredmedia":[{"embeddable":true,"href":"https:\/\/www.gasia.com.tr\/en\/wp-json\/wp\/v2\/media\/41576"}],"wp:attachment":[{"href":"https:\/\/www.gasia.com.tr\/en\/wp-json\/wp\/v2\/media?parent=41573"}],"wp:term":[{"taxonomy":"product_brand","embeddable":true,"href":"https:\/\/www.gasia.com.tr\/en\/wp-json\/wp\/v2\/product_brand?post=41573"},{"taxonomy":"product_cat","embeddable":true,"href":"https:\/\/www.gasia.com.tr\/en\/wp-json\/wp\/v2\/product_cat?post=41573"},{"taxonomy":"product_tag","embeddable":true,"href":"https:\/\/www.gasia.com.tr\/en\/wp-json\/wp\/v2\/product_tag?post=41573"}],"curies":[{"name":"wp","href":"https:\/\/api.w.org\/{rel}","templated":true}]}}