{"id":41578,"date":"2026-01-11T14:50:07","date_gmt":"2026-01-11T11:50:07","guid":{"rendered":"https:\/\/www.gasia.com.tr\/?post_type=product&#038;p=41578"},"modified":"2026-04-11T11:52:09","modified_gmt":"2026-04-11T08:52:09","slug":"nazar-mozai%cc%87k-altin-kolye","status":"publish","type":"product","link":"https:\/\/www.gasia.com.tr\/en\/collections\/nazar-mozai%cc%87k-altin-kolye\/","title":{"rendered":"Nazar Mozai\u0307k Alt\u0131n Kolye"},"content":{"rendered":"<p>El i\u015f\u00e7ili\u011fi hissi veren mozaik nazar motifi, bu kolyeye g\u00fc\u00e7l\u00fc ve karakteristik bir g\u00f6r\u00fcn\u00fcm kazand\u0131r\u0131r. Alt\u0131n zemin \u00fczerindeki canl\u0131 mavi tonlar, etraf\u0131n\u0131 saran okside detayl\u0131 \u00e7er\u00e7eve ve ta\u015f s\u00fcslemelerle kontrast olu\u015fturarak tasar\u0131m\u0131 \u00f6ne \u00e7\u0131kar\u0131r. Geleneksel nazar sembol\u00fcn\u00fc modern ve artisanal bir yorumla sunan bu par\u00e7a, hem stil sahibi hem de anlam y\u00fckl\u00fc bir aksesuard\u0131r.<\/p>","protected":false},"excerpt":{"rendered":"<ul>\n<li>14 Ayar Alt\u0131n<\/li>\n<li>925 Ayar Okside G\u00fcm\u00fc\u015f<\/li>\n<li>0,24 ct 12 adet P\u0131rlanta<\/li>\n<li>4 cm Uznlu\u011funda Zincir<\/li>\n<\/ul>","protected":false},"featured_media":41579,"comment_status":"open","ping_status":"closed","template":"","meta":[],"product_brand":[2718,2719],"product_cat":[75,198],"product_tag":[278,2558,2559,1367,2116,2110,726,322,3148,473,1511,3147,3146,280,1365,490,729,1632],"class_list":{"0":"post-41578","1":"product","2":"type-product","3":"status-publish","4":"has-post-thumbnail","6":"product_brand-gasia-casuals","7":"product_brand-gasia-protect","8":"product_cat-kolye","9":"product_cat-eye-collection","10":"product_tag-altin-kolye","11":"product_tag-bohem-taki","12":"product_tag-bohemian-jewelry","13":"product_tag-el-isciligi-kolye","14":"product_tag-ethnic-necklace","15":"product_tag-etnik-kolye","16":"product_tag-evil-eye-necklace","17":"product_tag-gold-necklace","18":"product_tag-handcrafted-necklace","19":"product_tag-kadin-kolye","20":"product_tag-koruyucu-kolye","21":"product_tag-mosaic-necklace","22":"product_tag-mozaik-kolye","23":"product_tag-nazar-kolye","24":"product_tag-okside-gumus-kolye","25":"product_tag-oxidized-silver-necklace","26":"product_tag-protection-necklace","27":"product_tag-women-necklace","28":"pa_cinsiyet-kadin","30":"first","31":"instock","32":"shipping-taxable","33":"purchasable","34":"product-type-simple"},"_links":{"self":[{"href":"https:\/\/www.gasia.com.tr\/en\/wp-json\/wp\/v2\/product\/41578","targetHints":{"allow":["GET"]}}],"collection":[{"href":"https:\/\/www.gasia.com.tr\/en\/wp-json\/wp\/v2\/product"}],"about":[{"href":"https:\/\/www.gasia.com.tr\/en\/wp-json\/wp\/v2\/types\/product"}],"replies":[{"embeddable":true,"href":"https:\/\/www.gasia.com.tr\/en\/wp-json\/wp\/v2\/comments?post=41578"}],"version-history":[{"count":1,"href":"https:\/\/www.gasia.com.tr\/en\/wp-json\/wp\/v2\/product\/41578\/revisions"}],"predecessor-version":[{"id":41580,"href":"https:\/\/www.gasia.com.tr\/en\/wp-json\/wp\/v2\/product\/41578\/revisions\/41580"}],"wp:featuredmedia":[{"embeddable":true,"href":"https:\/\/www.gasia.com.tr\/en\/wp-json\/wp\/v2\/media\/41579"}],"wp:attachment":[{"href":"https:\/\/www.gasia.com.tr\/en\/wp-json\/wp\/v2\/media?parent=41578"}],"wp:term":[{"taxonomy":"product_brand","embeddable":true,"href":"https:\/\/www.gasia.com.tr\/en\/wp-json\/wp\/v2\/product_brand?post=41578"},{"taxonomy":"product_cat","embeddable":true,"href":"https:\/\/www.gasia.com.tr\/en\/wp-json\/wp\/v2\/product_cat?post=41578"},{"taxonomy":"product_tag","embeddable":true,"href":"https:\/\/www.gasia.com.tr\/en\/wp-json\/wp\/v2\/product_tag?post=41578"}],"curies":[{"name":"wp","href":"https:\/\/api.w.org\/{rel}","templated":true}]}}