{"id":41586,"date":"2026-01-04T00:00:00","date_gmt":"2026-01-03T21:00:00","guid":{"rendered":"https:\/\/www.gasia.com.tr\/?post_type=product&#038;p=41586"},"modified":"2026-04-10T13:23:27","modified_gmt":"2026-04-10T10:23:27","slug":"morganit-tasli-altin-kolye","status":"publish","type":"product","link":"https:\/\/www.gasia.com.tr\/en\/collections\/morganit-tasli-altin-kolye\/","title":{"rendered":"Morganit Ta\u015fl\u0131 Alt\u0131n Kolye"},"content":{"rendered":"<p data-start=\"88\" data-end=\"429\">Yumu\u015fak pembe tonlar\u0131yla \u00f6ne \u00e7\u0131kan morganit ta\u015f\u0131, sade alt\u0131n mont\u00fcrle bir araya gelerek dengeli ve dikkat \u00e7ekici bir g\u00f6r\u00fcn\u00fcm sunar. Oval kesimi sayesinde \u0131\u015f\u0131\u011f\u0131 farkl\u0131 a\u00e7\u0131lardan yans\u0131tarak ta\u015f\u0131n do\u011fal \u0131\u015f\u0131lt\u0131s\u0131n\u0131 ortaya \u00e7\u0131kar\u0131r. Tek ba\u015f\u0131na g\u00fc\u00e7l\u00fc bir etki yaratan bu kolye, hem g\u00fcnl\u00fck kullan\u0131mda hem \u00f6zel anlarda rahatl\u0131kla tercih edilebilir.<\/p>","protected":false},"excerpt":{"rendered":"<ul>\n<li>14 Ayar Alt\u0131n<\/li>\n<li>6,59 ct Mozambik Morganit<\/li>\n<li>42 cm Uzunluk<\/li>\n<\/ul>","protected":false},"featured_media":41587,"comment_status":"open","ping_status":"closed","template":"","meta":[],"product_brand":[2718],"product_cat":[269,75],"product_tag":[278,475,1637,1180,1641,322,1640,473,273,323,3149,3150,2836,1636,3101,3102,3152,3151,1632,476],"class_list":{"0":"post-41586","1":"product","2":"type-product","3":"status-publish","4":"has-post-thumbnail","6":"product_brand-gasia-casuals","7":"product_cat-gem-world-degerli-tasli-mucevher","8":"product_cat-kolye","9":"product_tag-altin-kolye","10":"product_tag-degerli-tas-kolye","11":"product_tag-elegant-necklace","12":"product_tag-fine-jewelry-necklace","13":"product_tag-gift-necklace","14":"product_tag-gold-necklace","15":"product_tag-hediye-kolye","16":"product_tag-kadin-kolye","17":"product_tag-minimal-kolye","18":"product_tag-minimal-necklace","19":"product_tag-morganit-kolye","20":"product_tag-morganite-necklace","21":"product_tag-oval-kolye","22":"product_tag-oval-pendant-necklace","23":"product_tag-pembe-tas-kolye","24":"product_tag-pink-gemstone-necklace","25":"product_tag-solitaire-necklace","26":"product_tag-tek-tas-kolye","27":"product_tag-women-necklace","28":"product_tag-zarif-kolye","29":"pa_cinsiyet-kadin","31":"first","32":"instock","33":"shipping-taxable","34":"purchasable","35":"product-type-simple"},"_links":{"self":[{"href":"https:\/\/www.gasia.com.tr\/en\/wp-json\/wp\/v2\/product\/41586","targetHints":{"allow":["GET"]}}],"collection":[{"href":"https:\/\/www.gasia.com.tr\/en\/wp-json\/wp\/v2\/product"}],"about":[{"href":"https:\/\/www.gasia.com.tr\/en\/wp-json\/wp\/v2\/types\/product"}],"replies":[{"embeddable":true,"href":"https:\/\/www.gasia.com.tr\/en\/wp-json\/wp\/v2\/comments?post=41586"}],"version-history":[{"count":2,"href":"https:\/\/www.gasia.com.tr\/en\/wp-json\/wp\/v2\/product\/41586\/revisions"}],"predecessor-version":[{"id":41589,"href":"https:\/\/www.gasia.com.tr\/en\/wp-json\/wp\/v2\/product\/41586\/revisions\/41589"}],"wp:featuredmedia":[{"embeddable":true,"href":"https:\/\/www.gasia.com.tr\/en\/wp-json\/wp\/v2\/media\/41587"}],"wp:attachment":[{"href":"https:\/\/www.gasia.com.tr\/en\/wp-json\/wp\/v2\/media?parent=41586"}],"wp:term":[{"taxonomy":"product_brand","embeddable":true,"href":"https:\/\/www.gasia.com.tr\/en\/wp-json\/wp\/v2\/product_brand?post=41586"},{"taxonomy":"product_cat","embeddable":true,"href":"https:\/\/www.gasia.com.tr\/en\/wp-json\/wp\/v2\/product_cat?post=41586"},{"taxonomy":"product_tag","embeddable":true,"href":"https:\/\/www.gasia.com.tr\/en\/wp-json\/wp\/v2\/product_tag?post=41586"}],"curies":[{"name":"wp","href":"https:\/\/api.w.org\/{rel}","templated":true}]}}