{"id":41590,"date":"2026-01-04T00:00:00","date_gmt":"2026-01-03T21:00:00","guid":{"rendered":"https:\/\/www.gasia.com.tr\/?post_type=product&#038;p=41590"},"modified":"2026-04-21T14:39:17","modified_gmt":"2026-04-21T11:39:17","slug":"mavi-topaz-pirlanta-cerceveli-yuvarlak-kolye","status":"publish","type":"product","link":"https:\/\/www.gasia.com.tr\/en\/collections\/mavi-topaz-pirlanta-cerceveli-yuvarlak-kolye\/","title":{"rendered":"Mavi Topaz P\u0131rlanta \u00c7er\u00e7eveli Yuvarlak Kolye"},"content":{"rendered":"<p>Canl\u0131 mavi topaz ta\u015f\u0131n \u0131\u015f\u0131kla birlikte parlayan y\u00fczeyi, etraf\u0131n\u0131 saran p\u0131rlanta detaylarla g\u00fc\u00e7l\u00fc bir kontrast olu\u015fturur. Yuvarlak formu sayesinde dengeli ve dikkat \u00e7ekici bir g\u00f6r\u00fcn\u00fcm sunan bu kolye, sade \u00e7izgilerle haz\u0131rlanm\u0131\u015f modern bir tasar\u0131m anlay\u0131\u015f\u0131n\u0131 yans\u0131t\u0131r. G\u00fcnl\u00fck kullan\u0131mdan \u00f6zel anlara kadar farkl\u0131 stillerle kolayca uyum sa\u011flar.<\/p>","protected":false},"excerpt":{"rendered":"<ul>\n<li>14 Ayar Alt\u0131n<\/li>\n<li>0,13 ct P\u0131rlanta<\/li>\n<li>3,37 ct Swiss Blue Topaz<\/li>\n<li>45 Cm Uzunluk<\/li>\n<\/ul>","protected":false},"featured_media":41591,"comment_status":"open","ping_status":"closed","template":"","meta":[],"product_brand":[2718],"product_cat":[269,247,75],"product_tag":[2353,3087,1430,1637,1996,811,1641,1995,1640,473,3086,273,323,2744,3153,329,2938,1632,2062,476],"class_list":{"0":"post-41590","1":"product","2":"type-product","3":"status-publish","4":"has-post-thumbnail","6":"product_brand-gasia-casuals","7":"product_cat-gem-world-degerli-tasli-mucevher","8":"product_cat-hediyelik","9":"product_cat-kolye","10":"product_tag-beyaz-altin-kolye","11":"product_tag-blue-topaz-necklace","12":"product_tag-diamond-halo-necklace","13":"product_tag-elegant-necklace","14":"product_tag-everyday-necklace","15":"product_tag-gemstone-necklace","16":"product_tag-gift-necklace","17":"product_tag-gunluk-kolye","18":"product_tag-hediye-kolye","19":"product_tag-kadin-kolye","20":"product_tag-mavi-topaz-kolye","21":"product_tag-minimal-kolye","22":"product_tag-minimal-necklace","23":"product_tag-pirlanta-cerceveli-kolye","24":"product_tag-round-pendant-necklace","25":"product_tag-tasli-kolye","26":"product_tag-white-gold-necklace","27":"product_tag-women-necklace","28":"product_tag-yuvarlak-kolye","29":"product_tag-zarif-kolye","30":"pa_cinsiyet-kadin","32":"first","33":"instock","34":"sale","35":"shipping-taxable","36":"purchasable","37":"product-type-simple"},"_links":{"self":[{"href":"https:\/\/www.gasia.com.tr\/en\/wp-json\/wp\/v2\/product\/41590","targetHints":{"allow":["GET"]}}],"collection":[{"href":"https:\/\/www.gasia.com.tr\/en\/wp-json\/wp\/v2\/product"}],"about":[{"href":"https:\/\/www.gasia.com.tr\/en\/wp-json\/wp\/v2\/types\/product"}],"replies":[{"embeddable":true,"href":"https:\/\/www.gasia.com.tr\/en\/wp-json\/wp\/v2\/comments?post=41590"}],"version-history":[{"count":1,"href":"https:\/\/www.gasia.com.tr\/en\/wp-json\/wp\/v2\/product\/41590\/revisions"}],"predecessor-version":[{"id":41592,"href":"https:\/\/www.gasia.com.tr\/en\/wp-json\/wp\/v2\/product\/41590\/revisions\/41592"}],"wp:featuredmedia":[{"embeddable":true,"href":"https:\/\/www.gasia.com.tr\/en\/wp-json\/wp\/v2\/media\/41591"}],"wp:attachment":[{"href":"https:\/\/www.gasia.com.tr\/en\/wp-json\/wp\/v2\/media?parent=41590"}],"wp:term":[{"taxonomy":"product_brand","embeddable":true,"href":"https:\/\/www.gasia.com.tr\/en\/wp-json\/wp\/v2\/product_brand?post=41590"},{"taxonomy":"product_cat","embeddable":true,"href":"https:\/\/www.gasia.com.tr\/en\/wp-json\/wp\/v2\/product_cat?post=41590"},{"taxonomy":"product_tag","embeddable":true,"href":"https:\/\/www.gasia.com.tr\/en\/wp-json\/wp\/v2\/product_tag?post=41590"}],"curies":[{"name":"wp","href":"https:\/\/api.w.org\/{rel}","templated":true}]}}