{"id":41593,"date":"2026-01-11T15:36:48","date_gmt":"2026-01-11T12:36:48","guid":{"rendered":"https:\/\/www.gasia.com.tr\/?post_type=product&#038;p=41593"},"modified":"2026-04-11T11:50:45","modified_gmt":"2026-04-11T08:50:45","slug":"nazar-boncuklu-pirlanta-cerceveli-kolye","status":"publish","type":"product","link":"https:\/\/www.gasia.com.tr\/en\/collections\/nazar-boncuklu-pirlanta-cerceveli-kolye\/","title":{"rendered":"Nazar Boncuklu P\u0131rlanta \u00c7er\u00e7eveli Kolye"},"content":{"rendered":"<p>Canl\u0131 mavi tonlar\u0131 ve merkezde yer alan nazar motifiyle dikkat \u00e7eken bu kolye, alt\u0131n zemin ve p\u0131rlanta detaylarla g\u00fc\u00e7l\u00fc bir g\u00f6r\u00fcn\u00fcm sunar. Yuvarlak formu sayesinde dengeli bir duru\u015f sergilerken, parlak y\u00fczeyi \u0131\u015f\u0131kla birlikte \u00f6ne \u00e7\u0131kar. G\u00fcnl\u00fck stilde tek ba\u015f\u0131na kullan\u0131labilece\u011fi gibi katmanl\u0131 kombinlerde de etkileyici bir tamamlay\u0131c\u0131d\u0131r.<\/p>","protected":false},"excerpt":{"rendered":"<ul>\n<li>18 Ayar Alt\u0131n<\/li>\n<li>0,19 ct P\u0131rlanta<\/li>\n<li>45 Cm Uzunlu\u011funda Zincir<\/li>\n<li><\/li>\n<\/ul>","protected":false},"featured_media":41594,"comment_status":"open","ping_status":"closed","template":"","meta":[],"product_brand":[2718,2719],"product_cat":[247,75,198],"product_tag":[278,1607,1430,726,2717,3074,1641,322,2673,1640,473,3154,1602,277,1993,1758,280,2744,2396,1632],"class_list":{"0":"post-41593","1":"product","2":"type-product","3":"status-publish","4":"has-post-thumbnail","6":"product_brand-gasia-casuals","7":"product_brand-gasia-protect","8":"product_cat-hediyelik","9":"product_cat-kolye","10":"product_cat-eye-collection","11":"product_tag-altin-kolye","12":"product_tag-blue-stone-necklace","13":"product_tag-diamond-halo-necklace","14":"product_tag-evil-eye-necklace","15":"product_tag-evil-eye-pendant","16":"product_tag-eye-pendant-necklace","17":"product_tag-gift-necklace","18":"product_tag-gold-necklace","19":"product_tag-goz-kolye","20":"product_tag-hediye-kolye","21":"product_tag-kadin-kolye","22":"product_tag-koruyucu-taki","23":"product_tag-mavi-tas-kolye","24":"product_tag-modern-kolye","25":"product_tag-modern-necklace","26":"product_tag-nazar-boncuk-kolye","27":"product_tag-nazar-kolye","28":"product_tag-pirlanta-cerceveli-kolye","29":"product_tag-protection-jewelry","30":"product_tag-women-necklace","31":"pa_cinsiyet-kadin","33":"first","34":"instock","35":"sale","36":"shipping-taxable","37":"purchasable","38":"product-type-simple"},"_links":{"self":[{"href":"https:\/\/www.gasia.com.tr\/en\/wp-json\/wp\/v2\/product\/41593","targetHints":{"allow":["GET"]}}],"collection":[{"href":"https:\/\/www.gasia.com.tr\/en\/wp-json\/wp\/v2\/product"}],"about":[{"href":"https:\/\/www.gasia.com.tr\/en\/wp-json\/wp\/v2\/types\/product"}],"replies":[{"embeddable":true,"href":"https:\/\/www.gasia.com.tr\/en\/wp-json\/wp\/v2\/comments?post=41593"}],"version-history":[{"count":2,"href":"https:\/\/www.gasia.com.tr\/en\/wp-json\/wp\/v2\/product\/41593\/revisions"}],"predecessor-version":[{"id":41596,"href":"https:\/\/www.gasia.com.tr\/en\/wp-json\/wp\/v2\/product\/41593\/revisions\/41596"}],"wp:featuredmedia":[{"embeddable":true,"href":"https:\/\/www.gasia.com.tr\/en\/wp-json\/wp\/v2\/media\/41594"}],"wp:attachment":[{"href":"https:\/\/www.gasia.com.tr\/en\/wp-json\/wp\/v2\/media?parent=41593"}],"wp:term":[{"taxonomy":"product_brand","embeddable":true,"href":"https:\/\/www.gasia.com.tr\/en\/wp-json\/wp\/v2\/product_brand?post=41593"},{"taxonomy":"product_cat","embeddable":true,"href":"https:\/\/www.gasia.com.tr\/en\/wp-json\/wp\/v2\/product_cat?post=41593"},{"taxonomy":"product_tag","embeddable":true,"href":"https:\/\/www.gasia.com.tr\/en\/wp-json\/wp\/v2\/product_tag?post=41593"}],"curies":[{"name":"wp","href":"https:\/\/api.w.org\/{rel}","templated":true}]}}