{"id":41598,"date":"2026-01-11T15:48:05","date_gmt":"2026-01-11T12:48:05","guid":{"rendered":"https:\/\/www.gasia.com.tr\/?post_type=product&#038;p=41598"},"modified":"2026-04-10T17:41:40","modified_gmt":"2026-04-10T14:41:40","slug":"safir-ve-sari-safir-damla-kolye","status":"publish","type":"product","link":"https:\/\/www.gasia.com.tr\/en\/collections\/safir-ve-sari-safir-damla-kolye\/","title":{"rendered":"Safir ve Sar\u0131 Safir Damla Kolye"},"content":{"rendered":"<p>Damla formundaki bu kolye, mavi safir ve sar\u0131 safir ta\u015flar\u0131n katmanl\u0131 dizilimiyle dikkat \u00e7eker. Merkezde yer alan ta\u015f\u0131n etraf\u0131ndaki p\u0131rlanta detaylar, tasar\u0131ma \u0131\u015f\u0131k ve hareket kazand\u0131r\u0131r. Alt\u0131n zemin \u00fczerinde kontrast olu\u015fturan renk ge\u00e7i\u015fleri, g\u00fc\u00e7l\u00fc ve dengeli bir g\u00f6r\u00fcn\u00fcm sunar. Hem tek ba\u015f\u0131na hem de farkl\u0131 par\u00e7alarla birlikte rahatl\u0131kla kullan\u0131labilir.<\/p>","protected":false},"excerpt":{"rendered":"<ul>\n<li>18 Ayar Alt\u0131n<\/li>\n<li>0,20ct P\u0131rlanta<\/li>\n<li>0,57ct Sar\u0131 Safir<\/li>\n<li>0,84ct Mavi Safir<\/li>\n<\/ul>","protected":false},"featured_media":41599,"comment_status":"open","ping_status":"closed","template":"","meta":[],"product_brand":[2718,2719],"product_cat":[247,75,198],"product_tag":[278,1824,1605,1637,811,1641,322,1640,473,3156,472,2640,1794,1795,2739,474,329,3155,1632,2742],"class_list":{"0":"post-41598","1":"product","2":"type-product","3":"status-publish","4":"has-post-thumbnail","6":"product_brand-gasia-casuals","7":"product_brand-gasia-protect","8":"product_cat-hediyelik","9":"product_cat-kolye","10":"product_cat-eye-collection","11":"product_tag-altin-kolye","12":"product_tag-damla-kolye","13":"product_tag-diamond-detail-necklace","14":"product_tag-elegant-necklace","15":"product_tag-gemstone-necklace","16":"product_tag-gift-necklace","17":"product_tag-gold-necklace","18":"product_tag-hediye-kolye","19":"product_tag-kadin-kolye","20":"product_tag-multicolor-gemstone-necklace","21":"product_tag-pirlanta-detayli-kolye","22":"product_tag-renkli-tas-kolye","23":"product_tag-safir-kolye","24":"product_tag-sapphire-necklace","25":"product_tag-sari-safir-kolye","26":"product_tag-sik-kolye","27":"product_tag-tasli-kolye","28":"product_tag-teardrop-pendant-necklace","29":"product_tag-women-necklace","30":"product_tag-yellow-sapphire-necklace","31":"pa_cinsiyet-kadin","33":"first","34":"instock","35":"shipping-taxable","36":"purchasable","37":"product-type-simple"},"_links":{"self":[{"href":"https:\/\/www.gasia.com.tr\/en\/wp-json\/wp\/v2\/product\/41598","targetHints":{"allow":["GET"]}}],"collection":[{"href":"https:\/\/www.gasia.com.tr\/en\/wp-json\/wp\/v2\/product"}],"about":[{"href":"https:\/\/www.gasia.com.tr\/en\/wp-json\/wp\/v2\/types\/product"}],"replies":[{"embeddable":true,"href":"https:\/\/www.gasia.com.tr\/en\/wp-json\/wp\/v2\/comments?post=41598"}],"version-history":[{"count":2,"href":"https:\/\/www.gasia.com.tr\/en\/wp-json\/wp\/v2\/product\/41598\/revisions"}],"predecessor-version":[{"id":41647,"href":"https:\/\/www.gasia.com.tr\/en\/wp-json\/wp\/v2\/product\/41598\/revisions\/41647"}],"wp:featuredmedia":[{"embeddable":true,"href":"https:\/\/www.gasia.com.tr\/en\/wp-json\/wp\/v2\/media\/41599"}],"wp:attachment":[{"href":"https:\/\/www.gasia.com.tr\/en\/wp-json\/wp\/v2\/media?parent=41598"}],"wp:term":[{"taxonomy":"product_brand","embeddable":true,"href":"https:\/\/www.gasia.com.tr\/en\/wp-json\/wp\/v2\/product_brand?post=41598"},{"taxonomy":"product_cat","embeddable":true,"href":"https:\/\/www.gasia.com.tr\/en\/wp-json\/wp\/v2\/product_cat?post=41598"},{"taxonomy":"product_tag","embeddable":true,"href":"https:\/\/www.gasia.com.tr\/en\/wp-json\/wp\/v2\/product_tag?post=41598"}],"curies":[{"name":"wp","href":"https:\/\/api.w.org\/{rel}","templated":true}]}}